{"id":7083,"date":"2025-12-01T21:14:05","date_gmt":"2025-12-02T02:14:05","guid":{"rendered":"https:\/\/observatorioarmenia.org\/site\/?page_id=7083"},"modified":"2025-12-01T21:14:06","modified_gmt":"2025-12-02T02:14:06","slug":"7-1-inventario-de-politica-publica","status":"publish","type":"page","link":"https:\/\/observatorioarmenia.org\/site\/7-1-inventario-de-politica-publica\/","title":{"rendered":"7.1 Inventario de Pol\u00edtica P\u00fablica"},"content":{"rendered":"\n<p>En esta secci\u00f3n encontrar\u00e1 un estado de las pol\u00edticas p\u00fablicas en desarrollo de la ciudad de Armenia. La primera columna corresponde al conteo de la pol\u00edtica, la segunda columna al n\u00famero, acuerdo, decreto o ley que la establece, la tercera columna contiene el nombre de la pol\u00edtica p\u00fablica, la cuarta columna el tema o poblaci\u00f3n de impacta, la quinta columna la denominaci\u00f3n con la que se identifica, la sexta columna la vigencia, la s\u00e9ptima el avance que ha tenido, la octava columna el enfoque principal, la novena los objetivos espec\u00edficos y la d\u00e9cima columna contiene el link en WEB donde se puede consultar.<\/p>\n\n\n\n<p class=\"has-text-align-left\">Matriz de Pol\u00edticas P\u00fablicas<\/p>\n\n\n\n<figure class=\"wp-block-table\"><table><tbody><tr><td><strong>Numeraci\u00f3n<\/strong><\/td><td><strong>Numero y\/o decreto\/ley<\/strong><\/td><td><strong>Nombre de la pol\u00edtica<\/strong><\/td><td><strong>Tema o poblaci\u00f3n<\/strong><\/td><td><strong>denominaci\u00f3n<\/strong><\/td><td><strong>Vigencia<\/strong><\/td><td><strong>Avance a 20024-2025<\/strong><strong><\/strong><\/td><td><strong>Enfoque principal<\/strong><\/td><td><strong>Objetivos espec\u00edficos de la pol\u00edtica<\/strong><\/td><td><strong>Ver pol\u00edtica<\/strong><\/td><\/tr><tr><td><strong>1<\/strong><\/td><td><strong>Ley 1622 de 2013<\/strong><\/td><td><strong>Pol\u00edtica p\u00fablica de juventud &#8220;j\u00f3venes construyendo ciudad&#8221; 2014-2024<\/strong><\/td><td><strong>Aprobado en consejo de pol\u00edtica social de armenia acta no 004, dic19-2013<\/strong><\/td><td><strong>&#8220;Armenia un para\u00edso prospero para ni\u00f1as, ni\u00f1os, adolescentes &#8220;<\/strong><\/td><td><strong>&nbsp;aline\u00e1ndose con la ley 1622 de 2013.(estatuto de ciudadan\u00eda juvenil).<\/strong><\/td><td><strong>Politica terminada<\/strong><strong><\/strong><\/td><td><strong>Incluye enfoque diferencial, en derechos humanos, desarrollo humano y seguridad humana.<\/strong><\/td><td><strong>1-objetivos espec\u00edficos incluye fortalecer estructuraras familiares y promover liderazgos juveniles,2- se establecen ejes estrat\u00e9gicos para fomentar la participaci\u00f3n y garantizar derechos.<\/strong><\/td><td><a href=\"http:\/\/www.armenia.gov.co\/wp-content\/uploads\/2023\/09\/Anexo_3_-_PP_Infancia.pdf\"><strong>http:\/\/www.armenia.gov.co\/wp-content\/uploads\/2023\/09\/Anexo_3_-_PP_Infancia.pdf<\/strong><\/a><strong><\/strong><\/td><\/tr><tr><td><strong>2<\/strong><\/td><td><strong>Decreto no 98 de 2022<\/strong><\/td><td><strong>Pol\u00edtica de salud mental y la pol\u00edtica integral para la prevenci\u00f3n y atenci\u00f3n del consumo de sustancias psicoactivas<\/strong>.<\/td><td><strong>Fortalecer la salud mental de los ciudadanos de armenia<\/strong><\/td><td><strong>Ciudadanos de la ciudad de armenia.<\/strong><\/td><td><strong>A\u00f1o 2022<\/strong><\/td><td><strong>El avance del primer semestre del 2025; esta conformado en : 1- entorno Institucional, en un proceso de 220 jovenes, adultos y adultos mayores; 2- entorno educativo, 4225 ni\u00f1os,ni\u00f1as,adolescentes y jovenes. 3-comunitario, 351 jovenes, adultos y adultos mayores; 4-educativo a padres, 22 padres y cuidadores;5- laboral , 31 docentes orientadores.<\/strong> <strong>&nbsp;<\/strong><\/td><td><strong>.&nbsp;La estrategia incluye la promoci\u00f3n de la salud mental, la prevenci\u00f3n del consumo y la atenci\u00f3n a las personas afectadas, con un enfoque en la salud p\u00fablica, derechos humanos y el trabajo intersectorial.<\/strong><\/td><td><strong>Objetivo 1- promover la salud mental, prevenir los da\u00f1os e intervenir en problemas y trastornos mentales, reconociendo los determinantes sociales que los afectan. 2. Objetivo : abordar de manera integral, articulada y continua el consumo y la prevenci\u00f3n de la vinculaci\u00f3n a la oferta de sustancias psicoactiva.<\/strong><\/td><td><a href=\"http:\/\/www.armenia.gov.co\/wp-content\/uploads\/2022\/04\/GACETA_MUNICIPAL_2654-_ABRIL_04_DE_20221.pdf\">http:\/\/www.armenia.gov.co\/wp-content\/uploads\/2022\/04\/GACETA_MUNICIPAL_2654-_ABRIL_04_DE_20221.pdf<\/a><\/td><\/tr><tr><td><strong>3<\/strong><\/td><td><strong>Acuerdo 223 del 6 de diciembre del 2021, y tiene vigencia proyectada para el 2021-2031<\/strong><\/td><td><strong>Pol\u00edtica p\u00fablica de libertad e igualdad religiosa 2021-2031.<\/strong><\/td><td><strong>Promover ejes l\u00edneas de acci\u00f3n y actividades que garantizan el ejercicio efectivo del derecho de libertad religiosa y de cultos en el territorio municipal.<\/strong><\/td><td><strong>Aplica a todas las personas por derecho de profesar libremente su religi\u00f3n y difundirla de manera individual o colectiva.<\/strong><\/td><td><strong>A\u00f1o 2021<\/strong><\/td><td><strong>&nbsp;Eje 1- fortalecimiento y promocion de la libertad religios, el avance esta sustentado en la socializacion y entrega de la politica en 40 instituciones educativas;al igual que en un 40% de las fuerzas armadas en Armenia. En tres universidades;se realizo el evento de la libertad religiosa en julio 4 en los a\u00f1os 2022-2023; se instruyo en politica a las comunidades negras y a 20 comunidades religiosas en Armenia., se creo la primera mesa municipal de libertad religiosa en 2023;se estructuro un protocolo en el derecho de igualdad; acompa\u00f1amiento a la defensoria del pueblo, personeria.en el 2025 se socializo la politica en las comunidades de barrio la esperanza y barrio berlin. Eje 2- Fortalecimiento de las entidades religiosas y sus organizaciones como gestoras de paz, perdon y reconciliacion: acompa\u00f1amiento en derechos humanos;conmemoracion de los dias nacionales de las victimas del conflicto armado, participacion en el diplomado de derechos humanos con la defensoria del pueblo.3-Eje. Cooperacion internacional e interreligiosa para el desarrollo- se adelanto acompa\u00f1amiento a los misioneros surcoreanos en una cruzada de caracter universitario y evangelistica,<\/strong><\/td><td><strong>La pol\u00edtica p\u00fablica de libertad e igualdad religiosa, culto y conciencia, es un instrumento educativo encaminado a suscitar de manera efectiva y eficaz el desarrollo integral de un dialogo interreligioso, para que los ciudadanos de armenia expresen su espiritualidad con mayor libertad, lo cual permitir\u00e1 construir una sociedad mas tolerante y con principios.<\/strong><\/td><td><strong>Basada en derechos tales como universalidad, la participaci\u00f3n, interacci\u00f3n e integraci\u00f3n, la autonom\u00eda y la equidad, que siga y se base en la promoci\u00f3n y difusi\u00f3n del derecho de libertad religiosa y de cultos.<\/strong><\/td><td><a href=\"https:\/\/www.armenia.gov.co\/wp-content\/uploads\/2023\/Religiosa.pdf\">https:\/\/www.armenia.gov.co\/wp-content\/uploads\/2023\/Religiosa.pdf<\/a><\/td><\/tr><tr><td><strong>4<\/strong><\/td><td><strong>Acuerdo 283 de&nbsp; julio 19 de 2023<\/strong><\/td><td><strong>Pol\u00edtica&nbsp; p\u00fablica de&nbsp; inclusi\u00f3n y reconocimiento de los derechos de la poblaci\u00f3n negra, afrocolombiana, raizal y palenquera residentes en el municipio de armenia-Quind\u00edo.<\/strong><\/td><td><strong>poblaci\u00f3n negra, afrocolombiana, raizal y palenquera<\/strong><\/td><td><strong>Reconocimiento a la poblaci\u00f3n negra, raizal y palenquera,.<\/strong><\/td><td><strong>A\u00f1o 2023<\/strong><\/td><td><strong><\/strong><strong>Capacitacion a la poblacion negra, radicada en la ciudad, accion terminada. 2- Promocion de garantias de todos los derechos civiles de la poblacion. 3- dise\u00f1o de campa\u00f1as contra el racismo. 4- Atencion de poblacion en temas de maltrato a la poblacion negra. 5-cobertura en el SGSSS. GESTION AMBIENTAL Y RIESGO- estrategia en promocion y capacitacion realizada. Red de prevencioin del riesgo formulada. Plan de riesgo en prevencion familiar y comunitario, formualda.Eje infraestructura- caracterizada la poblacion negra en cuanto a necesidades de vivienda.Eje paz y convivencia-&nbsp; realizacion&nbsp; de talleres de convivencia y&nbsp; paz; estrategia para la prevencion del delito y fomento de rutas para la atencion en casos de violencia.<\/strong><\/td><td><strong>Ejes estrat\u00e9gicos: 1- garant\u00eda y goce efectivo de derechos para la paz y la vida. 2-desarrollo econ\u00f3mico. 3- infraestructura y saneamiento b\u00e1sico. 4-gestion ambiental y del riesgo. 5-paz, convivencia y seguridad ciudadana.<\/strong><\/td><td><strong>Objetivos.-educaci\u00f3n; acompa\u00f1amiento administrativo integral, mujer y genero, econ\u00f3mico, cultural y recreaci\u00f3n y deporte.<\/strong><\/td><td><a href=\"http:\/\/www.armenia.gov.co\/wp-content\/uploads\/2023\/07\/GACETA_MUNICIPAL_2848-_JULIO_25_DE_2023.pdf\">http:\/\/www.armenia.gov.co\/wp-content\/uploads\/2023\/07\/gaceta_municipal_2848-_julio_25_de_2023.pdf<\/a><\/td><\/tr><tr><td><strong>5<\/strong><\/td><td><strong>Acuerdo 282 de 19 de julio 2023<\/strong><\/td><td><strong>Pol\u00edtica publica de discapacidad e inclusi\u00f3n social de armenia. 2022-2032<\/strong><\/td><td><strong>Poblaci\u00f3n con discapacidad, sus familiares y cuidadores.<\/strong><\/td><td><strong>&#8220;por una Armenia mas diversa e incluyente&#8221;<\/strong><\/td><td><strong>A\u00f1o 2023<\/strong><\/td><td><strong>&nbsp;<\/strong> <strong>Informacion a Diciembre 2024.&nbsp;&nbsp;&nbsp; Eje 1- Armenia institucional incluyente-12.91%. Eje 2-Capacidad juridica para la igualdad y el reconocimiento de derechos 15%. Eje 3-Espacios politicos y publilcos incluyentes y de incidencia. 14.5%. Eje 4 Armenia incluyente y diferencial 14.25% Eje 5-Armenia territorio diverso e incluyente. 11.87%.<\/strong><\/td><td><strong>Ejes estrat\u00e9gicos: 1-armenia institucionalidad incluyente; 2- capacidad jur\u00eddica para la igualdad y el reconocimiento de derechos.3-espacios pol\u00edticos y p\u00fablicos incluyentes y de incidencia.4-armenia incluyente y diferencial.5- armenia territorio incluyente y diverso.<\/strong><\/td><td><strong>Objetivos: -1-generar procesos de gesti\u00f3n p\u00fablica integrales, confiables e intersectoriales. 2-garantizar el acceso efectivo a la justicia. 3- promover la participaci\u00f3n, organizaci\u00f3n e incidencia de las personas con discapacidad, familias y cuidadores.<\/strong><\/td><td><a href=\"https:\/\/drive.google.com\/file\/d\/0B2P5fez8JapWUFRyaG5UQ3FhamM\/view?usp=sharing\">https:\/\/drive.google.com\/file\/d\/0B2P5fez8JapWUFRyaG5UQ3FhamM\/view?usp=sharing<\/a><\/td><\/tr><tr><td><strong>6<\/strong><\/td><td><strong>Acuerdo 275&nbsp; de junio 28-2023<\/strong><\/td><td><strong>Pol\u00edtica publica de primera infancia, infancia y adolescencia y familia del municipio de armenia. (2023-2033)<\/strong><\/td><td><strong>Ni\u00f1as, ni\u00f1os y adolescentes y sus familias<\/strong><\/td><td>&nbsp;<\/td><td><strong>A\u00f1o 2023<\/strong><\/td><td><strong>&nbsp;Periodo de 2024. Avance por categoria de derecho 13.13%; Salud mental y colectiva- 14.02%; Ambiente educativo cuyabro 13.47%; Seguridad alimentaria 11.50%; Cultura deporte y recreacion 11.67%; entorno social cuyabro 13.69%;Familias cuyabras empoderadas 13.55%; Garantia de derechos 13.12%, Gobernanza 12.99%<\/strong><\/td><td><strong>l\u00edneas estrat\u00e9gicas: 1- aseguramiento cuyabro en salud; 2- salud publica cuyabra; 3-promocion de la salud mental cuyabra;4- educaci\u00f3n cuyabra; 5-apropiacion&nbsp; social del conocimiento; 6- nutriendo para la vida;7-habitos familiares saludables;8-armenia cultural;8- armenia deportiva y recreativa;9- armenia libre de violencia;10- entornos proyectores cuyabros;11- armenia incluyente;12- protecci\u00f3n social.<\/strong><\/td><td><strong>Objetivos especificos.1-generar condiciones funcionales, org\u00e1nicas y organizaciones que posibiliten la transversalizaci\u00f3n de los enfoques de genero.2-implementar acciones tendientes a la prevenci\u00f3n atenci\u00f3n y protecci\u00f3n de las violencias basadas en genero que viven las mujeres, propendiendo por la garant\u00eda de una vida libre de violencia. 3- incorporar estrategias par la transversalizaci\u00f3n de los enfoques de genero diferencial e intersectorial, propendiendo por la eliminaci\u00f3n de roles y estereotipos de genero que persisten en el sistema educativo para logra condiciones de igualdad.4-_<\/strong><\/td><td><a href=\"http:\/\/www.armenia.gov.co\/wp-content\/uploads\/2023\/09\/Anexo_3_-_PP_Infancia.pdf\">http:\/\/www.armenia.gov.co\/wp-content\/uploads\/2023\/09\/Anexo_3_-_PP_Infancia.pdf<\/a><\/td><\/tr><tr><td><strong>7<\/strong><\/td><td><strong>Acuerdo 279 del 8 de julio 2023<\/strong><\/td><td><strong>Pol\u00edtica p\u00fablica de mujeres en armenia<\/strong><\/td><td><strong>Mujeres<\/strong><\/td><td><strong>La so\u00f1amos, la construimos y ahora la implementaremos.<\/strong><\/td><td><strong>A\u00f1o 2023<\/strong><\/td><td><strong><\/strong><strong>Gobernanza en Armenia para y con las mujeres 12.81%, Armenia por una vida libre de violencia 14.72%; Saberes para la igualdad en Armenia 15%; la salud en la vida de las mujeres. 14.07%; Participacion de las mujeres en la produccion y reproduccion social. 14.86%; Armenia transformando la cultura y rompiendo esterotipos.14.10%; Armenia nuestro territorio en la casa grande.12.79%; Participacion politica de las mujeres y seguimiento institucional. 13.57%.<\/strong><\/td><td><strong>l\u00edneas estrat\u00e9gicas- 1-gobernanza en armenia para&nbsp; y con las mujeres. 2-armenia por una vida libre de violencias, 3- saberes para la igualdad en armenia.4- la salud es la vida de las mujeres.5- participaci\u00f3n de las mujeres en producci\u00f3n y la reproducci\u00f3n social de la vida.6- armenia transformando la cultura y rompiendo estereotipos.7-armenia nuestro territorio en la casa grande. 8- participaci\u00f3n pol\u00edtica de las mujeres y seguimiento institucional.<\/strong><\/td><td><strong>Generar condiciones institucionales, pol\u00edticas, sociales, econ\u00f3micas, ambientales y culturales que permitan al municipio de armenia avanzar hacia la igualdad material, la redistribuci\u00f3n, la garant\u00eda de derechos y la posibilidad de vivir una vida libre de violencia para las mujeres, contemplando un horizonte de acci\u00f3n p\u00fablica hasta el 2033.<\/strong><\/td><td><a href=\"http:\/\/www.armenia.gov.co\/wp-content\/uploads\/2023\/09\/Anexo_2_-_PP_mujer.pdf\"><strong>http:\/\/www.armenia.gov.co\/wp-content\/uploads\/2023\/09\/Anexo_2_-_PP_mujer.pdf<\/strong><\/a><strong><\/strong><\/td><\/tr><tr><td><strong>8<\/strong><\/td><td><strong>Acuerdo 240 de 12 de julio de 2022<\/strong><\/td><td><strong>Pol\u00edtica p\u00fablica de orientaci\u00f3n sexual e identidad de g\u00e9nero diversa osigd-lgtbi del municipio de armenia. (2022-2032).<\/strong><\/td><td><strong>Poblaci\u00f3n diversa&nbsp;&nbsp;&nbsp;&nbsp;&nbsp;&nbsp;&nbsp;&nbsp;&nbsp;&nbsp;&nbsp;&nbsp; ( orientaciones sexuales e identidades de genero diversas: &#8220;osigd&#8221; y lesbianas, gays, bisexuales, trans-genero,&nbsp; intersexuales,queer y el signo + que engloba otras identidades de g\u00e9nero y orientaciones sexuales).<\/strong><\/td><td><strong>&#8220;Armenia se viste de colores&#8221;<\/strong><\/td><td><strong>A\u00f1o 2022<\/strong><\/td><td><strong>No existe informacion oficlal<\/strong><\/td><td><strong>Propender al desarrollo humano, social, econ\u00f3mico, pol\u00edtico, cultural y recreativo. Generando la inclusi\u00f3n y el ejercicio pleno de la ciudadan\u00eda, cumpliendo con la corresponsabilidad y los lineamientos jur\u00eddicos para las personas con orientaciones sexuales e identidades de genero diversas.<\/strong><\/td><td><strong>El objetivo principal es promover la garant\u00eda, reconocimiento y restablecimiento de los derechos humanos de las personas lgbtiq+ del municipio de armenia, que propendan al desarrollo humano, social, econ\u00f3mico, pol\u00edtico, cultural y recreativo, generando la inclusi\u00f3n y el ejercicio pleno de la ciudadan\u00eda, cumpliendo con la corresponsabilidad y los lineamientos jur\u00eddicos para las personas con orientaciones sexuales e identidades de genero diversas.<\/strong><\/td><td><a href=\"http:\/\/www.armenia.gov.co\/wp-content\/uploads\/PP.pdf\">http:\/\/www.armenia.gov.co\/wp-content\/uploads\/PP.pdf<\/a><\/td><\/tr><tr><td><strong>9<\/strong><\/td><td><strong>Acuerdo 297 del 11 de diciembre de 2023<\/strong><\/td><td><strong>Pol\u00edtica p\u00fablica cultura<\/strong><strong>l Arte y Patrimonio del <\/strong><strong>municipio de armenia 2023-2032<\/strong><\/td><td><strong>Poblaci\u00f3n de cuyabros<\/strong><\/td><td><strong>&#8220;Arte y patrimonio&#8221;<\/strong><\/td><td><strong>A\u00f1o 2023 recaudos de estampilla pro-cultura.<\/strong><\/td><td><strong>Avance 2025:<\/strong> <strong><\/strong><strong>Eje fortalecimiento del sistema cultural de Armenia- se encuentra en revision el acto administrativo de la formalizacion del programa de cultura.2- Gestion del patrimonio- se adelanto la identificacion de 30 actores para la formulacion del proyecto de creacion del taller escuela de artes de Armenia; avanza la escuela de musica en 7 colegios de diferentes comunidades; Gestion con actores museales para la creacioon del centro de memoria municipal; celebracion del dia internacional del teatro.<\/strong> <strong>Todas las actividades de esta politica son incluyentes.<\/strong><\/td><td><strong>Prop\u00f3sitos de la pol\u00edtica: 1-lograr concesos ciudadanos e institucionales sobre los procesos de desarrollo cultural.2-demarcar el camino para llegar a trav\u00e9s de la cultura a una realidad deseada.3-articular esfuerzos de todos los actores territoriales. 4-construir propuestas culturales. 5-optimizar y aprovechar al m\u00e1ximo los recursos de la cultura.6-generar impacto y resultados con la ejecuci\u00f3n de las acciones culturales.7- pasar de eventos aislados a procesos de desarrollo.<\/strong><\/td><td><strong>Eje 1- fortalecimiento del sistema municipal de cultura. Eje 2-gestion del patrimonio. Eje 3-cultura y comunidad. Eje 4-cultura y educaci\u00f3n. Eje 5-promocion del emprendimiento cultural autosostenible. Eje 6-gestion de infraestructura cultural.<\/strong><\/td><td><a href=\"https:\/\/bit.ly\/3RNedlf\">https:\/\/bit.ly\/3RNedlf<\/a><\/td><\/tr><tr><td><strong>10<\/strong><\/td><td><strong>Acuerdo 143 del 25 de julio de 2019<\/strong><\/td><td><strong>Pol\u00edtica p\u00fablica de envejecimiento y vejez desde la inclusi\u00f3n social y familiar de armenia.&nbsp;&nbsp;&nbsp;&nbsp;&nbsp;&nbsp;&nbsp;&nbsp;&nbsp;&nbsp;&nbsp;&nbsp;&nbsp;&nbsp;&nbsp;&nbsp;&nbsp;&nbsp;&nbsp;&nbsp;&nbsp;&nbsp;&nbsp;&nbsp;&nbsp;&nbsp; 2019-2029<\/strong><\/td><td><strong>Poblaci\u00f3n tercera edad<\/strong><\/td><td><strong>&#8220;Armenia ciudad madura&#8221;<\/strong><\/td><td><strong>A\u00f1o 2024<\/strong><\/td><td><strong>1-promocion y garantia de derechos. 45.05%; 2-proteccion social integral 45.19%; 3-Envejecimiento activo 38.15%; 4-Recurso humano e investigacion 31.78%.<\/strong><\/td><td><strong>Ejes estrategicos:1-promocion y garant\u00eda de los derechos humanos de las personas mayores.2-protecion social integral.3-envejecimiento activo.4-formacion de recurso humano e investigaci\u00f3n.<\/strong><\/td><td><strong>L\u00edneas estrat\u00e9gicas a segur: 1-fortalecimiento de redes de apoyo.2-promocion y asistencia social.3-promocion de h\u00e1bitos y estilos de vida saludable.<\/strong><\/td><td><a href=\"http:\/\/www.armenia.gov.co\/wp-content\/uploads\/2022\/06\/Politica_Pblica_de_Envejecimiento_y_Vejez_final.pdf\"><strong>http:\/\/www.armenia.gov.co\/wp-content\/uploads\/2022\/06\/Politica_Pblica_de_Envejecimiento_y_Vejez_final.pdf<\/strong><\/a><strong><\/strong><\/td><\/tr><tr><td><strong>11<\/strong><\/td><td><strong>En construcci\u00f3n<\/strong><\/td><td><strong>Pol\u00edtica p\u00fablica bienestar animal.<\/strong><\/td><td>&nbsp;<\/td><td>&nbsp;<\/td><td>&nbsp;<\/td><td>Construccion &nbsp;<\/td><td><strong>La construcci\u00f3n de la pol\u00edtica p\u00fablica de bienestar animal se est\u00e1 realizando de manera participativa, recopilando informaci\u00f3n de la ciudadan\u00eda, l\u00edderes animalistas, fundaciones, sector p\u00fablico, sector privado y academia, con el fin de realizar el diagn\u00f3stico de las problem\u00e1ticas a partir del cual se formular\u00e1 la pol\u00edtica p\u00fablica de bienestar animal.<\/strong><\/td><td><strong>Construcci\u00f3n<\/strong><\/td><td>&nbsp;<\/td><\/tr><tr><td><strong>12<\/strong><\/td><td><strong>Acuerdo municipal 016 de noviembre 28 de 2017<\/strong><\/td><td><strong>Pol\u00edtica p\u00fablica habitante de la calle de armenia&nbsp;&nbsp;&nbsp;&nbsp;&nbsp;&nbsp;&nbsp;&nbsp;&nbsp;&nbsp;&nbsp;&nbsp;&nbsp;&nbsp;&nbsp;&nbsp;&nbsp;&nbsp;&nbsp;&nbsp;&nbsp;&nbsp;&nbsp;&nbsp;&nbsp;&nbsp;&nbsp;&nbsp;&nbsp;&nbsp;&nbsp;&nbsp;&nbsp;&nbsp;&nbsp;&nbsp;&nbsp; 2017-2027<\/strong><\/td><td><strong>Poblaci\u00f3n habitante calle<\/strong><\/td><td><strong>&#8220;Armenia ciudad de derechos&#8221;<\/strong><\/td><td><strong>A\u00f1o 2024<\/strong><\/td><td><strong><\/strong><strong>Atencion salud integral 63.9%; 2-Desarrollo humano integral 62.9%;3-movilizacion ciudadana y redes de apoyo social 53.4%;4- responsabilidad social empresarial 52%; 5-formacion para el trabajo y generacion de ingresos.45.7%;6-convivencia ciudadana 58.1%;7-prevencion 63.1%;8-seguimiento y evaluacion 64.9%.<\/strong><\/td><td><strong>Ejes estrat\u00e9gicos: 1-atencion integral en salud. 2-desarrollo humano integral.3-movilizacion ciudadano y redes de apoyo social. 4- responsabilidad social y empresarial.5-formacion para el trabajo y generaci\u00f3n de ingresos.6-convivencia ciudadana. 7-prevencion. 8-seguimineto y evaluaci\u00f3n.<\/strong><\/td><td><strong>Estrategia de implementaci\u00f3n: 1-identificacion y caracterizaci\u00f3n. 2-atencion inicial y transitoria.3-atencion especializada.4-enlace social y familiar.5-estabilizacion socio-econ\u00f3mica.<\/strong><\/td><td><a href=\"https:\/\/drive.google.com\/file\/d\/1k1MLoLHiKfNj8gOKkNNSbI2jSwPRtoes\/view?usp=sharing\">https:\/\/drive.google.com\/file\/d\/1k1MLoLHiKfNj8gOKkNNSbI2jSwPRtoes\/view?usp=sharing<\/a><\/td><\/tr><tr><td><strong>13<\/strong><\/td><td><strong>Acuerdo 148 del 27 de noviembre de 2019<\/strong><\/td><td><strong>Pol\u00edtica p\u00fablica para la acci\u00f3n comunal en el municipio de armenia<\/strong><\/td><td><strong>Comunidades del municipio de armenia<\/strong><\/td><td><strong>Democracia participativa en la gesti\u00f3n comunal.<\/strong><\/td><td><strong>Sin dato<\/strong><\/td><td><strong>1-fortalecimiento efectivo de la participacion 25.30%;2- pertenencia comunal 30.33%;3-fortalecimiento y desarrollo de competencias 27.12%;4- Acceso a medios y nuevas tecnologias 31%;5- Fortalecimiento interno 33%: 6-Gestion ambiental comunal 32.58%.<\/strong><\/td><td><strong>Ejes estrat\u00e9gicos: 1-fortalecimiento efectivo de la participacion.2-pertinencia comunal.3-fortalecimiento y desarrollo de competencias.4-acceso a medios y tecnologias.5-fortalecimiento interno.6-gestion ambiental comunal.<\/strong><\/td><td><strong>Objetivo: fortalecer los organismos comunales del municipio, con el fin de aportar en el desarrollo, formaci\u00f3n y potencializaci\u00f3n de sus capacidades para mejorar los procesos de inclusi\u00f3n, incidencia, participaci\u00f3n, interlocuci\u00f3n, gesti\u00f3n con entidades gubernamentales y no gubernamentales en la b\u00fasqueda del desarrollo integral de las comunidades.<\/strong><\/td><td><a href=\"https:\/\/armenia.gov.co\/wp-content\/uploads\/2022\/06\/acuerdo_148_de_2019.pdf\"><strong>https:\/\/armenia.gov.co\/wp-content\/uploads\/2022\/06\/acuerdo_148_de_2019.pdf<\/strong><\/a><strong><\/strong><\/td><\/tr><\/tbody><\/table><\/figure>\n","protected":false},"excerpt":{"rendered":"<p>En esta secci\u00f3n encontrar\u00e1 un estado de las pol\u00edticas p\u00fablicas en desarrollo de la ciudad de Armenia. La primera columna corresponde al conteo de la pol\u00edtica, la segunda columna al n\u00famero, acuerdo, decreto o ley que la establece, la tercera columna contiene el nombre de la pol\u00edtica p\u00fablica, la cuarta<\/p>\n<div class=\"continue-reading-wrapper\"><a href=\"https:\/\/observatorioarmenia.org\/site\/7-1-inventario-de-politica-publica\/\" class=\"continue-reading\">Ampliar informaci\u00f3n<i class=\"ion-ios-arrow-right\"><\/i><\/a><\/div>\n","protected":false},"author":1,"featured_media":0,"parent":0,"menu_order":0,"comment_status":"closed","ping_status":"closed","template":"","meta":{"footnotes":""},"class_list":["post-7083","page","type-page","status-publish","hentry"],"_links":{"self":[{"href":"https:\/\/observatorioarmenia.org\/site\/wp-json\/wp\/v2\/pages\/7083","targetHints":{"allow":["GET"]}}],"collection":[{"href":"https:\/\/observatorioarmenia.org\/site\/wp-json\/wp\/v2\/pages"}],"about":[{"href":"https:\/\/observatorioarmenia.org\/site\/wp-json\/wp\/v2\/types\/page"}],"author":[{"embeddable":true,"href":"https:\/\/observatorioarmenia.org\/site\/wp-json\/wp\/v2\/users\/1"}],"replies":[{"embeddable":true,"href":"https:\/\/observatorioarmenia.org\/site\/wp-json\/wp\/v2\/comments?post=7083"}],"version-history":[{"count":2,"href":"https:\/\/observatorioarmenia.org\/site\/wp-json\/wp\/v2\/pages\/7083\/revisions"}],"predecessor-version":[{"id":7085,"href":"https:\/\/observatorioarmenia.org\/site\/wp-json\/wp\/v2\/pages\/7083\/revisions\/7085"}],"wp:attachment":[{"href":"https:\/\/observatorioarmenia.org\/site\/wp-json\/wp\/v2\/media?parent=7083"}],"curies":[{"name":"wp","href":"https:\/\/api.w.org\/{rel}","templated":true}]}}