{"id":6793,"date":"2025-10-25T19:02:01","date_gmt":"2025-10-26T00:02:01","guid":{"rendered":"https:\/\/observatorioarmenia.org\/site\/?page_id=6793"},"modified":"2026-04-09T15:06:08","modified_gmt":"2026-04-09T20:06:08","slug":"7-politica-publica","status":"publish","type":"page","link":"https:\/\/observatorioarmenia.org\/site\/7-politica-publica\/","title":{"rendered":"7. Pol\u00edtica P\u00fablica"},"content":{"rendered":"\n<p>En este cap\u00edtulo podr\u00e1 consultar el inventario de pol\u00edtica p\u00fablica de la ciudad de Armenia, as\u00ed como la agenda preliminar de la pol\u00edticas p\u00fablicas.<\/p>\n\n\n\n<p class=\"has-vivid-cyan-blue-color has-text-color has-link-color wp-elements-9ad5f3f9fe50be55c4310c055fe63dcc\"><strong><a href=\"https:\/\/observatorioarmenia.org\/site\/7-1-inventario-de-politica-publica\/\" target=\"_blank\" rel=\"noreferrer noopener\">7.1 Inventario de Pol\u00edtica P\u00fablica<\/a><\/strong><\/p>\n\n\n\n<p class=\"has-vivid-cyan-blue-color has-text-color has-link-color wp-elements-e165de7aff45db25edc9afe72717159f\"><strong><a href=\"https:\/\/observatorioarmenia.org\/site\/7-2-agenda-preliminar-de-politica-publica\/\" target=\"_blank\" rel=\"noreferrer noopener\">7.2 Agenda preliminar de Pol\u00edticas P\u00fablicas<\/a><\/strong><\/p>\n\n\n\n<p class=\"has-vivid-cyan-blue-color has-text-color has-link-color wp-elements-1b039f6f685e1577d0f5159f516c4650\"><a href=\"https:\/\/observatorioarmenia.org\/site\/7-3-una-agenda-publica-a-partir-de-la-competitividad\/\"><strong>7.3 Una agenda p\u00fablica a partir de la competitividad<\/strong><\/a><\/p>\n\n\n\n<p class=\"has-vivid-cyan-blue-color has-text-color has-link-color wp-elements-d063cdd54ec8c3fb1dd0c6bc4dd0df6c\"><a href=\"https:\/\/observatorioarmenia.org\/site\/7-4-prototipo-de-politica-publica\/\" target=\"_blank\" rel=\"noreferrer noopener\"><strong>7.4 Prototipos de pol\u00edticas p\u00fablicas<\/strong><\/a><\/p>\n\n\n\n<p><\/p>\n","protected":false},"excerpt":{"rendered":"<p>En este cap\u00edtulo podr\u00e1 consultar el inventario de pol\u00edtica p\u00fablica de la ciudad de Armenia, as\u00ed como la agenda preliminar de la pol\u00edticas p\u00fablicas. 7.1 Inventario de Pol\u00edtica P\u00fablica 7.2 Agenda preliminar de Pol\u00edticas P\u00fablicas 7.3 Una agenda p\u00fablica a partir de la competitividad 7.4 Prototipos de pol\u00edticas p\u00fablicas<\/p>\n","protected":false},"author":1,"featured_media":0,"parent":0,"menu_order":0,"comment_status":"closed","ping_status":"closed","template":"","meta":{"footnotes":""},"class_list":["post-6793","page","type-page","status-publish","hentry"],"_links":{"self":[{"href":"https:\/\/observatorioarmenia.org\/site\/wp-json\/wp\/v2\/pages\/6793","targetHints":{"allow":["GET"]}}],"collection":[{"href":"https:\/\/observatorioarmenia.org\/site\/wp-json\/wp\/v2\/pages"}],"about":[{"href":"https:\/\/observatorioarmenia.org\/site\/wp-json\/wp\/v2\/types\/page"}],"author":[{"embeddable":true,"href":"https:\/\/observatorioarmenia.org\/site\/wp-json\/wp\/v2\/users\/1"}],"replies":[{"embeddable":true,"href":"https:\/\/observatorioarmenia.org\/site\/wp-json\/wp\/v2\/comments?post=6793"}],"version-history":[{"count":22,"href":"https:\/\/observatorioarmenia.org\/site\/wp-json\/wp\/v2\/pages\/6793\/revisions"}],"predecessor-version":[{"id":7812,"href":"https:\/\/observatorioarmenia.org\/site\/wp-json\/wp\/v2\/pages\/6793\/revisions\/7812"}],"wp:attachment":[{"href":"https:\/\/observatorioarmenia.org\/site\/wp-json\/wp\/v2\/media?parent=6793"}],"curies":[{"name":"wp","href":"https:\/\/api.w.org\/{rel}","templated":true}]}}