{"id":6781,"date":"2025-10-25T16:48:31","date_gmt":"2025-10-25T21:48:31","guid":{"rendered":"https:\/\/observatorioarmenia.org\/site\/?page_id=6781"},"modified":"2025-10-25T16:48:33","modified_gmt":"2025-10-25T21:48:33","slug":"5-quindio","status":"publish","type":"page","link":"https:\/\/observatorioarmenia.org\/site\/5-quindio\/","title":{"rendered":"5. Quind\u00edo"},"content":{"rendered":"\n<p>El desarrollo social y econ\u00f3mico de Armenia no se puede concebir como un proceso aislado del Quind\u00edo, por lo que es necesario lograr una articulaci\u00f3n entre los problemas y soluciones propuestas de la capital con los problemas y soluciones de su departamento. Para ello, se desarrollar\u00e1 un conjunto de perfiles de los municipios y se expondr\u00e1 c\u00f3mo estos se pueden articular con el desarrollo econ\u00f3mico y social de Armenia. Consulte indicadores y su diagn\u00f3stico:<\/p>\n\n\n\n<p class=\"has-text-align-center\">Diagn\u00f3stico de indicadores del departamento y su capital:<\/p>\n\n\n\n<p class=\"has-black-color has-text-color\">5.1 <a href=\"https:\/\/observatorioarmenia.org\/site\/6-1-indice-de-pobreza-multidimensional\/\" target=\"_blank\" rel=\"noreferrer noopener\"><strong>\u00cdndice de Pobreza Multidimensional (IPM) &#8211; Quind\u00edo y Armenia<\/strong><\/a><\/p>\n\n\n\n<p class=\"has-black-color has-text-color\">5.2 <a href=\"https:\/\/observatorioarmenia.org\/site\/6-2-indice-de-pobreza-monetaria-quindio-y-armenia\/\" target=\"_blank\" rel=\"noreferrer noopener\"><strong>\u00cdndice de Pobreza Monetaria (PM) &#8211; Quind\u00edo y Armenia<\/strong><\/a><\/p>\n\n\n\n<p class=\"has-black-color has-text-color\">5.3 <a href=\"https:\/\/observatorioarmenia.org\/site\/6-3-valor-agregado-bruto-de-armenia-y-el-quindio\/\" target=\"_blank\" rel=\"noreferrer noopener\"><strong>Valor agregado bruto &#8211; Quind\u00edo y Armenia<\/strong><\/a><\/p>\n\n\n\n<p class=\"has-black-color has-text-color has-link-color wp-elements-83bcbc540f52b347dc02e240122b5a0d\">5.4 <strong><a href=\"https:\/\/observatorioarmenia.org\/site\/5-4-valor-agregado-por-municipios-del-quindio\/\" target=\"_blank\" rel=\"noreferrer noopener\">Valor agregado bruto &#8211; municipios<\/a><\/strong><\/p>\n\n\n\n<p class=\"has-black-color has-text-color has-link-color wp-elements-4ecf0c7c7e603cd1381c036dd0ea4f01\"><strong>5.5 <a href=\"https:\/\/observatorioarmenia.org\/site\/5-5-desempleo-en-el-quindio\/\" target=\"_blank\" rel=\"noreferrer noopener\">Desempleo &#8211; Quind\u00edo<\/a><\/strong><\/p>\n","protected":false},"excerpt":{"rendered":"<p>El desarrollo social y econ\u00f3mico de Armenia no se puede concebir como un proceso aislado del Quind\u00edo, por lo que es necesario lograr una articulaci\u00f3n entre los problemas y soluciones propuestas de la capital con los problemas y soluciones de su departamento. Para ello, se desarrollar\u00e1 un conjunto de perfiles<\/p>\n<div class=\"continue-reading-wrapper\"><a href=\"https:\/\/observatorioarmenia.org\/site\/5-quindio\/\" class=\"continue-reading\">Ampliar informaci\u00f3n<i class=\"ion-ios-arrow-right\"><\/i><\/a><\/div>\n","protected":false},"author":1,"featured_media":0,"parent":0,"menu_order":0,"comment_status":"closed","ping_status":"closed","template":"","meta":{"footnotes":""},"class_list":["post-6781","page","type-page","status-publish","hentry"],"_links":{"self":[{"href":"https:\/\/observatorioarmenia.org\/site\/wp-json\/wp\/v2\/pages\/6781","targetHints":{"allow":["GET"]}}],"collection":[{"href":"https:\/\/observatorioarmenia.org\/site\/wp-json\/wp\/v2\/pages"}],"about":[{"href":"https:\/\/observatorioarmenia.org\/site\/wp-json\/wp\/v2\/types\/page"}],"author":[{"embeddable":true,"href":"https:\/\/observatorioarmenia.org\/site\/wp-json\/wp\/v2\/users\/1"}],"replies":[{"embeddable":true,"href":"https:\/\/observatorioarmenia.org\/site\/wp-json\/wp\/v2\/comments?post=6781"}],"version-history":[{"count":4,"href":"https:\/\/observatorioarmenia.org\/site\/wp-json\/wp\/v2\/pages\/6781\/revisions"}],"predecessor-version":[{"id":6785,"href":"https:\/\/observatorioarmenia.org\/site\/wp-json\/wp\/v2\/pages\/6781\/revisions\/6785"}],"wp:attachment":[{"href":"https:\/\/observatorioarmenia.org\/site\/wp-json\/wp\/v2\/media?parent=6781"}],"curies":[{"name":"wp","href":"https:\/\/api.w.org\/{rel}","templated":true}]}}