{"id":6776,"date":"2025-10-25T16:42:57","date_gmt":"2025-10-25T21:42:57","guid":{"rendered":"https:\/\/observatorioarmenia.org\/site\/?page_id=6776"},"modified":"2025-10-25T16:42:59","modified_gmt":"2025-10-25T21:42:59","slug":"4-comunas","status":"publish","type":"page","link":"https:\/\/observatorioarmenia.org\/site\/4-comunas\/","title":{"rendered":"4. Comunas"},"content":{"rendered":"\n<p>En esta secci\u00f3n encontrar\u00e1 estudios que se hacen a partir del contacto con las comunas. El primero de ellos, explorando las comunas, consiste en un total de 400 encuestas en las que se entr\u00f3 en contacto con la comunidad para identificar los problemas que las aquejan. El segundo, explora los desaf\u00edos de la econom\u00eda diaria, en particular, de las personas que tienen venta ambulante. El tercero explora un modelo de ciudad que fomenta la inclusi\u00f3n social y el desarrollo econ\u00f3mico.<\/p>\n\n\n\n<p><a href=\"https:\/\/observatorioarmenia.org\/site\/desde-la-comuna\/\" target=\"_blank\" rel=\"noreferrer noopener\"><strong>4.1 Explorando las comunas<\/strong><\/a><\/p>\n\n\n\n<p><strong><a href=\"https:\/\/observatorioarmenia.org\/site\/4-2-el-desafio-de-la-economia-diaria\/\" target=\"_blank\" rel=\"noreferrer noopener\">4.2 El desaf\u00edo de la econom\u00eda diaria<\/a><\/strong><\/p>\n\n\n\n<p><a href=\"https:\/\/observatorioarmenia.org\/site\/4-3-armenia-ciudad-de-15-minutos\/\"><strong>4.3 Armenia ciudad de 15 minutos<\/strong><\/a><\/p>\n","protected":false},"excerpt":{"rendered":"<p>En esta secci\u00f3n encontrar\u00e1 estudios que se hacen a partir del contacto con las comunas. El primero de ellos, explorando las comunas, consiste en un total de 400 encuestas en las que se entr\u00f3 en contacto con la comunidad para identificar los problemas que las aquejan. El segundo, explora los<\/p>\n<div class=\"continue-reading-wrapper\"><a href=\"https:\/\/observatorioarmenia.org\/site\/4-comunas\/\" class=\"continue-reading\">Ampliar informaci\u00f3n<i class=\"ion-ios-arrow-right\"><\/i><\/a><\/div>\n","protected":false},"author":1,"featured_media":0,"parent":0,"menu_order":0,"comment_status":"closed","ping_status":"closed","template":"","meta":{"footnotes":""},"class_list":["post-6776","page","type-page","status-publish","hentry"],"_links":{"self":[{"href":"https:\/\/observatorioarmenia.org\/site\/wp-json\/wp\/v2\/pages\/6776","targetHints":{"allow":["GET"]}}],"collection":[{"href":"https:\/\/observatorioarmenia.org\/site\/wp-json\/wp\/v2\/pages"}],"about":[{"href":"https:\/\/observatorioarmenia.org\/site\/wp-json\/wp\/v2\/types\/page"}],"author":[{"embeddable":true,"href":"https:\/\/observatorioarmenia.org\/site\/wp-json\/wp\/v2\/users\/1"}],"replies":[{"embeddable":true,"href":"https:\/\/observatorioarmenia.org\/site\/wp-json\/wp\/v2\/comments?post=6776"}],"version-history":[{"count":2,"href":"https:\/\/observatorioarmenia.org\/site\/wp-json\/wp\/v2\/pages\/6776\/revisions"}],"predecessor-version":[{"id":6778,"href":"https:\/\/observatorioarmenia.org\/site\/wp-json\/wp\/v2\/pages\/6776\/revisions\/6778"}],"wp:attachment":[{"href":"https:\/\/observatorioarmenia.org\/site\/wp-json\/wp\/v2\/media?parent=6776"}],"curies":[{"name":"wp","href":"https:\/\/api.w.org\/{rel}","templated":true}]}}