{"id":6768,"date":"2025-10-25T16:36:50","date_gmt":"2025-10-25T21:36:50","guid":{"rendered":"https:\/\/observatorioarmenia.org\/site\/?page_id=6768"},"modified":"2026-03-03T23:15:37","modified_gmt":"2026-03-04T04:15:37","slug":"3-datos","status":"publish","type":"page","link":"https:\/\/observatorioarmenia.org\/site\/3-datos\/","title":{"rendered":"3. Datos"},"content":{"rendered":"\n<p>Los datos de la ciudad de Armenia se han organizado en cuatro secciones:<\/p>\n\n\n\n<ul class=\"wp-block-list\">\n<li>I: Serie de datos de variables de Armenia y nacionales.<\/li>\n\n\n\n<li>II: Serie de datos de variables de la Rap Eje Cafetero (Quind\u00edo, Caldas, Risaralda, Tolima)<\/li>\n\n\n\n<li>III: Tableros de control para interacci\u00f3n en esta p\u00e1gina<\/li>\n\n\n\n<li>IV. Tableros de control para consulta<\/li>\n\n\n\n<li>V. Marco Fiscal de Mediano Plazo (MFMP): 2022, 2024<\/li>\n<\/ul>\n\n\n\n<p class=\"has-text-align-center has-medium-font-size\"><strong>I. Series de datos de Armenia:<\/strong><\/p>\n\n\n\n<p>Consiste en un total de 190 indicadores, en forma de serie temporal trimestral, desde el a\u00f1o 2015, con informaci\u00f3n de inter\u00e9s tanto de la ciudad como a nivel nacional. Fecha actualizaci\u00f3n: 03-03-2026.<\/p>\n\n\n\n<div class=\"wp-block-file\"><a id=\"wp-block-file--media-fdb784cc-7399-4a9f-9810-1b1592106afe\" href=\"https:\/\/observatorioarmenia.org\/site\/wp-content\/uploads\/2026\/03\/FEB26.DATAMX-WEB.xlsx\">FEB26.DATAMX-WEB<\/a><a href=\"https:\/\/observatorioarmenia.org\/site\/wp-content\/uploads\/2026\/03\/FEB26.DATAMX-WEB.xlsx\" class=\"wp-block-file__button wp-element-button\" download aria-describedby=\"wp-block-file--media-fdb784cc-7399-4a9f-9810-1b1592106afe\">Descargar<\/a><\/div>\n\n\n\n<p class=\"has-text-align-center has-medium-font-size\"><strong>II. Serie de datos de la RAP Eje Cafetero:<\/strong><\/p>\n\n\n\n<p>Consiste en un total de 136 indicadores, en forma de serie temporal trimestral, desde el a\u00f1o 2011, con informaci\u00f3n de las capitales y departamentos de la Rap Eje Cafetero. Fecha actualizaci\u00f3n: 23-10-2025.<\/p>\n\n\n\n<div class=\"wp-block-file\"><a id=\"wp-block-file--media-301c91ab-01ee-4520-b6d2-d829403661ee\" href=\"https:\/\/observatorioarmenia.org\/site\/wp-content\/uploads\/2025\/10\/10.DATOS-RAP-OCTUBRE-2025.xlsx\">10.DATOS RAP-OCTUBRE-2025<\/a><a href=\"https:\/\/observatorioarmenia.org\/site\/wp-content\/uploads\/2025\/10\/10.DATOS-RAP-OCTUBRE-2025.xlsx\" class=\"wp-block-file__button wp-element-button\" download aria-describedby=\"wp-block-file--media-301c91ab-01ee-4520-b6d2-d829403661ee\">Descargar<\/a><\/div>\n\n\n\n<p class=\"has-text-align-center has-medium-font-size\"><strong>III. Tablero de control para interacci\u00f3n en esta p\u00e1gina:<\/strong><\/p>\n\n\n\n<p>Maximice la ventana para interactuar con el tablero:<\/p>\n\n\n<div class=\"wp-block-image\">\n<figure class=\"aligncenter size-full is-resized\"><img loading=\"lazy\" decoding=\"async\" width=\"750\" height=\"51\" src=\"https:\/\/observatorioarmenia.org\/site\/wp-content\/uploads\/2024\/04\/0.PBI-MAX-TABLERO.jpeg\" alt=\"\" class=\"wp-image-3424\" style=\"width:771px;height:auto\" srcset=\"https:\/\/observatorioarmenia.org\/site\/wp-content\/uploads\/2024\/04\/0.PBI-MAX-TABLERO.jpeg 750w, https:\/\/observatorioarmenia.org\/site\/wp-content\/uploads\/2024\/04\/0.PBI-MAX-TABLERO-300x20.jpeg 300w\" sizes=\"auto, (max-width: 750px) 100vw, 750px\" \/><\/figure>\n<\/div>\n\n\n<p>Navegue por las ventanas del tablero:<\/p>\n\n\n<div class=\"wp-block-image\">\n<figure class=\"aligncenter size-full is-resized\"><img loading=\"lazy\" decoding=\"async\" width=\"1175\" height=\"67\" src=\"https:\/\/observatorioarmenia.org\/site\/wp-content\/uploads\/2024\/10\/1.-USO.bmp\" alt=\"\" class=\"wp-image-4236\" style=\"width:773px;height:auto\"\/><\/figure>\n<\/div>\n\n\n<p>====================================================================<\/p>\n\n\n\n<p>Datos inmobiliarios de Armenia:<\/p>\n\n\n\n<iframe loading=\"lazy\" title=\"Sector inmobiliario VISOR GENERAL\" width=\"600\" height=\"373.5\" src=\"https:\/\/app.powerbi.com\/view?r=eyJrIjoiMjM2OGRiNTUtODNiMy00YjU1LTlhMTEtN2ZiMWJmNzk3MjQ3IiwidCI6IjkwZjM1ZWVkLTAzMTItNGMwZi04ZTgwLTIzMDYzYzMxOTRjOCJ9\" frameborder=\"0\" allowFullScreen=\"true\"><\/iframe>\n\n\n\n<p>====================================================================<\/p>\n\n\n\n<p>\u00cdndice de Competitividad de Ciudades 2024:<\/p>\n\n\n\n<iframe loading=\"lazy\" title=\"Indice de competitividad de ciudades 2024\" width=\"600\" height=\"373.5\" src=\"https:\/\/app.powerbi.com\/view?r=eyJrIjoiNzkyZWMzMmEtMTgzNS00Y2ZhLTgyMDQtZGY1OGRjOGU5MWQxIiwidCI6IjkwZjM1ZWVkLTAzMTItNGMwZi04ZTgwLTIzMDYzYzMxOTRjOCJ9\" frameborder=\"0\" allowFullScreen=\"true\"><\/iframe>\n\n\n\n<p>====================================================================<\/p>\n\n\n\n<p>\u00cdndice de pobreza monetaria de Armenia 2023:<\/p>\n\n\n\n<iframe loading=\"lazy\" title=\"Pobreza monetaria Armenia 23\" width=\"600\" height=\"373.5\" src=\"https:\/\/app.powerbi.com\/view?r=eyJrIjoiNGE3NDMzNzItOWIwMy00NzQwLTk0YTMtY2MxYzUxNzBmODIxIiwidCI6IjkwZjM1ZWVkLTAzMTItNGMwZi04ZTgwLTIzMDYzYzMxOTRjOCJ9\" frameborder=\"0\" allowFullScreen=\"true\"><\/iframe>\n\n\n\n<p class=\"has-text-align-center\">====================================================================<\/p>\n\n\n\n<p>\u00cdndice de pobreza monetaria de Quind\u00edo 2023:<\/p>\n\n\n\n<iframe loading=\"lazy\" title=\"Pobreza monetaria Quindio 23\" width=\"600\" height=\"373.5\" src=\"https:\/\/app.powerbi.com\/view?r=eyJrIjoiMDY1ZDRhZTAtNDlhNS00ZGRhLTg4ZTctZTQ2Y2M0NWFmNzUzIiwidCI6IjkwZjM1ZWVkLTAzMTItNGMwZi04ZTgwLTIzMDYzYzMxOTRjOCJ9\" frameborder=\"0\" allowFullScreen=\"true\"><\/iframe>\n\n\n\n<p class=\"has-text-align-center\">====================================================================<\/p>\n\n\n\n<p>\u00cdndice de competitividad de Armenia 2023:<\/p>\n\n\n\n<iframe loading=\"lazy\" title=\"Indice de competitividad de ciudades\" width=\"800\" height=\"636\" src=\"https:\/\/app.powerbi.com\/view?r=eyJrIjoiNDQxY2YyNTEtOTMxZi00MWZkLWJmNzItOGUxMTdlYjRiNzhiIiwidCI6IjBlZGIzNDNjLWRjZjgtNDE3Mi1iNGJlLWViZWI1Mjc4ZTNmOCIsImMiOjJ9&#038;pageName=ReportSectionb3da245bcb5dbbaecaa4\" frameborder=\"0\" allowFullScreen=\"true\"><\/iframe>\n\n\n\n<p class=\"has-text-align-center\">====================================================================<\/p>\n\n\n\n<p>\u00cdndice de Competitividad departamental del Quind\u00edo:<\/p>\n\n\n\n<iframe loading=\"lazy\" title=\"ICD 2024\" width=\"600\" height=\"373.5\" src=\"https:\/\/app.powerbi.com\/view?r=eyJrIjoiYWEzY2JhZGUtZGQ3Yy00ZGNiLWFhNjctMTQxZTY4Y2JmN2E2IiwidCI6IjBlZGIzNDNjLWRjZjgtNDE3Mi1iNGJlLWViZWI1Mjc4ZTNmOCIsImMiOjJ9\" frameborder=\"0\" allowFullScreen=\"true\"><\/iframe>\n\n\n\n<p class=\"has-text-align-center\">====================================================================<\/p>\n\n\n\n<p>\u00cdndice de Pobreza Multidimensional Quind\u00edo y Armenia 2023:<\/p>\n\n\n\n<iframe loading=\"lazy\" title=\"Portotipo pobreza multidimensional\" width=\"600\" height=\"373.5\" src=\"https:\/\/app.powerbi.com\/view?r=eyJrIjoiYzcyNDhjYmUtZGU3Mi00MTJiLThlN2UtYzg4Mzc4NGQzYTMzIiwidCI6IjBlZGIzNDNjLWRjZjgtNDE3Mi1iNGJlLWViZWI1Mjc4ZTNmOCIsImMiOjJ9\" frameborder=\"0\" allowFullScreen=\"true\"><\/iframe>\n\n\n\n<p class=\"has-text-align-center\">====================================================================<\/p>\n\n\n\n<p>\u00cdndice de Capacidad Estad\u00edstica Territorial 2022 &#8211; Armenia:<\/p>\n\n\n\n<iframe loading=\"lazy\" title=\"ICET 2022\" width=\"600\" height=\"373.5\" src=\"https:\/\/app.powerbi.com\/view?r=eyJrIjoiMDExY2YyMjYtZmIxYi00M2I3LTk1Y2ItZjhiZGU0ODkxZDMwIiwidCI6IjkwZjM1ZWVkLTAzMTItNGMwZi04ZTgwLTIzMDYzYzMxOTRjOCJ9\" frameborder=\"0\" allowFullScreen=\"true\"><\/iframe>\n\n\n\n<p class=\"has-text-align-center\">====================================================================<\/p>\n\n\n\n<p class=\"has-text-align-center has-medium-font-size\"><strong>IV. Tableros de control para consulta:<\/strong><\/p>\n\n\n\n<p class=\"has-text-align-center\"><a href=\"https:\/\/public.tableau.com\/app\/profile\/nicol.s.garc.a.pe.aloza\/viz\/PiramidePoblacional_16691699776820\/CifrasArmenia\" target=\"_blank\" rel=\"noreferrer noopener\"><strong>Demograf\u00eda<\/strong><\/a><\/p>\n\n\n\n<p class=\"has-text-align-center\"><a href=\"https:\/\/public.tableau.com\/app\/profile\/nicol.s.garc.a.pe.aloza\/viz\/OBSERVATORIOECONMICOMERCADOLABORAL\/MercadoLaboral\" target=\"_blank\" rel=\"noreferrer noopener\"><strong>Empleo<\/strong><\/a><\/p>\n\n\n\n<p class=\"has-text-align-center\">Precios: <a href=\"https:\/\/public.tableau.com\/app\/profile\/nicol.s.garc.a.pe.aloza\/viz\/InflacinMensual_16769875229400\/Mensual\" target=\"_blank\" rel=\"noreferrer noopener\"><strong>Mensuales<\/strong><\/a> y <a href=\"https:\/\/public.tableau.com\/app\/profile\/nicol.s.garc.a.pe.aloza\/viz\/InflacinAnual\/Anual?publish=yes\" target=\"_blank\" rel=\"noreferrer noopener\"><strong>Anual<\/strong><\/a><\/p>\n\n\n\n<p class=\"has-text-align-center\"><strong><a href=\"https:\/\/public.tableau.com\/app\/profile\/nicol.s.garc.a.pe.aloza\/viz\/OBSERVATORIOECONMICOEducacin\/Educacin\" target=\"_blank\" rel=\"noreferrer noopener\">Educaci\u00f3n<\/a><\/strong><\/p>\n\n\n\n<p class=\"has-text-align-center\"><strong><a href=\"https:\/\/public.tableau.com\/app\/profile\/nicol.s.garc.a.pe.aloza\/viz\/OBSERVATORIOECONMICOSalud\/Salud\">Salud<\/a><\/strong><\/p>\n\n\n\n<p class=\"has-text-align-center\"><a href=\"https:\/\/public.tableau.com\/app\/profile\/nicol.s.garc.a.pe.aloza\/viz\/OBSERVATORIOECONMICOSeguridad\/Seguridad\"><strong>Seguridad<\/strong><\/a><\/p>\n\n\n\n<p class=\"has-text-align-center\"><a href=\"https:\/\/public.tableau.com\/app\/profile\/nicol.s.garc.a.pe.aloza\/viz\/Ejecucinpresupuestal2023\/Ingreso\" target=\"_blank\" rel=\"noreferrer noopener\"><strong>Ingresos<\/strong><\/a> y <a href=\"https:\/\/public.tableau.com\/app\/profile\/nicol.s.garc.a.pe.aloza\/viz\/EjecucinpresupuestalGastos2023\/Dashboard1\" target=\"_blank\" rel=\"noreferrer noopener\"><strong>Gastos<\/strong><\/a> ARMENIA 2023<\/p>\n\n\n\n<p class=\"has-text-align-center\"><a href=\"https:\/\/public.tableau.com\/app\/profile\/nicol.s.garc.a.pe.aloza\/viz\/OBSERVATORIOTRIBUTARIOINGRESOS-MENSUAL2022\/Ingresos\" target=\"_blank\" rel=\"noreferrer noopener\"><strong>Ingresos<\/strong><\/a> y <a href=\"https:\/\/public.tableau.com\/app\/profile\/nicol.s.garc.a.pe.aloza\/viz\/OBSERVATORIOTRIBUTARIOGASTOS-MENSUAL2022\/Gastos\" target=\"_blank\" rel=\"noreferrer noopener\"><strong>Gastos<\/strong><\/a> ARMENIA 2022<\/p>\n\n\n\n<p class=\"has-text-align-center\"><strong><a href=\"https:\/\/public.tableau.com\/app\/profile\/nicol.s.garc.a.pe.aloza\/viz\/ndicePobrezaMultidimencional\/IPM\" target=\"_blank\" rel=\"noreferrer noopener\">Pobreza Multidimensional<\/a><\/strong> 2022<\/p>\n\n\n\n<p class=\"has-text-align-center\"><a href=\"https:\/\/observatorioarmenia.org\/site\/uncategorized\/observatorio-inmobiliario-tablero-de-control-con-informacion-de-ofertas-inmobiliarias-para-renta-y-venta\/\" target=\"_blank\" rel=\"noreferrer noopener\"><strong>Ofertas Inmobiliarias<\/strong><\/a><\/p>\n\n\n\n<p class=\"has-text-align-center\"><a href=\"https:\/\/public.tableau.com\/app\/profile\/juan.manuel.aristiz.bal\/viz\/Precioshednicos\/Dashboard1\" target=\"_blank\" rel=\"noreferrer noopener\"><strong>Precios Hed\u00f3nicos<\/strong><\/a><\/p>\n\n\n\n<p class=\"has-text-align-center\"><a href=\"https:\/\/public.tableau.com\/app\/profile\/juan.manuel.aristiz.bal\/viz\/Usodelsuelo\/Dashboard1\" target=\"_blank\" rel=\"noreferrer noopener\"><strong>Usos del suelo<\/strong><\/a><\/p>\n\n\n\n<p class=\"has-text-align-center\"><a href=\"https:\/\/public.tableau.com\/app\/profile\/juan.manuel.aristiz.bal\/viz\/Indicadoresdemogrficos_16646804818430\/Dashboard1\" target=\"_blank\" rel=\"noreferrer noopener\"><strong>Indicadores demogr\u00e1ficos<\/strong><\/a><\/p>\n\n\n\n<p class=\"has-text-align-center\"><a href=\"https:\/\/public.tableau.com\/app\/profile\/juan.manuel.aristiz.bal\/viz\/Institucioneseducativas\/Institucioneseducativas\" target=\"_blank\" rel=\"noreferrer noopener\"><strong>Instituciones educativas<\/strong><\/a><\/p>\n\n\n\n<p class=\"has-text-align-center\"><a href=\"https:\/\/public.tableau.com\/app\/profile\/juan.manuel.aristiz.bal\/viz\/Espaciopblico_16646801798460\/Espaciopblico\" target=\"_blank\" rel=\"noreferrer noopener\"><strong>Espacio p\u00fablico<\/strong><\/a><\/p>\n\n\n\n<p class=\"has-text-align-center has-medium-font-size\"><strong>V. Marco Fiscal de Mediano Plazo (MFMP) 2022 y 2024:<\/strong><\/p>\n\n\n\n<p><a href=\"https:\/\/observatorioarmenia.org\/site\/contactenos\/\">Consulte aqu\u00ed los Marcos Fiscales de Mediano Plazo de Armenia<\/a><\/p>\n","protected":false},"excerpt":{"rendered":"<p>Los datos de la ciudad de Armenia se han organizado en cuatro secciones: I. Series de datos de Armenia: Consiste en un total de 190 indicadores, en forma de serie temporal trimestral, desde el a\u00f1o 2015, con informaci\u00f3n de inter\u00e9s tanto de la ciudad como a nivel nacional. Fecha actualizaci\u00f3n:<\/p>\n<div class=\"continue-reading-wrapper\"><a href=\"https:\/\/observatorioarmenia.org\/site\/3-datos\/\" class=\"continue-reading\">Ampliar informaci\u00f3n<i class=\"ion-ios-arrow-right\"><\/i><\/a><\/div>\n","protected":false},"author":1,"featured_media":0,"parent":0,"menu_order":0,"comment_status":"closed","ping_status":"closed","template":"","meta":{"footnotes":""},"class_list":["post-6768","page","type-page","status-publish","hentry"],"_links":{"self":[{"href":"https:\/\/observatorioarmenia.org\/site\/wp-json\/wp\/v2\/pages\/6768","targetHints":{"allow":["GET"]}}],"collection":[{"href":"https:\/\/observatorioarmenia.org\/site\/wp-json\/wp\/v2\/pages"}],"about":[{"href":"https:\/\/observatorioarmenia.org\/site\/wp-json\/wp\/v2\/types\/page"}],"author":[{"embeddable":true,"href":"https:\/\/observatorioarmenia.org\/site\/wp-json\/wp\/v2\/users\/1"}],"replies":[{"embeddable":true,"href":"https:\/\/observatorioarmenia.org\/site\/wp-json\/wp\/v2\/comments?post=6768"}],"version-history":[{"count":4,"href":"https:\/\/observatorioarmenia.org\/site\/wp-json\/wp\/v2\/pages\/6768\/revisions"}],"predecessor-version":[{"id":7558,"href":"https:\/\/observatorioarmenia.org\/site\/wp-json\/wp\/v2\/pages\/6768\/revisions\/7558"}],"wp:attachment":[{"href":"https:\/\/observatorioarmenia.org\/site\/wp-json\/wp\/v2\/media?parent=6768"}],"curies":[{"name":"wp","href":"https:\/\/api.w.org\/{rel}","templated":true}]}}