{"id":6539,"date":"2025-10-03T10:34:02","date_gmt":"2025-10-03T15:34:02","guid":{"rendered":"https:\/\/observatorioarmenia.org\/site\/?page_id=6539"},"modified":"2026-03-16T08:38:20","modified_gmt":"2026-03-16T13:38:20","slug":"2-5-observatorio-de-turismo-de-armenia","status":"publish","type":"page","link":"https:\/\/observatorioarmenia.org\/site\/2-5-observatorio-de-turismo-de-armenia\/","title":{"rendered":"2.5 Observatorio de Turismo de Armenia"},"content":{"rendered":"<div class=\"wp-block-image\">\n<figure class=\"aligncenter size-full is-resized\"><img loading=\"lazy\" decoding=\"async\" width=\"576\" height=\"385\" src=\"https:\/\/observatorioarmenia.org\/site\/wp-content\/uploads\/2025\/11\/DE-TURISMO-1.png\" alt=\"\" class=\"wp-image-6919\" style=\"width:274px;height:auto\" srcset=\"https:\/\/observatorioarmenia.org\/site\/wp-content\/uploads\/2025\/11\/DE-TURISMO-1.png 576w, https:\/\/observatorioarmenia.org\/site\/wp-content\/uploads\/2025\/11\/DE-TURISMO-1-300x201.png 300w\" sizes=\"auto, (max-width: 576px) 100vw, 576px\" \/><\/figure>\n<\/div>\n\n\n<p>El Observatorio de Turismo de Armenia lo conforman las secciones de Tableros de indicadores, Armenia Ciudad Tur\u00edstica y las Notas del Observatorio.<\/p>\n\n\n\n<p class=\"has-text-align-center\"><strong>I. Indicadores:<\/strong><\/p>\n\n\n\n<p class=\"has-text-align-center\"><strong>1.1 \u00cdndice de Competitividad de Turismo:<\/strong><\/p>\n\n\n\n<iframe loading=\"lazy\" title=\"Indicadores de turismo 30102025\" width=\"600\" height=\"373.5\" src=\"https:\/\/app.powerbi.com\/view?r=eyJrIjoiNjg4NGJkODItYTlhOC00MzRhLWExMWItMzBhN2RlODAyN2I2IiwidCI6IjkwZjM1ZWVkLTAzMTItNGMwZi04ZTgwLTIzMDYzYzMxOTRjOCJ9\" frameborder=\"0\" allowFullScreen=\"true\"><\/iframe>\n\n\n\n<p class=\"has-text-align-center\"><strong>1.2 de Turismo y Excursionismo Interno:<\/strong><\/p>\n\n\n\n<iframe loading=\"lazy\" title=\"EGIT 2024 07102025 V2\" width=\"600\" height=\"373.5\" src=\"https:\/\/app.powerbi.com\/view?r=eyJrIjoiMDUyNDI3ZDUtYWQzOS00ZGYxLWI5MTEtZTNiMDgxNzViMTRmIiwidCI6IjkwZjM1ZWVkLTAzMTItNGMwZi04ZTgwLTIzMDYzYzMxOTRjOCJ9\" frameborder=\"0\" allowFullScreen=\"true\"><\/iframe>\n\n\n\n<p><\/p>\n\n\n\n<p class=\"has-text-align-center has-vivid-green-cyan-color has-text-color has-link-color has-medium-font-size wp-elements-dc4461fea8812a84608bfd163be6ca68\"><strong>II. <a href=\"https:\/\/observatorioarmenia.org\/site\/2-5-1-armenia-ciudad-turistica\/\" target=\"_blank\" rel=\"noreferrer noopener\">ARMENIA: CIUDAD TUR\u00cdSTICA<\/a><\/strong><\/p>\n\n\n\n<p class=\"has-text-align-center has-medium-font-size\"><strong>III. NOTAS DEL OBSERVATORIO:<\/strong><\/p>\n\n\n\n<figure class=\"wp-block-embed is-type-wp-embed is-provider-proyecto-armenia wp-block-embed-proyecto-armenia\"><div class=\"wp-block-embed__wrapper\">\n<blockquote class=\"wp-embedded-content\" data-secret=\"tSKC66714i\"><a href=\"https:\/\/observatorioarmenia.org\/site\/uncategorized\/observatorio-turistico-hoteles-y-hospedajes-y-el-aumento-del-salario-minimo-en-2026\/\">Observatorio de Turismo: hoteles y hospedajes y el aumento del salario m\u00ednimo en 2026<\/a><\/blockquote><iframe loading=\"lazy\" class=\"wp-embedded-content\" sandbox=\"allow-scripts\" security=\"restricted\" style=\"position: absolute; visibility: hidden;\" title=\"&#8220;Observatorio de Turismo: hoteles y hospedajes y el aumento del salario m\u00ednimo en 2026&#8221; &#8212; Proyecto Armenia\" src=\"https:\/\/observatorioarmenia.org\/site\/uncategorized\/observatorio-turistico-hoteles-y-hospedajes-y-el-aumento-del-salario-minimo-en-2026\/embed\/#?secret=PJtBPIWamn#?secret=tSKC66714i\" data-secret=\"tSKC66714i\" width=\"600\" height=\"338\" frameborder=\"0\" marginwidth=\"0\" marginheight=\"0\" scrolling=\"no\"><\/iframe>\n<\/div><\/figure>\n\n\n\n<figure class=\"wp-block-embed is-type-wp-embed is-provider-proyecto-armenia wp-block-embed-proyecto-armenia\"><div class=\"wp-block-embed__wrapper\">\n<blockquote class=\"wp-embedded-content\" data-secret=\"C8fPMcok07\"><a href=\"https:\/\/observatorioarmenia.org\/site\/uncategorized\/observatorio-de-turismo-resultados-para-el-quindio-del-indice-de-competitividad-turistica-2025\/\">Observatorio de Turismo: resultados para el Quind\u00edo del \u00cdndice de Competitividad Tur\u00edstica 2025<\/a><\/blockquote><iframe loading=\"lazy\" class=\"wp-embedded-content\" sandbox=\"allow-scripts\" security=\"restricted\" style=\"position: absolute; visibility: hidden;\" title=\"&#8220;Observatorio de Turismo: resultados para el Quind\u00edo del \u00cdndice de Competitividad Tur\u00edstica 2025&#8221; &#8212; Proyecto Armenia\" src=\"https:\/\/observatorioarmenia.org\/site\/uncategorized\/observatorio-de-turismo-resultados-para-el-quindio-del-indice-de-competitividad-turistica-2025\/embed\/#?secret=Gx6NHfAQBm#?secret=C8fPMcok07\" data-secret=\"C8fPMcok07\" width=\"600\" height=\"338\" frameborder=\"0\" marginwidth=\"0\" marginheight=\"0\" scrolling=\"no\"><\/iframe>\n<\/div><\/figure>\n\n\n\n<figure class=\"wp-block-embed is-type-wp-embed is-provider-proyecto-armenia wp-block-embed-proyecto-armenia\"><div class=\"wp-block-embed__wrapper\">\n<blockquote class=\"wp-embedded-content\" data-secret=\"hIPo2TCzds\"><a href=\"https:\/\/observatorioarmenia.org\/site\/uncategorized\/observatorio-de-turismo-como-esta-colombia-en-turismo-internacional\/\">Observatorio de Turismo: Como est\u00e1 Colombia en turismo internacional<\/a><\/blockquote><iframe loading=\"lazy\" class=\"wp-embedded-content\" sandbox=\"allow-scripts\" security=\"restricted\" style=\"position: absolute; visibility: hidden;\" title=\"&#8220;Observatorio de Turismo: Como est\u00e1 Colombia en turismo internacional&#8221; &#8212; Proyecto Armenia\" src=\"https:\/\/observatorioarmenia.org\/site\/uncategorized\/observatorio-de-turismo-como-esta-colombia-en-turismo-internacional\/embed\/#?secret=5YhL8WHUST#?secret=hIPo2TCzds\" data-secret=\"hIPo2TCzds\" width=\"600\" height=\"338\" frameborder=\"0\" marginwidth=\"0\" marginheight=\"0\" scrolling=\"no\"><\/iframe>\n<\/div><\/figure>\n\n\n\n<figure class=\"wp-block-embed is-type-wp-embed is-provider-proyecto-armenia wp-block-embed-proyecto-armenia\"><div class=\"wp-block-embed__wrapper\">\n<blockquote class=\"wp-embedded-content\" data-secret=\"mIv4Aaoz72\"><a href=\"https:\/\/observatorioarmenia.org\/site\/uncategorized\/observatorio-de-turismo-el-aumento-del-salario-minimo-y-su-impacto-en-la-estructura-de-costos-laborales-en-restaurantes-y-hoteles\/\">Observatorio de Turismo: el aumento del salario m\u00ednimo y su impacto en la estructura de costos laborales en restaurantes y hoteles<\/a><\/blockquote><iframe loading=\"lazy\" class=\"wp-embedded-content\" sandbox=\"allow-scripts\" security=\"restricted\" style=\"position: absolute; visibility: hidden;\" title=\"&#8220;Observatorio de Turismo: el aumento del salario m\u00ednimo y su impacto en la estructura de costos laborales en restaurantes y hoteles&#8221; &#8212; Proyecto Armenia\" src=\"https:\/\/observatorioarmenia.org\/site\/uncategorized\/observatorio-de-turismo-el-aumento-del-salario-minimo-y-su-impacto-en-la-estructura-de-costos-laborales-en-restaurantes-y-hoteles\/embed\/#?secret=xpGFjfgrOa#?secret=mIv4Aaoz72\" data-secret=\"mIv4Aaoz72\" width=\"600\" height=\"338\" frameborder=\"0\" marginwidth=\"0\" marginheight=\"0\" scrolling=\"no\"><\/iframe>\n<\/div><\/figure>\n\n\n\n<figure class=\"wp-block-embed is-type-wp-embed is-provider-proyecto-armenia wp-block-embed-proyecto-armenia\"><div class=\"wp-block-embed__wrapper\">\n<blockquote class=\"wp-embedded-content\" data-secret=\"PxI5oLsBMO\"><a href=\"https:\/\/observatorioarmenia.org\/site\/uncategorized\/observatorio-de-turismo-la-seguridad-del-pais-y-su-influencia-en-el-turismo-internacional\/\">Observatorio de Turismo: la seguridad del pa\u00eds y su influencia en el turismo internacional<\/a><\/blockquote><iframe loading=\"lazy\" class=\"wp-embedded-content\" sandbox=\"allow-scripts\" security=\"restricted\" style=\"position: absolute; visibility: hidden;\" title=\"&#8220;Observatorio de Turismo: la seguridad del pa\u00eds y su influencia en el turismo internacional&#8221; &#8212; Proyecto Armenia\" src=\"https:\/\/observatorioarmenia.org\/site\/uncategorized\/observatorio-de-turismo-la-seguridad-del-pais-y-su-influencia-en-el-turismo-internacional\/embed\/#?secret=HTQbRX6LXP#?secret=PxI5oLsBMO\" data-secret=\"PxI5oLsBMO\" width=\"600\" height=\"338\" frameborder=\"0\" marginwidth=\"0\" marginheight=\"0\" scrolling=\"no\"><\/iframe>\n<\/div><\/figure>\n\n\n\n<figure class=\"wp-block-embed is-type-wp-embed is-provider-proyecto-armenia wp-block-embed-proyecto-armenia\"><div class=\"wp-block-embed__wrapper\">\n<blockquote class=\"wp-embedded-content\" data-secret=\"tgUD9MOPFL\"><a href=\"https:\/\/observatorioarmenia.org\/site\/uncategorized\/observatorio-de-turismo-segmentacion-del-mercado-gastronomico-en-armenia\/\">Observatorio de Turismo: Segmentaci\u00f3n del Mercado Gastron\u00f3mico en Armenia<\/a><\/blockquote><iframe loading=\"lazy\" class=\"wp-embedded-content\" sandbox=\"allow-scripts\" security=\"restricted\" style=\"position: absolute; visibility: hidden;\" title=\"&#8220;Observatorio de Turismo: Segmentaci\u00f3n del Mercado Gastron\u00f3mico en Armenia&#8221; &#8212; Proyecto Armenia\" src=\"https:\/\/observatorioarmenia.org\/site\/uncategorized\/observatorio-de-turismo-segmentacion-del-mercado-gastronomico-en-armenia\/embed\/#?secret=bLOhlATv1y#?secret=tgUD9MOPFL\" data-secret=\"tgUD9MOPFL\" width=\"600\" height=\"338\" frameborder=\"0\" marginwidth=\"0\" marginheight=\"0\" scrolling=\"no\"><\/iframe>\n<\/div><\/figure>\n\n\n\n<figure class=\"wp-block-embed is-type-wp-embed is-provider-proyecto-armenia wp-block-embed-proyecto-armenia\"><div class=\"wp-block-embed__wrapper\">\n<blockquote class=\"wp-embedded-content\" data-secret=\"pyLDzh96MT\"><a href=\"https:\/\/observatorioarmenia.org\/site\/uncategorized\/observatorio-de-turismo-de-armenia-impactos-de-la-nueva-reforma-laboral-en-el-sector-de-alojamiento-y-servicios-de-comida-en-armenia-quindio-2025-2027\/\">Observatorio de Turismo de Armenia: Impactos de la nueva reforma laboral en el sector de alojamiento y servicios de comida en Armenia, Quind\u00edo (2025\u20132027)<\/a><\/blockquote><iframe loading=\"lazy\" class=\"wp-embedded-content\" sandbox=\"allow-scripts\" security=\"restricted\" style=\"position: absolute; visibility: hidden;\" title=\"&#8220;Observatorio de Turismo de Armenia: Impactos de la nueva reforma laboral en el sector de alojamiento y servicios de comida en Armenia, Quind\u00edo (2025\u20132027)&#8221; &#8212; Proyecto Armenia\" src=\"https:\/\/observatorioarmenia.org\/site\/uncategorized\/observatorio-de-turismo-de-armenia-impactos-de-la-nueva-reforma-laboral-en-el-sector-de-alojamiento-y-servicios-de-comida-en-armenia-quindio-2025-2027\/embed\/#?secret=C9soEnB9TI#?secret=pyLDzh96MT\" data-secret=\"pyLDzh96MT\" width=\"600\" height=\"338\" frameborder=\"0\" marginwidth=\"0\" marginheight=\"0\" scrolling=\"no\"><\/iframe>\n<\/div><\/figure>\n\n\n\n<figure class=\"wp-block-embed is-type-wp-embed is-provider-proyecto-armenia wp-block-embed-proyecto-armenia\"><div class=\"wp-block-embed__wrapper\">\n<blockquote class=\"wp-embedded-content\" data-secret=\"602DPKvhDW\"><a href=\"https:\/\/observatorioarmenia.org\/site\/uncategorized\/observatorio-de-turismo-de-armenia-entre-la-visita-a-familiares-y-las-vacaciones\/\">Observatorio de Turismo de Armenia: entre la visita a familiares y las vacaciones<\/a><\/blockquote><iframe loading=\"lazy\" class=\"wp-embedded-content\" sandbox=\"allow-scripts\" security=\"restricted\" style=\"position: absolute; visibility: hidden;\" title=\"&#8220;Observatorio de Turismo de Armenia: entre la visita a familiares y las vacaciones&#8221; &#8212; Proyecto Armenia\" src=\"https:\/\/observatorioarmenia.org\/site\/uncategorized\/observatorio-de-turismo-de-armenia-entre-la-visita-a-familiares-y-las-vacaciones\/embed\/#?secret=yWHGjSFluh#?secret=602DPKvhDW\" data-secret=\"602DPKvhDW\" width=\"600\" height=\"338\" frameborder=\"0\" marginwidth=\"0\" marginheight=\"0\" scrolling=\"no\"><\/iframe>\n<\/div><\/figure>\n\n\n\n<figure class=\"wp-block-embed is-type-wp-embed is-provider-proyecto-armenia wp-block-embed-proyecto-armenia\"><div class=\"wp-block-embed__wrapper\">\n<blockquote class=\"wp-embedded-content\" data-secret=\"1EFaRbqRf8\"><a href=\"https:\/\/observatorioarmenia.org\/site\/uncategorized\/observatorio-de-turismo-de-armenia-el-inicio-de-la-internacionalizacion-hotelera-en-la-ciudad-y-sus-efectos-en-la-oferta\/\">Observatorio de Turismo de Armenia: el inicio de la internacionalizaci\u00f3n hotelera en la ciudad y sus efectos en la oferta<\/a><\/blockquote><iframe loading=\"lazy\" class=\"wp-embedded-content\" sandbox=\"allow-scripts\" security=\"restricted\" style=\"position: absolute; visibility: hidden;\" title=\"&#8220;Observatorio de Turismo de Armenia: el inicio de la internacionalizaci\u00f3n hotelera en la ciudad y sus efectos en la oferta&#8221; &#8212; Proyecto Armenia\" src=\"https:\/\/observatorioarmenia.org\/site\/uncategorized\/observatorio-de-turismo-de-armenia-el-inicio-de-la-internacionalizacion-hotelera-en-la-ciudad-y-sus-efectos-en-la-oferta\/embed\/#?secret=W3v0TV7TjN#?secret=1EFaRbqRf8\" data-secret=\"1EFaRbqRf8\" width=\"600\" height=\"338\" frameborder=\"0\" marginwidth=\"0\" marginheight=\"0\" scrolling=\"no\"><\/iframe>\n<\/div><\/figure>\n\n\n\n<figure class=\"wp-block-embed is-type-wp-embed is-provider-proyecto-armenia wp-block-embed-proyecto-armenia\"><div class=\"wp-block-embed__wrapper\">\n<blockquote class=\"wp-embedded-content\" data-secret=\"TYkYLQkjZG\"><a href=\"https:\/\/observatorioarmenia.org\/site\/uncategorized\/observatorio-de-turismo-de-armenia-el-impacto-de-las-plataformas-electronicas-en-el-turismo-de-la-ciudad\/\">Observatorio de Turismo de Armenia: El impacto de las plataformas electr\u00f3nicas en el turismo de la ciudad<\/a><\/blockquote><iframe loading=\"lazy\" class=\"wp-embedded-content\" sandbox=\"allow-scripts\" security=\"restricted\" style=\"position: absolute; visibility: hidden;\" title=\"&#8220;Observatorio de Turismo de Armenia: El impacto de las plataformas electr\u00f3nicas en el turismo de la ciudad&#8221; &#8212; Proyecto Armenia\" src=\"https:\/\/observatorioarmenia.org\/site\/uncategorized\/observatorio-de-turismo-de-armenia-el-impacto-de-las-plataformas-electronicas-en-el-turismo-de-la-ciudad\/embed\/#?secret=vExoQlMuPj#?secret=TYkYLQkjZG\" data-secret=\"TYkYLQkjZG\" width=\"600\" height=\"338\" frameborder=\"0\" marginwidth=\"0\" marginheight=\"0\" scrolling=\"no\"><\/iframe>\n<\/div><\/figure>\n\n\n\n<p><\/p>\n","protected":false},"excerpt":{"rendered":"<p>El Observatorio de Turismo de Armenia lo conforman las secciones de Tableros de indicadores, Armenia Ciudad Tur\u00edstica y las Notas del Observatorio. I. Indicadores: 1.1 \u00cdndice de Competitividad de Turismo: 1.2 de Turismo y Excursionismo Interno: II. ARMENIA: CIUDAD TUR\u00cdSTICA III. NOTAS DEL OBSERVATORIO:<\/p>\n","protected":false},"author":1,"featured_media":0,"parent":0,"menu_order":0,"comment_status":"closed","ping_status":"closed","template":"","meta":{"footnotes":""},"class_list":["post-6539","page","type-page","status-publish","hentry"],"_links":{"self":[{"href":"https:\/\/observatorioarmenia.org\/site\/wp-json\/wp\/v2\/pages\/6539","targetHints":{"allow":["GET"]}}],"collection":[{"href":"https:\/\/observatorioarmenia.org\/site\/wp-json\/wp\/v2\/pages"}],"about":[{"href":"https:\/\/observatorioarmenia.org\/site\/wp-json\/wp\/v2\/types\/page"}],"author":[{"embeddable":true,"href":"https:\/\/observatorioarmenia.org\/site\/wp-json\/wp\/v2\/users\/1"}],"replies":[{"embeddable":true,"href":"https:\/\/observatorioarmenia.org\/site\/wp-json\/wp\/v2\/comments?post=6539"}],"version-history":[{"count":19,"href":"https:\/\/observatorioarmenia.org\/site\/wp-json\/wp\/v2\/pages\/6539\/revisions"}],"predecessor-version":[{"id":7643,"href":"https:\/\/observatorioarmenia.org\/site\/wp-json\/wp\/v2\/pages\/6539\/revisions\/7643"}],"wp:attachment":[{"href":"https:\/\/observatorioarmenia.org\/site\/wp-json\/wp\/v2\/media?parent=6539"}],"curies":[{"name":"wp","href":"https:\/\/api.w.org\/{rel}","templated":true}]}}