{"id":6525,"date":"2025-10-03T10:21:21","date_gmt":"2025-10-03T15:21:21","guid":{"rendered":"https:\/\/observatorioarmenia.org\/site\/?page_id=6525"},"modified":"2026-04-06T15:40:24","modified_gmt":"2026-04-06T20:40:24","slug":"2-8-impactos-normativos","status":"publish","type":"page","link":"https:\/\/observatorioarmenia.org\/site\/2-8-impactos-normativos\/","title":{"rendered":"2.8 Impactos Normativos"},"content":{"rendered":"\n<p>En esta secci\u00f3n se publican los <em>Policy Memos<\/em> elaborados para el an\u00e1lisis de los impactos normativos de la Secretar\u00eda de Hacienda:<\/p>\n\n\n\n<div data-wp-interactive=\"core\/file\" class=\"wp-block-file\"><object data-wp-bind--hidden=\"!state.hasPdfPreview\" hidden class=\"wp-block-file__embed\" data=\"https:\/\/observatorioarmenia.org\/site\/wp-content\/uploads\/2026\/04\/PM03-2026-CONSUMO-2.pdf\" type=\"application\/pdf\" style=\"width:100%;height:600px\" aria-label=\"Incrustado de PM03-2026-CONSUMO.\"><\/object><a id=\"wp-block-file--media-160b4fcd-8f75-42f5-ba28-07ffde639f74\" href=\"https:\/\/observatorioarmenia.org\/site\/wp-content\/uploads\/2026\/04\/PM03-2026-CONSUMO-2.pdf\">PM03-2026-CONSUMO<\/a><a href=\"https:\/\/observatorioarmenia.org\/site\/wp-content\/uploads\/2026\/04\/PM03-2026-CONSUMO-2.pdf\" class=\"wp-block-file__button wp-element-button\" download aria-describedby=\"wp-block-file--media-160b4fcd-8f75-42f5-ba28-07ffde639f74\">Descargar<\/a><\/div>\n\n\n\n<div data-wp-interactive=\"core\/file\" class=\"wp-block-file\"><object data-wp-bind--hidden=\"!state.hasPdfPreview\" hidden class=\"wp-block-file__embed\" data=\"https:\/\/observatorioarmenia.org\/site\/wp-content\/uploads\/2026\/04\/PM02-2026-CORRIENTAZO.pdf\" type=\"application\/pdf\" style=\"width:100%;height:600px\" aria-label=\"Incrustado de PM02-2026-CORRIENTAZO.\"><\/object><a id=\"wp-block-file--media-467a7c5b-deea-4ad8-8b63-07cc23d993b5\" href=\"https:\/\/observatorioarmenia.org\/site\/wp-content\/uploads\/2026\/04\/PM02-2026-CORRIENTAZO.pdf\">PM02-2026-CORRIENTAZO<\/a><a href=\"https:\/\/observatorioarmenia.org\/site\/wp-content\/uploads\/2026\/04\/PM02-2026-CORRIENTAZO.pdf\" class=\"wp-block-file__button wp-element-button\" download aria-describedby=\"wp-block-file--media-467a7c5b-deea-4ad8-8b63-07cc23d993b5\">Descargar<\/a><\/div>\n\n\n\n<div data-wp-interactive=\"core\/file\" class=\"wp-block-file\"><object data-wp-bind--hidden=\"!state.hasPdfPreview\" hidden class=\"wp-block-file__embed\" data=\"https:\/\/observatorioarmenia.org\/site\/wp-content\/uploads\/2026\/02\/PM01-2026-TIPM.pdf\" type=\"application\/pdf\" style=\"width:100%;height:600px\" aria-label=\"Incrustado de PM01-2026-TIPM.\"><\/object><a id=\"wp-block-file--media-992a7098-9083-4461-a2dc-52c5168ba9b1\" href=\"https:\/\/observatorioarmenia.org\/site\/wp-content\/uploads\/2026\/02\/PM01-2026-TIPM.pdf\">PM01-2026-TIPM<\/a><a href=\"https:\/\/observatorioarmenia.org\/site\/wp-content\/uploads\/2026\/02\/PM01-2026-TIPM.pdf\" class=\"wp-block-file__button wp-element-button\" download aria-describedby=\"wp-block-file--media-992a7098-9083-4461-a2dc-52c5168ba9b1\">Descargar<\/a><\/div>\n\n\n\n<div data-wp-interactive=\"core\/file\" class=\"wp-block-file\"><object data-wp-bind--hidden=\"!state.hasPdfPreview\" hidden class=\"wp-block-file__embed\" data=\"https:\/\/observatorioarmenia.org\/site\/wp-content\/uploads\/2025\/12\/PM12-2025-CRECIMIENTO-Y-PRODUCTIVIDAD.pdf\" type=\"application\/pdf\" style=\"width:100%;height:600px\" aria-label=\"Incrustado de PM12-2025-CRECIMIENTO Y PRODUCTIVIDAD.\"><\/object><a id=\"wp-block-file--media-f8055625-21a6-4690-9dac-cc3879ddac01\" href=\"https:\/\/observatorioarmenia.org\/site\/wp-content\/uploads\/2025\/12\/PM12-2025-CRECIMIENTO-Y-PRODUCTIVIDAD.pdf\">PM12-2025-CRECIMIENTO Y PRODUCTIVIDAD<\/a><a href=\"https:\/\/observatorioarmenia.org\/site\/wp-content\/uploads\/2025\/12\/PM12-2025-CRECIMIENTO-Y-PRODUCTIVIDAD.pdf\" class=\"wp-block-file__button wp-element-button\" download aria-describedby=\"wp-block-file--media-f8055625-21a6-4690-9dac-cc3879ddac01\">Descargar<\/a><\/div>\n\n\n\n<div data-wp-interactive=\"core\/file\" class=\"wp-block-file\"><object data-wp-bind--hidden=\"!state.hasPdfPreview\" hidden class=\"wp-block-file__embed\" data=\"https:\/\/observatorioarmenia.org\/site\/wp-content\/uploads\/2025\/12\/PM11-2025-MORAL-TRIBUTARIA.pdf\" type=\"application\/pdf\" style=\"width:100%;height:600px\" aria-label=\"Incrustado de PM11-2025-MORAL TRIBUTARIA.\"><\/object><a id=\"wp-block-file--media-6d7bbed6-556f-4998-bfbb-9b965afd6850\" href=\"https:\/\/observatorioarmenia.org\/site\/wp-content\/uploads\/2025\/12\/PM11-2025-MORAL-TRIBUTARIA.pdf\">PM11-2025-MORAL TRIBUTARIA<\/a><a href=\"https:\/\/observatorioarmenia.org\/site\/wp-content\/uploads\/2025\/12\/PM11-2025-MORAL-TRIBUTARIA.pdf\" class=\"wp-block-file__button wp-element-button\" download aria-describedby=\"wp-block-file--media-6d7bbed6-556f-4998-bfbb-9b965afd6850\">Descargar<\/a><\/div>\n\n\n\n<div data-wp-interactive=\"core\/file\" class=\"wp-block-file\"><object data-wp-bind--hidden=\"!state.hasPdfPreview\" hidden class=\"wp-block-file__embed\" data=\"https:\/\/observatorioarmenia.org\/site\/wp-content\/uploads\/2025\/11\/PM10-2025-ARRIENDOS-ARMENIA-1.pdf\" type=\"application\/pdf\" style=\"width:100%;height:600px\" aria-label=\"Incrustado de PM10-2025-ARRIENDOS ARMENIA.\"><\/object><a id=\"wp-block-file--media-9af8ed2f-a559-4580-bce6-fb90d466b996\" href=\"https:\/\/observatorioarmenia.org\/site\/wp-content\/uploads\/2025\/11\/PM10-2025-ARRIENDOS-ARMENIA-1.pdf\">PM10-2025-ARRIENDOS ARMENIA<\/a><a href=\"https:\/\/observatorioarmenia.org\/site\/wp-content\/uploads\/2025\/11\/PM10-2025-ARRIENDOS-ARMENIA-1.pdf\" class=\"wp-block-file__button wp-element-button\" download aria-describedby=\"wp-block-file--media-9af8ed2f-a559-4580-bce6-fb90d466b996\">Descargar<\/a><\/div>\n\n\n\n<p>====================================================================<\/p>\n\n\n\n<div data-wp-interactive=\"core\/file\" class=\"wp-block-file\"><object data-wp-bind--hidden=\"!state.hasPdfPreview\" hidden class=\"wp-block-file__embed\" data=\"https:\/\/observatorioarmenia.org\/site\/wp-content\/uploads\/2025\/10\/PM09-2025-INDICADORES-TRIBUTARIOS.pdf\" type=\"application\/pdf\" style=\"width:100%;height:600px\" aria-label=\"Incrustado de PM09-2025-INDICADORES TRIBUTARIOS.\"><\/object><a id=\"wp-block-file--media-98596e49-f8ab-4b64-a366-14a9ef9aa81d\" href=\"https:\/\/observatorioarmenia.org\/site\/wp-content\/uploads\/2025\/10\/PM09-2025-INDICADORES-TRIBUTARIOS.pdf\">PM09-2025-INDICADORES TRIBUTARIOS<\/a><a href=\"https:\/\/observatorioarmenia.org\/site\/wp-content\/uploads\/2025\/10\/PM09-2025-INDICADORES-TRIBUTARIOS.pdf\" class=\"wp-block-file__button wp-element-button\" download aria-describedby=\"wp-block-file--media-98596e49-f8ab-4b64-a366-14a9ef9aa81d\">Descargar<\/a><\/div>\n\n\n\n<p>====================================================================<\/p>\n\n\n\n<div data-wp-interactive=\"core\/file\" class=\"wp-block-file\"><object data-wp-bind--hidden=\"!state.hasPdfPreview\" hidden class=\"wp-block-file__embed\" data=\"https:\/\/observatorioarmenia.org\/site\/wp-content\/uploads\/2025\/10\/PM08-2025-ZONAS-AZULES.pdf\" type=\"application\/pdf\" style=\"width:100%;height:600px\" aria-label=\"Incrustado de PM08-2025-ZONAS AZULES.\"><\/object><a id=\"wp-block-file--media-d87be309-d73d-4cf9-8470-2662f1df7905\" href=\"https:\/\/observatorioarmenia.org\/site\/wp-content\/uploads\/2025\/10\/PM08-2025-ZONAS-AZULES.pdf\">PM08-2025-ZONAS AZULES<\/a><a href=\"https:\/\/observatorioarmenia.org\/site\/wp-content\/uploads\/2025\/10\/PM08-2025-ZONAS-AZULES.pdf\" class=\"wp-block-file__button wp-element-button\" download aria-describedby=\"wp-block-file--media-d87be309-d73d-4cf9-8470-2662f1df7905\">Descargar<\/a><\/div>\n\n\n\n<p>====================================================================<\/p>\n\n\n\n<div data-wp-interactive=\"core\/file\" class=\"wp-block-file\"><object data-wp-bind--hidden=\"!state.hasPdfPreview\" hidden class=\"wp-block-file__embed\" data=\"https:\/\/observatorioarmenia.org\/site\/wp-content\/uploads\/2025\/10\/PM07-2025-PLAN.pdf\" type=\"application\/pdf\" style=\"width:100%;height:600px\" aria-label=\"Incrustado de PM07-2025-PLAN.\"><\/object><a id=\"wp-block-file--media-33a236b3-b762-434a-8649-f699c1ace8a0\" href=\"https:\/\/observatorioarmenia.org\/site\/wp-content\/uploads\/2025\/10\/PM07-2025-PLAN.pdf\">PM07-2025-PLAN<\/a><a href=\"https:\/\/observatorioarmenia.org\/site\/wp-content\/uploads\/2025\/10\/PM07-2025-PLAN.pdf\" class=\"wp-block-file__button wp-element-button\" download aria-describedby=\"wp-block-file--media-33a236b3-b762-434a-8649-f699c1ace8a0\">Descargar<\/a><\/div>\n\n\n\n<p>====================================================================<\/p>\n\n\n\n<div data-wp-interactive=\"core\/file\" class=\"wp-block-file\"><object data-wp-bind--hidden=\"!state.hasPdfPreview\" hidden class=\"wp-block-file__embed\" data=\"https:\/\/observatorioarmenia.org\/site\/wp-content\/uploads\/2025\/10\/PM06-2025-EVASION-ARMENIA.pdf\" type=\"application\/pdf\" style=\"width:100%;height:600px\" aria-label=\"Incrustado de PM06-2025-EVASI\u00d3N ARMENIA.\"><\/object><a id=\"wp-block-file--media-6f178d0c-f07c-4e86-8a79-b51987e637a4\" href=\"https:\/\/observatorioarmenia.org\/site\/wp-content\/uploads\/2025\/10\/PM06-2025-EVASION-ARMENIA.pdf\">PM06-2025-EVASI\u00d3N ARMENIA<\/a><a href=\"https:\/\/observatorioarmenia.org\/site\/wp-content\/uploads\/2025\/10\/PM06-2025-EVASION-ARMENIA.pdf\" class=\"wp-block-file__button wp-element-button\" download aria-describedby=\"wp-block-file--media-6f178d0c-f07c-4e86-8a79-b51987e637a4\">Descargar<\/a><\/div>\n\n\n\n<p>====================================================================<\/p>\n\n\n\n<div data-wp-interactive=\"core\/file\" class=\"wp-block-file\"><object data-wp-bind--hidden=\"!state.hasPdfPreview\" hidden class=\"wp-block-file__embed\" data=\"https:\/\/observatorioarmenia.org\/site\/wp-content\/uploads\/2025\/10\/PM05-2025-SGP-ARMENIA.pdf\" type=\"application\/pdf\" style=\"width:100%;height:600px\" aria-label=\"Incrustado de PM05-2025-SGP-ARMENIA.\"><\/object><a id=\"wp-block-file--media-d5dea34f-adb0-4680-811f-5199f2727bc4\" href=\"https:\/\/observatorioarmenia.org\/site\/wp-content\/uploads\/2025\/10\/PM05-2025-SGP-ARMENIA.pdf\">PM05-2025-SGP-ARMENIA<\/a><a href=\"https:\/\/observatorioarmenia.org\/site\/wp-content\/uploads\/2025\/10\/PM05-2025-SGP-ARMENIA.pdf\" class=\"wp-block-file__button wp-element-button\" download aria-describedby=\"wp-block-file--media-d5dea34f-adb0-4680-811f-5199f2727bc4\">Descargar<\/a><\/div>\n\n\n\n<p>====================================================================<\/p>\n\n\n\n<div data-wp-interactive=\"core\/file\" class=\"wp-block-file\"><object data-wp-bind--hidden=\"!state.hasPdfPreview\" hidden class=\"wp-block-file__embed\" data=\"https:\/\/observatorioarmenia.org\/site\/wp-content\/uploads\/2025\/10\/PM04-2025-PROYECCION-DE-ILCD-25-A-29.pdf\" type=\"application\/pdf\" style=\"width:100%;height:600px\" aria-label=\"Incrustado de PM04-2025-PROYECCI\u00d3N DE ILCD 25 A 29.\"><\/object><a id=\"wp-block-file--media-0af0cd37-16df-43b4-ac4e-f649eee07a84\" href=\"https:\/\/observatorioarmenia.org\/site\/wp-content\/uploads\/2025\/10\/PM04-2025-PROYECCION-DE-ILCD-25-A-29.pdf\">PM04-2025-PROYECCI\u00d3N DE ILCD 25 A 29<\/a><a href=\"https:\/\/observatorioarmenia.org\/site\/wp-content\/uploads\/2025\/10\/PM04-2025-PROYECCION-DE-ILCD-25-A-29.pdf\" class=\"wp-block-file__button wp-element-button\" download aria-describedby=\"wp-block-file--media-0af0cd37-16df-43b4-ac4e-f649eee07a84\">Descargar<\/a><\/div>\n\n\n\n<p>====================================================================<\/p>\n\n\n\n<div data-wp-interactive=\"core\/file\" class=\"wp-block-file\"><object data-wp-bind--hidden=\"!state.hasPdfPreview\" hidden class=\"wp-block-file__embed\" data=\"https:\/\/observatorioarmenia.org\/site\/wp-content\/uploads\/2025\/10\/PM03-2025-EFECTOS-DEL-DEFICIT-FISCAL-EN-COLOMBIA.pdf\" type=\"application\/pdf\" style=\"width:100%;height:600px\" aria-label=\"Incrustado de PM03-2025-EFECTOS DEL DEFICIT FISCAL EN COLOMBIA.\"><\/object><a id=\"wp-block-file--media-6914df9f-d481-469c-a85d-5228df802080\" href=\"https:\/\/observatorioarmenia.org\/site\/wp-content\/uploads\/2025\/10\/PM03-2025-EFECTOS-DEL-DEFICIT-FISCAL-EN-COLOMBIA.pdf\">PM03-2025-EFECTOS DEL DEFICIT FISCAL EN COLOMBIA<\/a><a href=\"https:\/\/observatorioarmenia.org\/site\/wp-content\/uploads\/2025\/10\/PM03-2025-EFECTOS-DEL-DEFICIT-FISCAL-EN-COLOMBIA.pdf\" class=\"wp-block-file__button wp-element-button\" download aria-describedby=\"wp-block-file--media-6914df9f-d481-469c-a85d-5228df802080\">Descargar<\/a><\/div>\n\n\n\n<p>====================================================================<\/p>\n\n\n\n<div data-wp-interactive=\"core\/file\" class=\"wp-block-file\"><object data-wp-bind--hidden=\"!state.hasPdfPreview\" hidden class=\"wp-block-file__embed\" data=\"https:\/\/observatorioarmenia.org\/site\/wp-content\/uploads\/2025\/10\/PM02-2025-DISENO-LEY-DE-COMPETENCIAS.pdf\" type=\"application\/pdf\" style=\"width:100%;height:600px\" aria-label=\"Incrustado de PM02-2025-DISE\u00d1O LEY DE COMPETENCIAS.\"><\/object><a id=\"wp-block-file--media-78fc6228-28ab-4979-a560-9bdce5447984\" href=\"https:\/\/observatorioarmenia.org\/site\/wp-content\/uploads\/2025\/10\/PM02-2025-DISENO-LEY-DE-COMPETENCIAS.pdf\">PM02-2025-DISE\u00d1O LEY DE COMPETENCIAS<\/a><a href=\"https:\/\/observatorioarmenia.org\/site\/wp-content\/uploads\/2025\/10\/PM02-2025-DISENO-LEY-DE-COMPETENCIAS.pdf\" class=\"wp-block-file__button wp-element-button\" download aria-describedby=\"wp-block-file--media-78fc6228-28ab-4979-a560-9bdce5447984\">Descargar<\/a><\/div>\n\n\n\n<p>====================================================================<\/p>\n\n\n\n<div data-wp-interactive=\"core\/file\" class=\"wp-block-file\"><object data-wp-bind--hidden=\"!state.hasPdfPreview\" hidden class=\"wp-block-file__embed\" data=\"https:\/\/observatorioarmenia.org\/site\/wp-content\/uploads\/2025\/10\/PM01-2025-COMPORTAMIENTO-ICLD-2021-A-2024.pdf\" type=\"application\/pdf\" style=\"width:100%;height:600px\" aria-label=\"Incrustado de PM01-2025-COMPORTAMIENTO ICLD 2021 A 2024.\"><\/object><a id=\"wp-block-file--media-9c53e027-f60d-4ba8-b621-0cc52171acc1\" href=\"https:\/\/observatorioarmenia.org\/site\/wp-content\/uploads\/2025\/10\/PM01-2025-COMPORTAMIENTO-ICLD-2021-A-2024.pdf\">PM01-2025-COMPORTAMIENTO ICLD 2021 A 2024<\/a><a href=\"https:\/\/observatorioarmenia.org\/site\/wp-content\/uploads\/2025\/10\/PM01-2025-COMPORTAMIENTO-ICLD-2021-A-2024.pdf\" class=\"wp-block-file__button wp-element-button\" download aria-describedby=\"wp-block-file--media-9c53e027-f60d-4ba8-b621-0cc52171acc1\">Descargar<\/a><\/div>\n","protected":false},"excerpt":{"rendered":"<p>En esta secci\u00f3n se publican los Policy Memos elaborados para el an\u00e1lisis de los impactos normativos de la Secretar\u00eda de Hacienda: ==================================================================== ==================================================================== ==================================================================== ==================================================================== ==================================================================== ==================================================================== ==================================================================== ==================================================================== ====================================================================<\/p>\n","protected":false},"author":1,"featured_media":0,"parent":0,"menu_order":0,"comment_status":"closed","ping_status":"closed","template":"","meta":{"footnotes":""},"class_list":["post-6525","page","type-page","status-publish","hentry"],"_links":{"self":[{"href":"https:\/\/observatorioarmenia.org\/site\/wp-json\/wp\/v2\/pages\/6525","targetHints":{"allow":["GET"]}}],"collection":[{"href":"https:\/\/observatorioarmenia.org\/site\/wp-json\/wp\/v2\/pages"}],"about":[{"href":"https:\/\/observatorioarmenia.org\/site\/wp-json\/wp\/v2\/types\/page"}],"author":[{"embeddable":true,"href":"https:\/\/observatorioarmenia.org\/site\/wp-json\/wp\/v2\/users\/1"}],"replies":[{"embeddable":true,"href":"https:\/\/observatorioarmenia.org\/site\/wp-json\/wp\/v2\/comments?post=6525"}],"version-history":[{"count":8,"href":"https:\/\/observatorioarmenia.org\/site\/wp-json\/wp\/v2\/pages\/6525\/revisions"}],"predecessor-version":[{"id":7767,"href":"https:\/\/observatorioarmenia.org\/site\/wp-json\/wp\/v2\/pages\/6525\/revisions\/7767"}],"wp:attachment":[{"href":"https:\/\/observatorioarmenia.org\/site\/wp-json\/wp\/v2\/media?parent=6525"}],"curies":[{"name":"wp","href":"https:\/\/api.w.org\/{rel}","templated":true}]}}