{"id":3115,"date":"2024-03-06T11:48:54","date_gmt":"2024-03-06T16:48:54","guid":{"rendered":"https:\/\/observatorioarmenia.org\/site\/?page_id=3115"},"modified":"2026-03-18T08:26:32","modified_gmt":"2026-03-18T13:26:32","slug":"1-1-proyecto-armenia","status":"publish","type":"page","link":"https:\/\/observatorioarmenia.org\/site\/1-1-proyecto-armenia\/","title":{"rendered":"1.1 Proyecto Armenia"},"content":{"rendered":"\n<p>Proyecto Armenia es una iniciativa de la Alcald\u00eda de Armenia (Quind\u00edo) y tiene como objetivo servir de plataforma para la configuraci\u00f3n de pol\u00edtica p\u00fablica y dar soporte a la toma de decisiones a nivel p\u00fablico y privado.<\/p>\n\n\n\n<p>Las fases para la creaci\u00f3n e implementaci\u00f3n de pol\u00edtica p\u00fablica, en t\u00e9rminos generales son cinco:<\/p>\n\n\n\n<p>FASE 1: Elaboraci\u00f3n de la agenda p\u00fablica<\/p>\n\n\n\n<ul class=\"wp-block-list\">\n<li>Identificaci\u00f3n del marco de referencia<\/li>\n\n\n\n<li>Diagn\u00f3stico del problema<\/li>\n\n\n\n<li>An\u00e1lisis de actores involucrados<\/li>\n\n\n\n<li>Construcci\u00f3n participativa<\/li>\n<\/ul>\n\n\n\n<p>FASE 2: Formulaci\u00f3n de la pol\u00edtica<\/p>\n\n\n\n<ul class=\"wp-block-list\">\n<li>Construcci\u00f3n de la alternativa de soluci\u00f3n<\/li>\n\n\n\n<li>Valoraci\u00f3n t\u00e9cnico pol\u00edtica<\/li>\n\n\n\n<li>Definici\u00f3n de la estructura de la pol\u00edtica (Finalidad, Objetivo general, Objetivos espec\u00edficos, Estructura organizativa, Metas cuantificables, Actividades, Sistema de seguimiento y evaluaci\u00f3n, Responsables institucionales, Financiaci\u00f3n).<\/li>\n\n\n\n<li>Elaboraci\u00f3n documento t\u00e9cnico<\/li>\n<\/ul>\n\n\n\n<p>FASE 3: Adopci\u00f3n de la decisi\u00f3n<\/p>\n\n\n\n<ul class=\"wp-block-list\">\n<li>Elaboraci\u00f3n acto administrativo<\/li>\n\n\n\n<li>Verificaci\u00f3n y validaci\u00f3n t\u00e9cnico jur\u00eddidica<\/li>\n\n\n\n<li>Tr\u00e1mite del proyecto<\/li>\n<\/ul>\n\n\n\n<p>FASE 4: Implementaci\u00f3n<\/p>\n\n\n\n<ul class=\"wp-block-list\">\n<li>Dise\u00f1o de programas-planes-proyectos<\/li>\n\n\n\n<li>Coordinaci\u00f3n intersectorial<\/li>\n\n\n\n<li>Plan de acci\u00f3n<\/li>\n\n\n\n<li>Armonizaci\u00f3n<\/li>\n<\/ul>\n\n\n\n<p>FASE 5: Evaluaci\u00f3n<\/p>\n\n\n\n<ul class=\"wp-block-list\">\n<li>Seguimiento y monitoreo (Ex-ante, Intermedia, Ex-pos)<\/li>\n\n\n\n<li>Evaluaci\u00f3n de impacto<\/li>\n<\/ul>\n\n\n\n<p>La plataforma de Proyecto Armenia soporta las fases 1 y 2.<\/p>\n\n\n<div class=\"wp-block-image\">\n<figure class=\"aligncenter size-full is-resized\"><img loading=\"lazy\" decoding=\"async\" width=\"846\" height=\"665\" src=\"https:\/\/observatorioarmenia.org\/site\/wp-content\/uploads\/2025\/10\/1.FIG1_.png\" alt=\"\" class=\"wp-image-6744\" style=\"width:524px;height:auto\" srcset=\"https:\/\/observatorioarmenia.org\/site\/wp-content\/uploads\/2025\/10\/1.FIG1_.png 846w, https:\/\/observatorioarmenia.org\/site\/wp-content\/uploads\/2025\/10\/1.FIG1_-300x236.png 300w, https:\/\/observatorioarmenia.org\/site\/wp-content\/uploads\/2025\/10\/1.FIG1_-768x604.png 768w\" sizes=\"auto, (max-width: 846px) 100vw, 846px\" \/><\/figure>\n<\/div>\n\n\n<p>El contenido de la presente secci\u00f3n se divide en los siguientes puntos:<\/p>\n\n\n\n<ul class=\"wp-block-list\">\n<li>1. Estructura de la plataforma<\/li>\n\n\n\n<li>2. Arquitectura de una Hacienda Inteligente<\/li>\n\n\n\n<li>3. Gobernanza de datos\n<ul class=\"wp-block-list\">\n<li>3.1 Datos Maestros (Master Data),<\/li>\n\n\n\n<li>3.2 Datos de Referencia (Reference Data),<\/li>\n\n\n\n<li>3.3 Datos Transaccionales (Transactional Data) y<\/li>\n\n\n\n<li>3.4 Metadata,<\/li>\n<\/ul>\n<\/li>\n\n\n\n<li>4. Modelo Entidad-Relaci\u00f3n<\/li>\n<\/ul>\n\n\n\n<p class=\"has-large-font-size\"><strong>1. Estructura de la Plataforma<\/strong> <\/p>\n\n\n\n<p>Para el cumplimiento del objetivo general, se implementan bases de datos y tableros de control con la informaci\u00f3n clave de la ciudad. Con los datos de la ciudad se procede, mediante anal\u00edtica de datos, al desarrollo de modelos econom\u00e9tricos, de aprendizaje de m\u00e1quina y de simulaci\u00f3n, a la generaci\u00f3n de notas de an\u00e1lisis en temas de coyuntura y al desarrollo de estudios t\u00e9cnicos sobre aspectos relevantes de la ciudad. Por otra parte, se realizan consultas directas a la ciudadan\u00eda a nivel comuna para indagar la percepci\u00f3n de los ciudadanos sobre los problemas que enfrentan.<\/p>\n\n\n\n<p>Tanto del procesamiento de datos, como del an\u00e1lisis de las notas de coyuntura y los estudios t\u00e9cnicos se realiza un trabajo de consolidaci\u00f3n y articulaci\u00f3n para identificar problemas de la ciudad. Esta etapa permite realizar diagn\u00f3sticos a profundidad y con modelos m\u00e1s sofisticados, proponer soluciones.<\/p>\n\n\n\n<p>De esta manera, Proyecto Armenia tiene seis secciones: Contexto, Observatorios, Datos de Armenia, Desde la Comuna, El Quind\u00edo y Diagn\u00f3sticos.<\/p>\n\n\n<div class=\"wp-block-image\">\n<figure class=\"aligncenter size-large\"><img loading=\"lazy\" decoding=\"async\" width=\"1024\" height=\"266\" src=\"https:\/\/observatorioarmenia.org\/site\/wp-content\/uploads\/2025\/10\/1.FIG1_-1-1024x266.png\" alt=\"\" class=\"wp-image-6747\" srcset=\"https:\/\/observatorioarmenia.org\/site\/wp-content\/uploads\/2025\/10\/1.FIG1_-1-1024x266.png 1024w, https:\/\/observatorioarmenia.org\/site\/wp-content\/uploads\/2025\/10\/1.FIG1_-1-300x78.png 300w, https:\/\/observatorioarmenia.org\/site\/wp-content\/uploads\/2025\/10\/1.FIG1_-1-768x199.png 768w, https:\/\/observatorioarmenia.org\/site\/wp-content\/uploads\/2025\/10\/1.FIG1_-1.png 1191w\" sizes=\"auto, (max-width: 1024px) 100vw, 1024px\" \/><figcaption class=\"wp-element-caption\">Fuente: Secretar\u00eda de Hacienda de Armenia (2025)<\/figcaption><\/figure>\n<\/div>\n\n\n<p>La primera secci\u00f3n corresponde al contexto que explica el proyecto y presenta las perspectivas econ\u00f3micas de la ciudad. La segunda secci\u00f3n corresponde a los <strong><a href=\"https:\/\/observatorioarmenia.org\/site\/observatorios\/\" target=\"_blank\" rel=\"noreferrer noopener\">Observatorios<\/a><\/strong> que maneja la Secretar\u00eda de Hacienda (Fiscal, Tributario, Econ\u00f3mico, Inmobiliario y Tur\u00edstico), los cuales consignan las notas de coyuntura y estudios t\u00e9cnicos que ser\u00e1n insumos para la identificaci\u00f3n posterior de problemas. La tercera secci\u00f3n <strong><a href=\"https:\/\/observatorioarmenia.org\/site\/3-datos\/\" target=\"_blank\" rel=\"noreferrer noopener\">Datos de Armenia<\/a><\/strong> contiene informaci\u00f3n de la ciudad a trav\u00e9s de bases de datos trimestrales y tableros de control interactivos que apoyan a los <strong><a href=\"https:\/\/observatorioarmenia.org\/site\/observatorios\/\" target=\"_blank\" rel=\"noreferrer noopener\">Observatorios<\/a><\/strong>, estudios y diagn\u00f3sticos. La cuarta secci\u00f3n <strong><a href=\"https:\/\/observatorioarmenia.org\/site\/4-comunas\/\" target=\"_blank\" rel=\"noreferrer noopener\">Desde la Comuna<\/a><\/strong> explora de manera directa los problemas de la ciudad, a trav\u00e9s de encuestas y estudios sobre tem\u00e1ticas de sus habitantes. La quinta secci\u00f3n <strong><a href=\"https:\/\/observatorioarmenia.org\/site\/5-quindio\/\" target=\"_blank\" rel=\"noreferrer noopener\">Armenia y el Quind\u00edo<\/a><\/strong> explora, de acuerdo con el perfil econ\u00f3mico de la ciudad, c\u00f3mo este se puede articular con los dem\u00e1s municipios del departamento. La sexta secci\u00f3n <a href=\"https:\/\/observatorioarmenia.org\/site\/6-diagnostico\/\" target=\"_blank\" rel=\"noreferrer noopener\"><strong>Diagn\u00f3stico y posibles soluciones<\/strong><\/a> contiene la propuestas de diagn\u00f3stico y posibles soluciones a los problemas de ciudad identificados. Finalmente la secci\u00f3n de <strong><a href=\"https:\/\/observatorioarmenia.org\/site\/7-politica-publica\/\">Pol\u00edtica P\u00fablica<\/a><\/strong> presenta el estado de las pol\u00edtica p\u00fablicas de la ciudad y el desarrollo de las fases 1 y 2 descritas en la secci\u00f3n anterior.<\/p>\n\n\n\n<p>Los <strong><a href=\"https:\/\/observatorioarmenia.org\/site\/observatorios\/\" target=\"_blank\" rel=\"noreferrer noopener\">Observatorios<\/a><\/strong> est\u00e1n enfocados en el monitoreo de los aspectos claves de ciudad que permiten disminuir dos variables claves de cualquier administraci\u00f3n municipal: la reducci\u00f3n de la pobreza monetaria y la reducci\u00f3n de la pobreza multidimensional.<\/p>\n\n\n\n<figure class=\"wp-block-image size-large\"><img loading=\"lazy\" decoding=\"async\" width=\"1024\" height=\"593\" src=\"https:\/\/observatorioarmenia.org\/site\/wp-content\/uploads\/2025\/10\/1.FIG1-PNG-1024x593.png\" alt=\"\" class=\"wp-image-6816\" srcset=\"https:\/\/observatorioarmenia.org\/site\/wp-content\/uploads\/2025\/10\/1.FIG1-PNG-1024x593.png 1024w, https:\/\/observatorioarmenia.org\/site\/wp-content\/uploads\/2025\/10\/1.FIG1-PNG-300x174.png 300w, https:\/\/observatorioarmenia.org\/site\/wp-content\/uploads\/2025\/10\/1.FIG1-PNG-768x445.png 768w, https:\/\/observatorioarmenia.org\/site\/wp-content\/uploads\/2025\/10\/1.FIG1-PNG.png 1245w\" sizes=\"auto, (max-width: 1024px) 100vw, 1024px\" \/><\/figure>\n\n\n\n<p class=\"has-large-font-size\"><strong>2. Arquitectura de una Hacienda Inteligente<\/strong><\/p>\n\n\n\n<p>Los desaf\u00edos que enfrenta la administraci\u00f3n municipal requieren de una Secretar\u00eda de Hacienda Inteligente. Consulte el documento con la arquitectura para lograrlo.<\/p>\n\n\n\n<div data-wp-interactive=\"core\/file\" class=\"wp-block-file\"><object data-wp-bind--hidden=\"!state.hasPdfPreview\" hidden class=\"wp-block-file__embed\" data=\"https:\/\/observatorioarmenia.org\/site\/wp-content\/uploads\/2026\/03\/ARQ-HACIENDA-INTELIGENTE-TODO.pdf\" type=\"application\/pdf\" style=\"width:100%;height:600px\" aria-label=\"Incrustado de ARQ HACIENDA INTELIGENTE-TODO.\"><\/object><a id=\"wp-block-file--media-349a42c5-21b7-461f-89a6-99f93754ed87\" href=\"https:\/\/observatorioarmenia.org\/site\/wp-content\/uploads\/2026\/03\/ARQ-HACIENDA-INTELIGENTE-TODO.pdf\">ARQ HACIENDA INTELIGENTE-TODO<\/a><a href=\"https:\/\/observatorioarmenia.org\/site\/wp-content\/uploads\/2026\/03\/ARQ-HACIENDA-INTELIGENTE-TODO.pdf\" class=\"wp-block-file__button wp-element-button\" download aria-describedby=\"wp-block-file--media-349a42c5-21b7-461f-89a6-99f93754ed87\">Descargar<\/a><\/div>\n\n\n\n<p class=\"has-large-font-size\"><\/p>\n","protected":false},"excerpt":{"rendered":"<p>Proyecto Armenia es una iniciativa de la Alcald\u00eda de Armenia (Quind\u00edo) y tiene como objetivo servir de plataforma para la configuraci\u00f3n de pol\u00edtica p\u00fablica y dar soporte a la toma de decisiones a nivel p\u00fablico y privado. Las fases para la creaci\u00f3n e implementaci\u00f3n de pol\u00edtica p\u00fablica, en t\u00e9rminos generales<\/p>\n<div class=\"continue-reading-wrapper\"><a href=\"https:\/\/observatorioarmenia.org\/site\/1-1-proyecto-armenia\/\" class=\"continue-reading\">Ampliar informaci\u00f3n<i class=\"ion-ios-arrow-right\"><\/i><\/a><\/div>\n","protected":false},"author":1,"featured_media":0,"parent":0,"menu_order":0,"comment_status":"closed","ping_status":"closed","template":"","meta":{"footnotes":""},"class_list":["post-3115","page","type-page","status-publish","hentry"],"_links":{"self":[{"href":"https:\/\/observatorioarmenia.org\/site\/wp-json\/wp\/v2\/pages\/3115","targetHints":{"allow":["GET"]}}],"collection":[{"href":"https:\/\/observatorioarmenia.org\/site\/wp-json\/wp\/v2\/pages"}],"about":[{"href":"https:\/\/observatorioarmenia.org\/site\/wp-json\/wp\/v2\/types\/page"}],"author":[{"embeddable":true,"href":"https:\/\/observatorioarmenia.org\/site\/wp-json\/wp\/v2\/users\/1"}],"replies":[{"embeddable":true,"href":"https:\/\/observatorioarmenia.org\/site\/wp-json\/wp\/v2\/comments?post=3115"}],"version-history":[{"count":43,"href":"https:\/\/observatorioarmenia.org\/site\/wp-json\/wp\/v2\/pages\/3115\/revisions"}],"predecessor-version":[{"id":7647,"href":"https:\/\/observatorioarmenia.org\/site\/wp-json\/wp\/v2\/pages\/3115\/revisions\/7647"}],"wp:attachment":[{"href":"https:\/\/observatorioarmenia.org\/site\/wp-json\/wp\/v2\/media?parent=3115"}],"curies":[{"name":"wp","href":"https:\/\/api.w.org\/{rel}","templated":true}]}}