{"id":2126,"date":"2023-05-31T22:02:45","date_gmt":"2023-06-01T03:02:45","guid":{"rendered":"https:\/\/observatorioarmenia.org\/site\/?page_id=2126"},"modified":"2025-10-07T23:19:16","modified_gmt":"2025-10-08T04:19:16","slug":"6-3-valor-agregado-bruto-de-armenia-y-el-quindio","status":"publish","type":"page","link":"https:\/\/observatorioarmenia.org\/site\/6-3-valor-agregado-bruto-de-armenia-y-el-quindio\/","title":{"rendered":"5.3 Valor Agregado Bruto de Armenia y el Quind\u00edo"},"content":{"rendered":"\n<p>Actualizado: 03\/06\/2025<\/p>\n\n\n\n<p><strong>I. Contexto del PIB del Quind\u00edo<\/strong><\/p>\n\n\n\n<p>Las variables macroecon\u00f3micas b\u00e1sicas son el crecimiento del Producto Interno Bruto (PIB), la tasa de desocupaci\u00f3n (Desempleo) y la variaci\u00f3n de los precios al consumidor (Inflaci\u00f3n). Publicados los resultados del PIB departamental de Colombia para el a\u00f1o 2024, se procede a realizar un an\u00e1lisis integral de estas variables para el Quind\u00edo. Los mecanismos de transmisi\u00f3n entre estas variables se describen a continuaci\u00f3n:<\/p>\n\n\n\n<figure class=\"wp-block-table\"><table class=\"has-fixed-layout\"><thead><tr><th>Relaci\u00f3n clave<\/th><th>Mecanismo principal<\/th><th>Evidencia\/ley emp\u00edrica<\/th><th>Horizonte relevante<\/th><\/tr><\/thead><tbody><tr><td><strong>PIB \u2194 Desempleo<\/strong><\/td><td>Cuando la econom\u00eda produce por debajo de su capacidad, las empresas requieren menos trabajo \u21d2 sube el desempleo. Cuando el PIB crece por encima de la tendencia, se genera empleo.<\/td><td><strong>Ley de Okun<\/strong>: \u2248 1 punto de crecimiento adicional del PIB por encima de la tendencia reduce la tasa de desempleo entre 0,3-0,5 p.p. (var\u00eda por pa\u00eds).<\/td><td>Corto y medio plazo<\/td><\/tr><tr><td><strong>Desempleo \u2194 Inflaci\u00f3n<\/strong><\/td><td>Menor desempleo ejerce presi\u00f3n al alza sobre salarios; las empresas trasladan parte de ese mayor costo a precios.<\/td><td><strong>Curva de Phillips<\/strong>&nbsp;(desempleo por debajo de su \u201ctasa natural\u201d suele acelerar la inflaci\u00f3n); en el largo plazo tiende a ser vertical (no hay trade-off sostenible).<\/td><td>Corto plazo<\/td><\/tr><tr><td><strong>PIB \u2194 Inflaci\u00f3n<\/strong><\/td><td>Expansiones r\u00e1pidas elevan la demanda agregada. Si se acerca o supera la oferta potencial, los precios suben.<\/td><td>Modelo (DA-OA)<br>DA: demanda agregada<br>OA: Oferta agregada<br>La pendiente positiva de la OA de corto plazo y la capacidad finita explican que un choque de demanda impulse simult\u00e1neamente PIB e inflaci\u00f3n.<\/td><td>Corto plazo; en el largo plazo el PIB vuelve a su nivel potencial y la inflaci\u00f3n queda determinada por la pol\u00edtica monetaria<\/td><\/tr><\/tbody><\/table><\/figure>\n\n\n\n<p>Los efectos de los choques econ\u00f3micos tienen los siguientes mecanismos de transmisi\u00f3n:<\/p>\n\n\n\n<p>A.&nbsp;<strong>Choque de demanda expansivo<\/strong>&nbsp;(aumento de la remesas o del gasto p\u00fablico local expansiva):<\/p>\n\n\n\n<ul class=\"wp-block-list\">\n<li><strong>Corto plazo:<\/strong>\n<ul class=\"wp-block-list\">\n<li>\u2191 PIB real<\/li>\n\n\n\n<li>\u2193 Desempleo (por Okun)<\/li>\n\n\n\n<li>\u2191 Inflaci\u00f3n (por presi\u00f3n de demanda y Phillips)<\/li>\n<\/ul>\n<\/li>\n\n\n\n<li><strong>Largo plazo:<\/strong>\n<ul class=\"wp-block-list\">\n<li>El PIB converge nuevamente al producto potencial.<\/li>\n\n\n\n<li>El desempleo vuelve a la tasa natural (NAIRU).<\/li>\n\n\n\n<li>La inflaci\u00f3n permanece m\u00e1s alta a menos que la autoridad monetaria la contrarreste.<\/li>\n<\/ul>\n<\/li>\n<\/ul>\n\n\n\n<p>B.&nbsp;<strong>Choque de oferta negativo<\/strong>&nbsp;(aumento del precio del precio de los energ\u00e9ticos y costos laborales):<\/p>\n\n\n\n<ul class=\"wp-block-list\">\n<li><strong>Corto plazo:<\/strong>\n<ul class=\"wp-block-list\">\n<li>\u2193 PIB real (costos mayores reducen la producci\u00f3n rentable)<\/li>\n\n\n\n<li>\u2191 Desempleo<\/li>\n\n\n\n<li>\u2191 Inflaci\u00f3n (cost-push)<\/li>\n<\/ul>\n<\/li>\n\n\n\n<li><strong>Resultado:<\/strong>\u00a0\u201cestanflaci\u00f3n\u201d: crecimiento d\u00e9bil con inflaci\u00f3n alta. Muestra que las tres variables pueden moverse en direcciones \u201cindeseadas\u201d simult\u00e1neamente.<\/li>\n<\/ul>\n\n\n\n<p><strong>II. An\u00e1lisis del PIB<\/strong><\/p>\n\n\n\n<p>El PIB del Quind\u00edo present\u00f3 el siguiente comportamiento (cifras en miles de millones de pesos corrientes):<\/p>\n\n\n\n<figure class=\"wp-block-image\"><img loading=\"lazy\" decoding=\"async\" width=\"1024\" height=\"611\" src=\"https:\/\/observatorioarmenia.org\/site\/wp-content\/uploads\/2025\/06\/output-21-1024x611.png\" alt=\"\" class=\"wp-image-5564\" srcset=\"https:\/\/observatorioarmenia.org\/site\/wp-content\/uploads\/2025\/06\/output-21-1024x611.png 1024w, https:\/\/observatorioarmenia.org\/site\/wp-content\/uploads\/2025\/06\/output-21-300x179.png 300w, https:\/\/observatorioarmenia.org\/site\/wp-content\/uploads\/2025\/06\/output-21-768x458.png 768w, https:\/\/observatorioarmenia.org\/site\/wp-content\/uploads\/2025\/06\/output-21-1536x916.png 1536w, https:\/\/observatorioarmenia.org\/site\/wp-content\/uploads\/2025\/06\/output-21.png 1979w\" sizes=\"auto, (max-width: 1024px) 100vw, 1024px\" \/><figcaption class=\"wp-element-caption\">Fuente: Secretar\u00eda de Hacienda de Armenia con datos Dane (2025).<\/figcaption><\/figure>\n\n\n\n<p>En t\u00e9rminos de pesos constantes encadenadas por volumen, tendr\u00eda el siguiente comportamiento:<\/p>\n\n\n\n<figure class=\"wp-block-image\"><img loading=\"lazy\" decoding=\"async\" width=\"1024\" height=\"611\" src=\"https:\/\/observatorioarmenia.org\/site\/wp-content\/uploads\/2025\/06\/output-24-1024x611.png\" alt=\"\" class=\"wp-image-5572\" srcset=\"https:\/\/observatorioarmenia.org\/site\/wp-content\/uploads\/2025\/06\/output-24-1024x611.png 1024w, https:\/\/observatorioarmenia.org\/site\/wp-content\/uploads\/2025\/06\/output-24-300x179.png 300w, https:\/\/observatorioarmenia.org\/site\/wp-content\/uploads\/2025\/06\/output-24-768x458.png 768w, https:\/\/observatorioarmenia.org\/site\/wp-content\/uploads\/2025\/06\/output-24-1536x916.png 1536w, https:\/\/observatorioarmenia.org\/site\/wp-content\/uploads\/2025\/06\/output-24.png 1979w\" sizes=\"auto, (max-width: 1024px) 100vw, 1024px\" \/><figcaption class=\"wp-element-caption\">Fuente: Secretar\u00eda de Hacienda de Armenia con datos Dane (2025)<\/figcaption><\/figure>\n\n\n\n<p>La tasa de crecimiento real indica que el aumento del PIB fue de 2.2% para el a\u00f1o 2024, despu\u00e9s de un bajo crecimiento en el a\u00f1o 2023 de tan solo el 0.3%.<\/p>\n\n\n\n<figure class=\"wp-block-image\"><img loading=\"lazy\" decoding=\"async\" width=\"1024\" height=\"610\" src=\"https:\/\/observatorioarmenia.org\/site\/wp-content\/uploads\/2025\/06\/output-25-1024x610.png\" alt=\"\" class=\"wp-image-5573\" srcset=\"https:\/\/observatorioarmenia.org\/site\/wp-content\/uploads\/2025\/06\/output-25-1024x610.png 1024w, https:\/\/observatorioarmenia.org\/site\/wp-content\/uploads\/2025\/06\/output-25-300x179.png 300w, https:\/\/observatorioarmenia.org\/site\/wp-content\/uploads\/2025\/06\/output-25-768x458.png 768w, https:\/\/observatorioarmenia.org\/site\/wp-content\/uploads\/2025\/06\/output-25-1536x915.png 1536w, https:\/\/observatorioarmenia.org\/site\/wp-content\/uploads\/2025\/06\/output-25.png 1980w\" sizes=\"auto, (max-width: 1024px) 100vw, 1024px\" \/><figcaption class=\"wp-element-caption\">Fuente: Secretar\u00eda de Hacienda de Armenia (2025)<\/figcaption><\/figure>\n\n\n\n<p>Del an\u00e1lisis de los datos se pueden identificar los siguientes periodos:<\/p>\n\n\n\n<figure class=\"wp-block-table\"><table class=\"has-fixed-layout\"><thead><tr><th>Indicador<\/th><th>2009-2014<\/th><th>2015-2019<\/th><th>2020-2024*<\/th><th>2009-2024<\/th><\/tr><\/thead><tbody><tr><td><strong>Crecimiento medio real<\/strong><\/td><td><strong>5,2 %<\/strong><\/td><td><strong>3,8 %<\/strong><\/td><td><strong>4,1 %<\/strong><\/td><td><strong>4,4 %<\/strong><\/td><\/tr><tr><td>Mejor a\u00f1o<\/td><td>2012 (<strong>8,3 %<\/strong>)<\/td><td>2016 (<strong>6,3 %<\/strong>)<\/td><td>2021 (<strong>11,4 %<\/strong>)<\/td><td>\u2013<\/td><\/tr><tr><td>Peor a\u00f1o<\/td><td>2013 (2,1 %)<\/td><td>2018 (1,6 %)<\/td><td>2020 (<strong>-5,5 %<\/strong>)<\/td><td>\u2013<\/td><\/tr><tr><td>CAGR 2009-24<\/td><td><strong>4,4 %<\/strong><\/td><td><\/td><td><\/td><td><\/td><\/tr><\/tbody><\/table><\/figure>\n\n\n\n<p>El an\u00e1lisis de las cifras indican:<\/p>\n\n\n\n<h4 class=\"wp-block-heading\">1. Fase de r\u00e1pido avance (2009-2014)<\/h4>\n\n\n\n<ul class=\"wp-block-list\">\n<li>El PIB por volumen crece\u00a0<strong>> 5 % anual<\/strong>, impulsado por\u00a0<strong>repunte cafetero<\/strong>, expansi\u00f3n tur\u00edstica y obras viales.<\/li>\n\n\n\n<li>2012 destaca con\u00a0<strong>8,3 %<\/strong>\u00a0real, mientras que 2013 marca una\u00a0<strong>desaceleraci\u00f3n a 2 %<\/strong>\u00a0por choque de precios agr\u00edcolas y restricci\u00f3n fiscal.<\/li>\n<\/ul>\n\n\n\n<h4 class=\"wp-block-heading\">2. Desaceleraci\u00f3n controlada (2015-2019)<\/h4>\n\n\n\n<ul class=\"wp-block-list\">\n<li>Ritmo se modera a\u00a0<strong>3,8 %<\/strong>\u00a0medio.<\/li>\n\n\n\n<li>2016 (6,3 %) refleja la culminaci\u00f3n de la doble calzada y mayor inversi\u00f3n hotelera; 2018-19 bajan a ~2 % por menor afluencia de visitantes y ajuste de consumo tras la reforma tributaria nacional.<\/li>\n<\/ul>\n\n\n\n<h4 class=\"wp-block-heading\">3. Choque COVID-19 y recuperaci\u00f3n (2020-2022)<\/h4>\n\n\n\n<ul class=\"wp-block-list\">\n<li><strong>2020: -6.2 %<\/strong>\u00a0real, la mayor contracci\u00f3n; el sector de servicios intensivos en contacto explica la ca\u00edda.<\/li>\n\n\n\n<li><strong>2021: 11,9 %<\/strong>\u00a0muestra la elasticidad de la econom\u00eda al turismo dom\u00e9stico reprimido.<\/li>\n\n\n\n<li><strong>2022: 6.2 %<\/strong>\u00a0contin\u00faa fuerte, aunque con menor impulso extraordinario.<\/li>\n<\/ul>\n\n\n\n<h4 class=\"wp-block-heading\">4. Normalizaci\u00f3n reciente (2023-2024)<\/h4>\n\n\n\n<ul class=\"wp-block-list\">\n<li><strong>2023: 0.3 %<\/strong>\u00a0real, afectado por altos costos financieros y debilidad de la inversi\u00f3n privada.<\/li>\n\n\n\n<li><strong>2024: 2.2 %<\/strong>\u00a0sugiere estabilizaci\u00f3n moderada: ligera mejora de construcci\u00f3n rural y servicios TIC compensa enfriamiento del turismo.<\/li>\n<\/ul>\n\n\n\n<p>Los riesgos y oportunidades identificados son:<\/p>\n\n\n\n<figure class=\"wp-block-table\"><table class=\"has-fixed-layout\"><thead><tr><th>Riesgo<\/th><th>Evidencia en la serie<\/th><th>Mitigaci\u00f3n<\/th><\/tr><\/thead><tbody><tr><td>Dependencia del turismo<\/td><td>Contracci\u00f3n 2020 &gt; ca\u00edda mayor que promedio nacional<\/td><td>Diversificar hacia agro-industria y BPO<\/td><\/tr><tr><td>Inflaci\u00f3n y costo de cr\u00e9dito<\/td><td>Desaceleraci\u00f3n 2023-24<\/td><td>Apoyo a Mipymes y l\u00edneas de redescuento<\/td><\/tr><tr><td>Brecha de productividad agr\u00edcola<\/td><td>Crecimiento d\u00e9bil 2018-19 pese a buen precio del caf\u00e9<\/td><td>Extensi\u00f3n agr\u00edcola 4.0, riego, variedades resistentes<\/td><\/tr><\/tbody><\/table><\/figure>\n\n\n\n<p>Fuente: Secretar\u00eda de Hacienda de Armenia (2025)<\/p>\n\n\n\n<p><strong>Evoluci\u00f3n del \u00faltimo a\u00f1o<\/strong><\/p>\n\n\n\n<p>Por sectores, el sector de mayor comportamiento es la agricultura con un crecimiento de 9.9%, seguido por las actividades art\u00edsticas y creativas con el 6.9%, la administraci\u00f3n p\u00fablica con el 3.0%, las actividades inmobiliarias con el 2.0%, suministro de servicios p\u00fablicos con el 1.0%, actividades profesionales con el 0.4%, informaci\u00f3n y comunicaciones con el 0.2% y actividades financieras con el 0.1%.<\/p>\n\n\n\n<figure class=\"wp-block-image\"><img loading=\"lazy\" decoding=\"async\" width=\"894\" height=\"639\" src=\"https:\/\/observatorioarmenia.org\/site\/wp-content\/uploads\/2025\/06\/GRAFICA-1.jpeg\" alt=\"\" class=\"wp-image-5583\" srcset=\"https:\/\/observatorioarmenia.org\/site\/wp-content\/uploads\/2025\/06\/GRAFICA-1.jpeg 894w, https:\/\/observatorioarmenia.org\/site\/wp-content\/uploads\/2025\/06\/GRAFICA-1-300x214.jpeg 300w, https:\/\/observatorioarmenia.org\/site\/wp-content\/uploads\/2025\/06\/GRAFICA-1-768x549.jpeg 768w\" sizes=\"auto, (max-width: 894px) 100vw, 894px\" \/><figcaption class=\"wp-element-caption\">Fuente: Secretar\u00eda de Hacienda de Armenia con datos Dane (2025)<\/figcaption><\/figure>\n\n\n\n<p>Los sectores que presentaron contracci\u00f3n fueron comercio con el -0.1%, industria manufacturera con el -1.4%, minas y canteras con el -1.7% y finalmente la construcci\u00f3n con el -16.4%.<\/p>\n\n\n\n<p>Actualizado: 20\/07\/2024<\/p>\n\n\n\n<p>La actualizaci\u00f3n de datos por parte del Dane respecto al PIB departamental permite realizar proyecciones mas ajustadas sobre el crecimiento del Valor agregado Bruto del Quind\u00edo y de Armenia.<\/p>\n\n\n<div class=\"wp-block-image\">\n<figure class=\"aligncenter size-full is-resized\"><img loading=\"lazy\" decoding=\"async\" width=\"699\" height=\"529\" src=\"https:\/\/observatorioarmenia.org\/site\/wp-content\/uploads\/2024\/07\/1.VAB-QUINDIO-1.jpeg\" alt=\"\" class=\"wp-image-3675\" style=\"width:596px;height:auto\" srcset=\"https:\/\/observatorioarmenia.org\/site\/wp-content\/uploads\/2024\/07\/1.VAB-QUINDIO-1.jpeg 699w, https:\/\/observatorioarmenia.org\/site\/wp-content\/uploads\/2024\/07\/1.VAB-QUINDIO-1-300x227.jpeg 300w\" sizes=\"auto, (max-width: 699px) 100vw, 699px\" \/><figcaption class=\"wp-element-caption\">Fuente: Secretar\u00eda de Hacienda de Armenia con datos Dane (2024)<\/figcaption><\/figure>\n<\/div>\n\n\n<p>Para el a\u00f1o 2021 y por efecto estad\u00edstico, el crecimiento real del PIB de Colombia fue del 10.6%. El departamento del Quind\u00edo habr\u00eda crecido en t\u00e9rminos reales el 11.6%. Para el a\u00f1o 2022 el crecimiento real de Colombia acumul\u00f3 7.5%. Para el caso del Quind\u00edo el crecimiento ser\u00eda del 6.8%. Finalmente, para el a\u00f1o 2023 el crecimiento de Colombia fue del 0.6% y para el Quind\u00edo ser\u00eda del 1.9% aproximadamente.<\/p>\n\n\n\n<p>El valor agregado bruto de Armenia que se extrapola contra la contribuci\u00f3n de los sectores primario, secundario y terciario reportado por el Dane y cuyos datos hasta el a\u00f1o 2022 est\u00e1n disponibles (tiene dos a\u00f1os de atraso la publicaci\u00f3n de la informaci\u00f3n), presenta que la contribuci\u00f3n del VAB de Armenia en el Quind\u00edo disminuye para el a\u00f1o 2022, pasando de 53.86% en 2021 a 51.17% en 2022.<\/p>\n\n\n<div class=\"wp-block-image\">\n<figure class=\"aligncenter size-large\"><img loading=\"lazy\" decoding=\"async\" width=\"1024\" height=\"510\" src=\"https:\/\/observatorioarmenia.org\/site\/wp-content\/uploads\/2024\/07\/1.VAB-QUINDIO-2-1024x510.jpeg\" alt=\"\" class=\"wp-image-3676\" srcset=\"https:\/\/observatorioarmenia.org\/site\/wp-content\/uploads\/2024\/07\/1.VAB-QUINDIO-2-1024x510.jpeg 1024w, https:\/\/observatorioarmenia.org\/site\/wp-content\/uploads\/2024\/07\/1.VAB-QUINDIO-2-300x149.jpeg 300w, https:\/\/observatorioarmenia.org\/site\/wp-content\/uploads\/2024\/07\/1.VAB-QUINDIO-2-768x383.jpeg 768w, https:\/\/observatorioarmenia.org\/site\/wp-content\/uploads\/2024\/07\/1.VAB-QUINDIO-2.jpeg 1162w\" sizes=\"auto, (max-width: 1024px) 100vw, 1024px\" \/><figcaption class=\"wp-element-caption\">Fuente: Secretar\u00eda de Hacienda de Armenia con datos Dane (2024)<\/figcaption><\/figure>\n<\/div>\n\n\n<p>Los cambios de participaci\u00f3n por municipios de los a\u00f1os 2021 y 2022 indican que Armenia disminuy\u00f3 2.44%, mientras que municipios como La Tebaida aumentaron 0.44%, Quimbaya 0.44%, Montenegro 0.32%, Pijao 0.31% y Calarc\u00e1 0.27%.<\/p>\n\n\n<div class=\"wp-block-image\">\n<figure class=\"aligncenter size-full\"><img loading=\"lazy\" decoding=\"async\" width=\"524\" height=\"315\" src=\"https:\/\/observatorioarmenia.org\/site\/wp-content\/uploads\/2024\/07\/1.VAB-QUINDIO-3.jpeg\" alt=\"\" class=\"wp-image-3677\" srcset=\"https:\/\/observatorioarmenia.org\/site\/wp-content\/uploads\/2024\/07\/1.VAB-QUINDIO-3.jpeg 524w, https:\/\/observatorioarmenia.org\/site\/wp-content\/uploads\/2024\/07\/1.VAB-QUINDIO-3-300x180.jpeg 300w\" sizes=\"auto, (max-width: 524px) 100vw, 524px\" \/><figcaption class=\"wp-element-caption\">Fuente: Secretar\u00eda de Hacienda de Armenia con datos Dane (2024)<\/figcaption><\/figure>\n<\/div>\n\n\n<p>La actualizaci\u00f3n de las cifras para Armenia para el a\u00f1o 2022 muestran las siguientes diferencias en la composici\u00f3n del VAB frente al Quind\u00edo. Por ejemplo, la participaci\u00f3n del sector agr\u00edcola en el departamento es de 22.7% mientras que para Armenia es de 5.6%. La industria manufacturera para el departamento contribuye en el 4.8% mientras que para Armenia es de 5.8%. El suministro de servicios p\u00fablicos es de 2.8% para el departamento, mientras que para Armenia es de 3.4%.<\/p>\n\n\n<div class=\"wp-block-image\">\n<figure class=\"aligncenter size-full\"><img loading=\"lazy\" decoding=\"async\" width=\"811\" height=\"337\" src=\"https:\/\/observatorioarmenia.org\/site\/wp-content\/uploads\/2024\/07\/1.VAB-QUINDIO-4.jpeg\" alt=\"\" class=\"wp-image-3678\" srcset=\"https:\/\/observatorioarmenia.org\/site\/wp-content\/uploads\/2024\/07\/1.VAB-QUINDIO-4.jpeg 811w, https:\/\/observatorioarmenia.org\/site\/wp-content\/uploads\/2024\/07\/1.VAB-QUINDIO-4-300x125.jpeg 300w, https:\/\/observatorioarmenia.org\/site\/wp-content\/uploads\/2024\/07\/1.VAB-QUINDIO-4-768x319.jpeg 768w\" sizes=\"auto, (max-width: 811px) 100vw, 811px\" \/><figcaption class=\"wp-element-caption\">Fuente: Secretar\u00eda de Hacienda de Armenia con datos Dane (2024).<\/figcaption><\/figure>\n<\/div>\n\n\n<p>El comercio es la rama econ\u00f3mica con mayor diferencia. Para el departamento contribuye el 24.0% mientras que para Armenia es de 29.4%. Otras de las ramas corresponde a la administraci\u00f3n p\u00fablica, que para el Quind\u00edo es de 17.1% mientras que para Armenia es de 21.1%.<\/p>\n\n\n\n<p>Para determinar el VAB de Armenia para el a\u00f1o 2023, se asumi\u00f3 que la distribuci\u00f3n por los sectores primerio, secundario y terciario de Armenia son las mismas que las del a\u00f1o 2022, actualizaci\u00f3n que solo se podr\u00e1 realizar el pr\u00f3ximo a\u00f1o que se publique la cifra. Para el a\u00f1o 2023 en ambos territorios el comercio pierde participaci\u00f3n, mientras que la administraci\u00f3n p\u00fablica (gobierno local, salud, educaci\u00f3n y defensa) gana contribuci\u00f3n.<\/p>\n\n\n<div class=\"wp-block-image\">\n<figure class=\"aligncenter size-full\"><img loading=\"lazy\" decoding=\"async\" width=\"832\" height=\"337\" src=\"https:\/\/observatorioarmenia.org\/site\/wp-content\/uploads\/2024\/07\/1.VAB-QUINDIO-5.jpeg\" alt=\"\" class=\"wp-image-3679\" srcset=\"https:\/\/observatorioarmenia.org\/site\/wp-content\/uploads\/2024\/07\/1.VAB-QUINDIO-5.jpeg 832w, https:\/\/observatorioarmenia.org\/site\/wp-content\/uploads\/2024\/07\/1.VAB-QUINDIO-5-300x122.jpeg 300w, https:\/\/observatorioarmenia.org\/site\/wp-content\/uploads\/2024\/07\/1.VAB-QUINDIO-5-768x311.jpeg 768w\" sizes=\"auto, (max-width: 832px) 100vw, 832px\" \/><figcaption class=\"wp-element-caption\">Fuente: Secretar\u00eda de Hacienda de Armenia con datos Dane (2024)<\/figcaption><\/figure>\n<\/div>\n\n\n<p>Las proyecciones para los a\u00f1os 2024 y 2025 de la ciudad de Armenia quedan m\u00e1s ajustadas dada la actualizaci\u00f3n de los datos del a\u00f1o 2022.<\/p>\n\n\n<div class=\"wp-block-image\">\n<figure class=\"aligncenter size-full\"><img loading=\"lazy\" decoding=\"async\" width=\"858\" height=\"409\" src=\"https:\/\/observatorioarmenia.org\/site\/wp-content\/uploads\/2024\/07\/1.VAB-QUINDIO-8.jpeg\" alt=\"\" class=\"wp-image-3682\" srcset=\"https:\/\/observatorioarmenia.org\/site\/wp-content\/uploads\/2024\/07\/1.VAB-QUINDIO-8.jpeg 858w, https:\/\/observatorioarmenia.org\/site\/wp-content\/uploads\/2024\/07\/1.VAB-QUINDIO-8-300x143.jpeg 300w, https:\/\/observatorioarmenia.org\/site\/wp-content\/uploads\/2024\/07\/1.VAB-QUINDIO-8-768x366.jpeg 768w\" sizes=\"auto, (max-width: 858px) 100vw, 858px\" \/><figcaption class=\"wp-element-caption\">Fuente: Secretar\u00eda de Hacienda de Armenia con datos Dane (2024).<\/figcaption><\/figure>\n<\/div>\n\n\n<p>Proyecci\u00f3n: 30\/05\/2023<\/p>\n\n\n\n<p>Los datos del Valor Agregado Bruto (VAB) del Quind\u00edo as\u00ed como su derivaci\u00f3n para su capital Armenia arrojan un excelente comportamiento durante 2022. En efecto, para la vigencia de 2022 el departamento gener\u00f3 11 billones de pesos.<\/p>\n\n\n\n<figure class=\"wp-block-image\"><img loading=\"lazy\" decoding=\"async\" width=\"933\" height=\"350\" src=\"https:\/\/observatorioarmenia.org\/site\/wp-content\/uploads\/2023\/05\/1.-PIB-QUINDIO.png\" alt=\"\" class=\"wp-image-2050\" srcset=\"https:\/\/observatorioarmenia.org\/site\/wp-content\/uploads\/2023\/05\/1.-PIB-QUINDIO.png 933w, https:\/\/observatorioarmenia.org\/site\/wp-content\/uploads\/2023\/05\/1.-PIB-QUINDIO-300x113.png 300w, https:\/\/observatorioarmenia.org\/site\/wp-content\/uploads\/2023\/05\/1.-PIB-QUINDIO-768x288.png 768w\" sizes=\"auto, (max-width: 933px) 100vw, 933px\" \/><figcaption class=\"wp-element-caption\">Fuente: Secretar\u00eda de Hacienda de Armenia con datos Dane (2023).<\/figcaption><\/figure>\n\n\n\n<p>Por actividades, el comercio, los alojamientos, los restaurantes y bares, el transporte y el almencenamiento son los que mayor peso tienen en el VAB del Qu\u00edndio, alcanzando el 24%. Le siguen las actividades agr\u00edcolas como segundo rengl\u00f3n con el 22.7%, en el tercer rengl\u00f3n de importancia la administraci\u00f3n p\u00fablica, defensa y salud con el 17.1%, en el cuarto rengl\u00f3n las actividades inmobiliarias con el 8.9%, en el quinto la construcci\u00f3n con el 6.5%, en el sexto las actividades manufactureras con el 4.8%, compartiendo posici\u00f3n con las actividades profesionales con el 4.8%.<\/p>\n\n\n\n<figure class=\"wp-block-image\"><img loading=\"lazy\" decoding=\"async\" width=\"815\" height=\"423\" src=\"https:\/\/observatorioarmenia.org\/site\/wp-content\/uploads\/2023\/05\/2.-VAB-Y-PIB-ACTIV-QUIN-ARM.png\" alt=\"\" class=\"wp-image-2051\" srcset=\"https:\/\/observatorioarmenia.org\/site\/wp-content\/uploads\/2023\/05\/2.-VAB-Y-PIB-ACTIV-QUIN-ARM.png 815w, https:\/\/observatorioarmenia.org\/site\/wp-content\/uploads\/2023\/05\/2.-VAB-Y-PIB-ACTIV-QUIN-ARM-300x156.png 300w, https:\/\/observatorioarmenia.org\/site\/wp-content\/uploads\/2023\/05\/2.-VAB-Y-PIB-ACTIV-QUIN-ARM-768x399.png 768w\" sizes=\"auto, (max-width: 815px) 100vw, 815px\" \/><figcaption class=\"wp-element-caption\">Fuente: Secretar\u00eda de Hacienda de Armenia con datos Dane (2023). VAB y PIB Armenia con base en c\u00e1lculos propios.<\/figcaption><\/figure>\n\n\n\n<p>Si bien las estad\u00edsticas no calculan el detalle del valor agregado de Armenia, la Secretar\u00eda de Hacienda del Municipio utiliza un modelo que aproxima el valor de cada sector, extrapolando las participaciones municipales por los sectores primario, secundario y terciario. Estos resultados indican que el principal sector econ\u00f3mico de Armenia es el comercio con 30% del VAB, le sigue en segundo lugar la administraci\u00f3n p\u00fablica, defensa y salud con el 21.5%, en tercer lugar est\u00e1 la construcci\u00f3n con el 7.4%, en cuarto lugar las actividades profesionales con el 6.1%, en quinto lugar la industria manufacturera con el 5.5%, en sexto lugar la agricultura con el 4.7% y el s\u00e9ptimo lugar las actividades art\u00edsticas con el 4.4%.<\/p>\n\n\n\n<p>La participaci\u00f3n de la ciudad de Armenia ha variado entre el 56% y 54%, con una tendencia a reducirse dado el crecimiento importante de otros municipios.<\/p>\n\n\n\n<figure class=\"wp-block-image\"><img loading=\"lazy\" decoding=\"async\" width=\"764\" height=\"391\" src=\"https:\/\/observatorioarmenia.org\/site\/wp-content\/uploads\/2023\/05\/3.-PARTIC-VAB-ARM-QUIN.png\" alt=\"\" class=\"wp-image-2052\" srcset=\"https:\/\/observatorioarmenia.org\/site\/wp-content\/uploads\/2023\/05\/3.-PARTIC-VAB-ARM-QUIN.png 764w, https:\/\/observatorioarmenia.org\/site\/wp-content\/uploads\/2023\/05\/3.-PARTIC-VAB-ARM-QUIN-300x154.png 300w\" sizes=\"auto, (max-width: 764px) 100vw, 764px\" \/><figcaption class=\"wp-element-caption\">Fuente: Secretar\u00eda de Hacienda con datos Dane (2023). Participaci\u00f3n 2022 = promedio 2019 y 2021.<\/figcaption><\/figure>\n\n\n\n<p>Las tasa de crecimiento nominales tienen cifras importantes. Sin embargo, como proxy de un crecimiento real se rest\u00f3 la inflaci\u00f3n, para dar una idea de la din\u00e1mica econ\u00f3mica tanto del departamento como de su capital.<\/p>\n\n\n\n<figure class=\"wp-block-image\"><img loading=\"lazy\" decoding=\"async\" width=\"840\" height=\"444\" src=\"https:\/\/observatorioarmenia.org\/site\/wp-content\/uploads\/2023\/05\/4.-TC-REAL-ARM-QUIN.png\" alt=\"\" class=\"wp-image-2053\" srcset=\"https:\/\/observatorioarmenia.org\/site\/wp-content\/uploads\/2023\/05\/4.-TC-REAL-ARM-QUIN.png 840w, https:\/\/observatorioarmenia.org\/site\/wp-content\/uploads\/2023\/05\/4.-TC-REAL-ARM-QUIN-300x159.png 300w, https:\/\/observatorioarmenia.org\/site\/wp-content\/uploads\/2023\/05\/4.-TC-REAL-ARM-QUIN-768x406.png 768w\" sizes=\"auto, (max-width: 840px) 100vw, 840px\" \/><figcaption class=\"wp-element-caption\">Fuente: Secretar\u00eda de Hacienda con datos Dane (2023).<\/figcaption><\/figure>\n\n\n\n<p>En efecto, al contribuir Armenia en m\u00e1s del 54% en la econom\u00eda del departamento, los crecimientos de ambos territorios convergen, con algunas diferencias. Para el a\u00f1o 2022 se calcula que la tasa de crecimiento real del departamento ser\u00eda de 7.6% y la de Armenia llegar\u00eda al 8.1%.<\/p>\n","protected":false},"excerpt":{"rendered":"<p>Actualizado: 03\/06\/2025 I. Contexto del PIB del Quind\u00edo Las variables macroecon\u00f3micas b\u00e1sicas son el crecimiento del Producto Interno Bruto (PIB), la tasa de desocupaci\u00f3n (Desempleo) y la variaci\u00f3n de los precios al consumidor (Inflaci\u00f3n). Publicados los resultados del PIB departamental de Colombia para el a\u00f1o 2024, se procede a realizar<\/p>\n<div class=\"continue-reading-wrapper\"><a href=\"https:\/\/observatorioarmenia.org\/site\/6-3-valor-agregado-bruto-de-armenia-y-el-quindio\/\" class=\"continue-reading\">Ampliar informaci\u00f3n<i class=\"ion-ios-arrow-right\"><\/i><\/a><\/div>\n","protected":false},"author":1,"featured_media":0,"parent":0,"menu_order":0,"comment_status":"closed","ping_status":"closed","template":"","meta":{"footnotes":""},"class_list":["post-2126","page","type-page","status-publish","hentry"],"_links":{"self":[{"href":"https:\/\/observatorioarmenia.org\/site\/wp-json\/wp\/v2\/pages\/2126","targetHints":{"allow":["GET"]}}],"collection":[{"href":"https:\/\/observatorioarmenia.org\/site\/wp-json\/wp\/v2\/pages"}],"about":[{"href":"https:\/\/observatorioarmenia.org\/site\/wp-json\/wp\/v2\/types\/page"}],"author":[{"embeddable":true,"href":"https:\/\/observatorioarmenia.org\/site\/wp-json\/wp\/v2\/users\/1"}],"replies":[{"embeddable":true,"href":"https:\/\/observatorioarmenia.org\/site\/wp-json\/wp\/v2\/comments?post=2126"}],"version-history":[{"count":4,"href":"https:\/\/observatorioarmenia.org\/site\/wp-json\/wp\/v2\/pages\/2126\/revisions"}],"predecessor-version":[{"id":6577,"href":"https:\/\/observatorioarmenia.org\/site\/wp-json\/wp\/v2\/pages\/2126\/revisions\/6577"}],"wp:attachment":[{"href":"https:\/\/observatorioarmenia.org\/site\/wp-json\/wp\/v2\/media?parent=2126"}],"curies":[{"name":"wp","href":"https:\/\/api.w.org\/{rel}","templated":true}]}}