{"id":17,"date":"2020-05-04T19:58:36","date_gmt":"2020-05-05T00:58:36","guid":{"rendered":"https:\/\/observatorioarmenia.org\/site\/?page_id=17"},"modified":"2024-10-18T10:45:56","modified_gmt":"2024-10-18T15:45:56","slug":"contactenos","status":"publish","type":"page","link":"https:\/\/observatorioarmenia.org\/site\/contactenos\/","title":{"rendered":"8. Marcos Fiscales de Mediano Plazo Armenia"},"content":{"rendered":"\n<p>MARCO FISCAL DE MEDIANO PLAZO DE ARMENIA 2025-2034 (dividido en tres partes):<\/p>\n\n\n\n<p>1. MFMP 2025-2034: P\u00e1ginas 1 A 74<\/p>\n\n\n\n<div data-wp-interactive=\"core\/file\" class=\"wp-block-file\"><object data-wp-bind--hidden=\"!state.hasPdfPreview\" hidden class=\"wp-block-file__embed\" data=\"https:\/\/observatorioarmenia.org\/site\/wp-content\/uploads\/2024\/10\/MARCO-FISCAL-2025-1-74.pdf\" type=\"application\/pdf\" style=\"width:100%;height:600px\" aria-label=\"Incrustado de MARCO FISCAL 2025-1-74.\"><\/object><a id=\"wp-block-file--media-d3263b61-deed-4f62-8681-c2d785d954c1\" href=\"https:\/\/observatorioarmenia.org\/site\/wp-content\/uploads\/2024\/10\/MARCO-FISCAL-2025-1-74.pdf\">MARCO FISCAL 2025-1-74<\/a><a href=\"https:\/\/observatorioarmenia.org\/site\/wp-content\/uploads\/2024\/10\/MARCO-FISCAL-2025-1-74.pdf\" class=\"wp-block-file__button wp-element-button\" download aria-describedby=\"wp-block-file--media-d3263b61-deed-4f62-8681-c2d785d954c1\">Descargar<\/a><\/div>\n\n\n\n<p>MFMP 2025-2034: P\u00e1ginas 75 a 149<\/p>\n\n\n\n<div data-wp-interactive=\"core\/file\" class=\"wp-block-file\"><object data-wp-bind--hidden=\"!state.hasPdfPreview\" hidden class=\"wp-block-file__embed\" data=\"https:\/\/observatorioarmenia.org\/site\/wp-content\/uploads\/2024\/10\/MARCO-FISCAL-2025-75-149.pdf\" type=\"application\/pdf\" style=\"width:100%;height:600px\" aria-label=\"Incrustado de MARCO FISCAL 2025-75-149.\"><\/object><a id=\"wp-block-file--media-6f6fe2fb-570a-4987-b28a-3776a4111cf0\" href=\"https:\/\/observatorioarmenia.org\/site\/wp-content\/uploads\/2024\/10\/MARCO-FISCAL-2025-75-149.pdf\">MARCO FISCAL 2025-75-149<\/a><a href=\"https:\/\/observatorioarmenia.org\/site\/wp-content\/uploads\/2024\/10\/MARCO-FISCAL-2025-75-149.pdf\" class=\"wp-block-file__button wp-element-button\" download aria-describedby=\"wp-block-file--media-6f6fe2fb-570a-4987-b28a-3776a4111cf0\">Descargar<\/a><\/div>\n\n\n\n<p>3. MFMP 2025-2034: P\u00e1ginas 150 a 220<\/p>\n\n\n\n<div data-wp-interactive=\"core\/file\" class=\"wp-block-file\"><object data-wp-bind--hidden=\"!state.hasPdfPreview\" hidden class=\"wp-block-file__embed\" data=\"https:\/\/observatorioarmenia.org\/site\/wp-content\/uploads\/2024\/10\/MARCO-FISCAL-2025-150-220.pdf\" type=\"application\/pdf\" style=\"width:100%;height:600px\" aria-label=\"Incrustado de MARCO FISCAL 2025-150-220.\"><\/object><a id=\"wp-block-file--media-c7518524-c89d-4dac-9d87-a87c98fc5b70\" href=\"https:\/\/observatorioarmenia.org\/site\/wp-content\/uploads\/2024\/10\/MARCO-FISCAL-2025-150-220.pdf\">MARCO FISCAL 2025-150-220<\/a><a href=\"https:\/\/observatorioarmenia.org\/site\/wp-content\/uploads\/2024\/10\/MARCO-FISCAL-2025-150-220.pdf\" class=\"wp-block-file__button wp-element-button\" download aria-describedby=\"wp-block-file--media-c7518524-c89d-4dac-9d87-a87c98fc5b70\">Descargar<\/a><\/div>\n\n\n\n<p>================================================================<\/p>\n\n\n\n<p>MARCO FISCAL DE MEDIANO PLAZO DE ARMENIA 2024-2033 (dividido en tres partes):<\/p>\n\n\n\n<p>1. MFMP 2024-2033: P\u00e1ginas 1 a 60.<\/p>\n\n\n\n<div data-wp-interactive=\"core\/file\" class=\"wp-block-file\"><object data-wp-bind--hidden=\"!state.hasPdfPreview\" hidden class=\"wp-block-file__embed\" data=\"https:\/\/observatorioarmenia.org\/site\/wp-content\/uploads\/2024\/10\/marco-fiscal-de-mediano-plazo-2024-PAG-1-60.pdf\" type=\"application\/pdf\" style=\"width:100%;height:600px\" aria-label=\"Incrustado de marco-fiscal-de-mediano-plazo-2024-PAG-1-60.\"><\/object><a id=\"wp-block-file--media-ac73bf40-9ff5-47a5-96e0-4b335df4608b\" href=\"https:\/\/observatorioarmenia.org\/site\/wp-content\/uploads\/2024\/10\/marco-fiscal-de-mediano-plazo-2024-PAG-1-60.pdf\">marco-fiscal-de-mediano-plazo-2024-PAG-1-60<\/a><a href=\"https:\/\/observatorioarmenia.org\/site\/wp-content\/uploads\/2024\/10\/marco-fiscal-de-mediano-plazo-2024-PAG-1-60.pdf\" class=\"wp-block-file__button wp-element-button\" download aria-describedby=\"wp-block-file--media-ac73bf40-9ff5-47a5-96e0-4b335df4608b\">Descargar<\/a><\/div>\n\n\n\n<p>2. MFMP 2024-2033: P\u00e1ginas 61 a 120.<\/p>\n\n\n\n<div data-wp-interactive=\"core\/file\" class=\"wp-block-file\"><object data-wp-bind--hidden=\"!state.hasPdfPreview\" hidden class=\"wp-block-file__embed\" data=\"https:\/\/observatorioarmenia.org\/site\/wp-content\/uploads\/2024\/10\/marco-fiscal-de-mediano-plazo-2024-PAG-61-120.pdf\" type=\"application\/pdf\" style=\"width:100%;height:600px\" aria-label=\"Incrustado de marco-fiscal-de-mediano-plazo-2024-PAG-61-120.\"><\/object><a id=\"wp-block-file--media-0907d796-de1d-4b85-bdaf-796fff953c58\" href=\"https:\/\/observatorioarmenia.org\/site\/wp-content\/uploads\/2024\/10\/marco-fiscal-de-mediano-plazo-2024-PAG-61-120.pdf\">marco-fiscal-de-mediano-plazo-2024-PAG-61-120<\/a><a href=\"https:\/\/observatorioarmenia.org\/site\/wp-content\/uploads\/2024\/10\/marco-fiscal-de-mediano-plazo-2024-PAG-61-120.pdf\" class=\"wp-block-file__button wp-element-button\" download aria-describedby=\"wp-block-file--media-0907d796-de1d-4b85-bdaf-796fff953c58\">Descargar<\/a><\/div>\n\n\n\n<p>3. MFMP 2024-2033: P\u00e1ginas 121 a 182.<\/p>\n\n\n\n<div data-wp-interactive=\"core\/file\" class=\"wp-block-file\"><object data-wp-bind--hidden=\"!state.hasPdfPreview\" hidden class=\"wp-block-file__embed\" data=\"https:\/\/observatorioarmenia.org\/site\/wp-content\/uploads\/2024\/10\/marco-fiscal-de-mediano-plazo-2024-PAG-121-182.pdf\" type=\"application\/pdf\" style=\"width:100%;height:600px\" aria-label=\"Incrustado de marco-fiscal-de-mediano-plazo-2024-PAG-121-182.\"><\/object><a id=\"wp-block-file--media-eee35799-70fc-4163-a2c5-6312835ae02d\" href=\"https:\/\/observatorioarmenia.org\/site\/wp-content\/uploads\/2024\/10\/marco-fiscal-de-mediano-plazo-2024-PAG-121-182.pdf\">marco-fiscal-de-mediano-plazo-2024-PAG-121-182<\/a><a href=\"https:\/\/observatorioarmenia.org\/site\/wp-content\/uploads\/2024\/10\/marco-fiscal-de-mediano-plazo-2024-PAG-121-182.pdf\" class=\"wp-block-file__button wp-element-button\" download aria-describedby=\"wp-block-file--media-eee35799-70fc-4163-a2c5-6312835ae02d\">Descargar<\/a><\/div>\n\n\n\n<p>================================================================<\/p>\n\n\n\n<p>MARCO FISCAL DE MEDIANO PLAZO DE ARMENIA 2022-2031<\/p>\n\n\n\n<div data-wp-interactive=\"core\/file\" class=\"wp-block-file\"><object data-wp-bind--hidden=\"!state.hasPdfPreview\" hidden class=\"wp-block-file__embed\" data=\"https:\/\/observatorioarmenia.org\/site\/wp-content\/uploads\/2023\/10\/63001soporte-AMX.pdf\" type=\"application\/pdf\" style=\"width:100%;height:600px\" aria-label=\"Incrustado de 63001soporte-AMX.\"><\/object><a id=\"wp-block-file--media-a9147dca-9825-4c05-9b91-52988c0f665d\" href=\"https:\/\/observatorioarmenia.org\/site\/wp-content\/uploads\/2023\/10\/63001soporte-AMX.pdf\">63001soporte-AMX<\/a><a href=\"https:\/\/observatorioarmenia.org\/site\/wp-content\/uploads\/2023\/10\/63001soporte-AMX.pdf\" class=\"wp-block-file__button wp-element-button\" download aria-describedby=\"wp-block-file--media-a9147dca-9825-4c05-9b91-52988c0f665d\">Descarga<\/a><\/div>\n","protected":false},"excerpt":{"rendered":"<p>MARCO FISCAL DE MEDIANO PLAZO DE ARMENIA 2025-2034 (dividido en tres partes): 1. MFMP 2025-2034: P\u00e1ginas 1 A 74 MFMP 2025-2034: P\u00e1ginas 75 a 149 3. MFMP 2025-2034: P\u00e1ginas 150 a 220 ================================================================ MARCO FISCAL DE MEDIANO PLAZO DE ARMENIA 2024-2033 (dividido en tres partes): 1. MFMP 2024-2033: P\u00e1ginas 1<\/p>\n<div class=\"continue-reading-wrapper\"><a href=\"https:\/\/observatorioarmenia.org\/site\/contactenos\/\" class=\"continue-reading\">Ampliar informaci\u00f3n<i class=\"ion-ios-arrow-right\"><\/i><\/a><\/div>\n","protected":false},"author":1,"featured_media":0,"parent":0,"menu_order":0,"comment_status":"closed","ping_status":"closed","template":"","meta":{"footnotes":""},"class_list":["post-17","page","type-page","status-publish","hentry"],"_links":{"self":[{"href":"https:\/\/observatorioarmenia.org\/site\/wp-json\/wp\/v2\/pages\/17","targetHints":{"allow":["GET"]}}],"collection":[{"href":"https:\/\/observatorioarmenia.org\/site\/wp-json\/wp\/v2\/pages"}],"about":[{"href":"https:\/\/observatorioarmenia.org\/site\/wp-json\/wp\/v2\/types\/page"}],"author":[{"embeddable":true,"href":"https:\/\/observatorioarmenia.org\/site\/wp-json\/wp\/v2\/users\/1"}],"replies":[{"embeddable":true,"href":"https:\/\/observatorioarmenia.org\/site\/wp-json\/wp\/v2\/comments?post=17"}],"version-history":[{"count":14,"href":"https:\/\/observatorioarmenia.org\/site\/wp-json\/wp\/v2\/pages\/17\/revisions"}],"predecessor-version":[{"id":4229,"href":"https:\/\/observatorioarmenia.org\/site\/wp-json\/wp\/v2\/pages\/17\/revisions\/4229"}],"wp:attachment":[{"href":"https:\/\/observatorioarmenia.org\/site\/wp-json\/wp\/v2\/media?parent=17"}],"curies":[{"name":"wp","href":"https:\/\/api.w.org\/{rel}","templated":true}]}}