{"id":1122,"date":"2023-02-13T11:36:59","date_gmt":"2023-02-13T16:36:59","guid":{"rendered":"https:\/\/observatorioarmenia.org\/site\/?page_id=1122"},"modified":"2023-08-23T22:02:32","modified_gmt":"2023-08-24T03:02:32","slug":"desde-la-comuna","status":"publish","type":"page","link":"https:\/\/observatorioarmenia.org\/site\/desde-la-comuna\/","title":{"rendered":"4.1 Explorando las comuna"},"content":{"rendered":"\n<p>I. Resultados encuestas.<\/p>\n\n\n\n<p>Los resultados de las encuestas de la primera fase arrojaron la siguiente informaci\u00f3n:<\/p>\n\n\n\n<p>Comuna 1: El principal problema de la comuna Centenario es la inseguridad, seguido del empleo, la movilidad y ni\u00f1ez y adolescencia (40 encuestas).<\/p>\n\n\n<div class=\"wp-block-image\">\n<figure class=\"aligncenter size-full\"><img loading=\"lazy\" decoding=\"async\" width=\"489\" height=\"266\" src=\"https:\/\/observatorioarmenia.org\/site\/wp-content\/uploads\/2023\/06\/COMUNA-1-1.jpeg\" alt=\"\" class=\"wp-image-2277\" srcset=\"https:\/\/observatorioarmenia.org\/site\/wp-content\/uploads\/2023\/06\/COMUNA-1-1.jpeg 489w, https:\/\/observatorioarmenia.org\/site\/wp-content\/uploads\/2023\/06\/COMUNA-1-1-300x163.jpeg 300w\" sizes=\"auto, (max-width: 489px) 100vw, 489px\" \/><figcaption class=\"wp-element-caption\">Fuente: Secretar\u00eda de Hacienda de Armenia (2023).<\/figcaption><\/figure>\n<\/div>\n\n\n<p>Comuna 2: El principal problema de la comuna Rufino Jos\u00e9 Cuervo Sur es la inseguridad seguido de ni\u00f1ez y adolescencia, empleo, la movilidad y el desempe\u00f1o institucional (40 encuestas).<\/p>\n\n\n<div class=\"wp-block-image\">\n<figure class=\"aligncenter size-full\"><img loading=\"lazy\" decoding=\"async\" width=\"488\" height=\"273\" src=\"https:\/\/observatorioarmenia.org\/site\/wp-content\/uploads\/2023\/06\/COMUNA-2-1.jpeg\" alt=\"\" class=\"wp-image-2279\" srcset=\"https:\/\/observatorioarmenia.org\/site\/wp-content\/uploads\/2023\/06\/COMUNA-2-1.jpeg 488w, https:\/\/observatorioarmenia.org\/site\/wp-content\/uploads\/2023\/06\/COMUNA-2-1-300x168.jpeg 300w\" sizes=\"auto, (max-width: 488px) 100vw, 488px\" \/><figcaption class=\"wp-element-caption\">Fuente: Secretar\u00eda de Hacienda de Armenia (2023).<\/figcaption><\/figure>\n<\/div>\n\n\n<p>Comuna 3: El principal problema de la comuna Alfonso L\u00f3pez es la inseguridad seguido por la ni\u00f1ez y adolescencia, movilidad y empleo (40 encuestas).<\/p>\n\n\n<div class=\"wp-block-image\">\n<figure class=\"aligncenter size-full\"><img loading=\"lazy\" decoding=\"async\" width=\"488\" height=\"266\" src=\"https:\/\/observatorioarmenia.org\/site\/wp-content\/uploads\/2023\/06\/COMUNA-3-1.jpeg\" alt=\"\" class=\"wp-image-2280\" srcset=\"https:\/\/observatorioarmenia.org\/site\/wp-content\/uploads\/2023\/06\/COMUNA-3-1.jpeg 488w, https:\/\/observatorioarmenia.org\/site\/wp-content\/uploads\/2023\/06\/COMUNA-3-1-300x164.jpeg 300w\" sizes=\"auto, (max-width: 488px) 100vw, 488px\" \/><figcaption class=\"wp-element-caption\">Fuente: Secretar\u00eda de Hacienda de Armenia (2023).<\/figcaption><\/figure>\n<\/div>\n\n\n<p><\/p>\n\n\n\n<p>Comuna 4: El principal problema de la comuna Francisco de Paula Santander esla inseguridad seguido por movilidad, el empleo, ni\u00f1ez y adolescencia (40 encuestas).<\/p>\n\n\n<div class=\"wp-block-image\">\n<figure class=\"aligncenter size-full\"><img loading=\"lazy\" decoding=\"async\" width=\"486\" height=\"252\" src=\"https:\/\/observatorioarmenia.org\/site\/wp-content\/uploads\/2023\/06\/COMUNA-4-1.jpeg\" alt=\"\" class=\"wp-image-2281\" srcset=\"https:\/\/observatorioarmenia.org\/site\/wp-content\/uploads\/2023\/06\/COMUNA-4-1.jpeg 486w, https:\/\/observatorioarmenia.org\/site\/wp-content\/uploads\/2023\/06\/COMUNA-4-1-300x156.jpeg 300w\" sizes=\"auto, (max-width: 486px) 100vw, 486px\" \/><figcaption class=\"wp-element-caption\">Fuente: Secretar\u00eda de Hacienda de Armenia (2023)<\/figcaption><\/figure>\n<\/div>\n\n\n<p>Comuna 5: El principal problema de la comuna El Bosque es la inseguridad seguido por la movilidad y el ni\u00f1ez y adolescencia (40 encuestas).<\/p>\n\n\n<div class=\"wp-block-image\">\n<figure class=\"aligncenter size-full\"><img loading=\"lazy\" decoding=\"async\" width=\"459\" height=\"273\" src=\"https:\/\/observatorioarmenia.org\/site\/wp-content\/uploads\/2023\/06\/COMUNA-5-1.jpeg\" alt=\"\" class=\"wp-image-2282\" srcset=\"https:\/\/observatorioarmenia.org\/site\/wp-content\/uploads\/2023\/06\/COMUNA-5-1.jpeg 459w, https:\/\/observatorioarmenia.org\/site\/wp-content\/uploads\/2023\/06\/COMUNA-5-1-300x178.jpeg 300w\" sizes=\"auto, (max-width: 459px) 100vw, 459px\" \/><figcaption class=\"wp-element-caption\">Fuente: Secretar\u00eda de Hacienda de Armenia (2023)<\/figcaption><\/figure>\n<\/div>\n\n\n<p>Comuna 6: El principal problema de la comuna San Jos\u00e9 es la inseguridad, seguido del desempe\u00f1o institucional y el empleo (40 encuestas).<\/p>\n\n\n<div class=\"wp-block-image\">\n<figure class=\"aligncenter size-full is-resized\"><img loading=\"lazy\" decoding=\"async\" src=\"https:\/\/observatorioarmenia.org\/site\/wp-content\/uploads\/2023\/05\/COMUNA-6.png\" alt=\"\" class=\"wp-image-1936\" width=\"466\" height=\"252\" srcset=\"https:\/\/observatorioarmenia.org\/site\/wp-content\/uploads\/2023\/05\/COMUNA-6.png 729w, https:\/\/observatorioarmenia.org\/site\/wp-content\/uploads\/2023\/05\/COMUNA-6-300x163.png 300w\" sizes=\"auto, (max-width: 466px) 100vw, 466px\" \/><figcaption class=\"wp-element-caption\">Fuente: Secretar\u00eda de Hacienda de Armenia (2023)<\/figcaption><\/figure>\n<\/div>\n\n\n<p>Comuna 7: El principal problema de la comuna El Cafetero es la inseguridad, seguido por el empleo y la movilidad (41 encuestas).<\/p>\n\n\n<div class=\"wp-block-image\">\n<figure class=\"aligncenter size-full\"><img loading=\"lazy\" decoding=\"async\" width=\"546\" height=\"255\" src=\"https:\/\/observatorioarmenia.org\/site\/wp-content\/uploads\/2023\/06\/COMUNA-7.png\" alt=\"\" class=\"wp-image-2283\" srcset=\"https:\/\/observatorioarmenia.org\/site\/wp-content\/uploads\/2023\/06\/COMUNA-7.png 546w, https:\/\/observatorioarmenia.org\/site\/wp-content\/uploads\/2023\/06\/COMUNA-7-300x140.png 300w\" sizes=\"auto, (max-width: 546px) 100vw, 546px\" \/><figcaption class=\"wp-element-caption\">Fuente: Secretar\u00eda de Hacienda de Armenia (2023).<\/figcaption><\/figure>\n<\/div>\n\n\n<p>Comuna 8: El principal problema de la comuna Los Libertadores es la inseguridad y el desempe\u00f1o institucional, seguido por el empleo (40 encuestas).<\/p>\n\n\n<div class=\"wp-block-image\">\n<figure class=\"aligncenter size-full\"><img loading=\"lazy\" decoding=\"async\" width=\"550\" height=\"264\" src=\"https:\/\/observatorioarmenia.org\/site\/wp-content\/uploads\/2023\/06\/COMUNA-8.png\" alt=\"\" class=\"wp-image-2284\" srcset=\"https:\/\/observatorioarmenia.org\/site\/wp-content\/uploads\/2023\/06\/COMUNA-8.png 550w, https:\/\/observatorioarmenia.org\/site\/wp-content\/uploads\/2023\/06\/COMUNA-8-300x144.png 300w\" sizes=\"auto, (max-width: 550px) 100vw, 550px\" \/><figcaption class=\"wp-element-caption\">Fuente: Secretar\u00eda de Hacienda de Armenia (2023).<\/figcaption><\/figure>\n<\/div>\n\n\n<p>Comuna 9: El principal problema de la comuna Los Fundadores es la inseguridad, seguido por el desempe\u00f1o institucional y la movilidad (40 encuestas)<\/p>\n\n\n<div class=\"wp-block-image\">\n<figure class=\"aligncenter size-full\"><img loading=\"lazy\" decoding=\"async\" width=\"544\" height=\"245\" src=\"https:\/\/observatorioarmenia.org\/site\/wp-content\/uploads\/2023\/06\/COMUNA-9.png\" alt=\"\" class=\"wp-image-2285\" srcset=\"https:\/\/observatorioarmenia.org\/site\/wp-content\/uploads\/2023\/06\/COMUNA-9.png 544w, https:\/\/observatorioarmenia.org\/site\/wp-content\/uploads\/2023\/06\/COMUNA-9-300x135.png 300w\" sizes=\"auto, (max-width: 544px) 100vw, 544px\" \/><figcaption class=\"wp-element-caption\">Fuente: Secretar\u00eda de Hacienda de Armenia (2023).<\/figcaption><\/figure>\n<\/div>\n\n\n<p>Comuna 10: El principal problema de la comuna Quimbaya es la inseguridad, seguido de la movilidad y el desempe\u00f1o institucional (49 encuestas).<\/p>\n\n\n<div class=\"wp-block-image\">\n<figure class=\"aligncenter size-full\"><img loading=\"lazy\" decoding=\"async\" width=\"549\" height=\"219\" src=\"https:\/\/observatorioarmenia.org\/site\/wp-content\/uploads\/2023\/06\/COMUNA-10.png\" alt=\"\" class=\"wp-image-2286\" srcset=\"https:\/\/observatorioarmenia.org\/site\/wp-content\/uploads\/2023\/06\/COMUNA-10.png 549w, https:\/\/observatorioarmenia.org\/site\/wp-content\/uploads\/2023\/06\/COMUNA-10-300x120.png 300w\" sizes=\"auto, (max-width: 549px) 100vw, 549px\" \/><figcaption class=\"wp-element-caption\">Fuente: Secretar\u00eda de Hacienda de Armenia (2023).<\/figcaption><\/figure>\n<\/div>\n\n\n<p>Los resultados generales para la ciudad de Armenia indican que el problema de inseguridad es la principal preocupaci\u00f3n de la ciudadan\u00eda, le sigue la movilidad, el empleo, el desempe\u00f1o institucional, ni\u00f1ez y adolescencia, educaci\u00f3n y salud.<\/p>\n\n\n<div class=\"wp-block-image\">\n<figure class=\"aligncenter size-full\"><img loading=\"lazy\" decoding=\"async\" width=\"549\" height=\"332\" src=\"https:\/\/observatorioarmenia.org\/site\/wp-content\/uploads\/2023\/06\/TODAS.png\" alt=\"\" class=\"wp-image-2289\" srcset=\"https:\/\/observatorioarmenia.org\/site\/wp-content\/uploads\/2023\/06\/TODAS.png 549w, https:\/\/observatorioarmenia.org\/site\/wp-content\/uploads\/2023\/06\/TODAS-300x181.png 300w\" sizes=\"auto, (max-width: 549px) 100vw, 549px\" \/><figcaption class=\"wp-element-caption\">Fuente: Secretar\u00eda de Hacienda de Armenia (2023).<\/figcaption><\/figure>\n<\/div>\n\n\n<p>Consulte aqu\u00ed la estructura de la encuesta:<\/p>\n\n\n\n<p class=\"has-text-align-center\"><a href=\"https:\/\/docs.google.com\/forms\/d\/1uxub3xMJ_wTrTmA29hayzFf1PmsqaTIOTPUoOc80eFg\/prefill\">https:\/\/docs.google.com\/forms\/d\/1uxub3xMJ_wTrTmA29hayzFf1PmsqaTIOTPUoOc80eFg\/prefill<\/a><\/p>\n\n\n\n<p>II. Perfil de los resultados.<\/p>\n\n\n\n<p>Comuna 1:<\/p>\n\n\n<div class=\"wp-block-image\">\n<figure class=\"aligncenter size-large\"><img loading=\"lazy\" decoding=\"async\" width=\"1024\" height=\"475\" src=\"https:\/\/observatorioarmenia.org\/site\/wp-content\/uploads\/2023\/06\/COMUNA-1-1024x475.png\" alt=\"\" class=\"wp-image-2167\" srcset=\"https:\/\/observatorioarmenia.org\/site\/wp-content\/uploads\/2023\/06\/COMUNA-1-1024x475.png 1024w, https:\/\/observatorioarmenia.org\/site\/wp-content\/uploads\/2023\/06\/COMUNA-1-300x139.png 300w, https:\/\/observatorioarmenia.org\/site\/wp-content\/uploads\/2023\/06\/COMUNA-1-768x356.png 768w, https:\/\/observatorioarmenia.org\/site\/wp-content\/uploads\/2023\/06\/COMUNA-1.png 1153w\" sizes=\"auto, (max-width: 1024px) 100vw, 1024px\" \/><figcaption class=\"wp-element-caption\">Fuente: Secretar\u00eda de Hacienda de Armenia (2023).<\/figcaption><\/figure>\n<\/div>\n\n\n<p>Comuna 2:<\/p>\n\n\n<div class=\"wp-block-image\">\n<figure class=\"aligncenter size-large\"><img loading=\"lazy\" decoding=\"async\" width=\"1024\" height=\"495\" src=\"https:\/\/observatorioarmenia.org\/site\/wp-content\/uploads\/2023\/06\/COMUNA-2-1024x495.png\" alt=\"\" class=\"wp-image-2168\" srcset=\"https:\/\/observatorioarmenia.org\/site\/wp-content\/uploads\/2023\/06\/COMUNA-2-1024x495.png 1024w, https:\/\/observatorioarmenia.org\/site\/wp-content\/uploads\/2023\/06\/COMUNA-2-300x145.png 300w, https:\/\/observatorioarmenia.org\/site\/wp-content\/uploads\/2023\/06\/COMUNA-2-768x371.png 768w, https:\/\/observatorioarmenia.org\/site\/wp-content\/uploads\/2023\/06\/COMUNA-2.png 1047w\" sizes=\"auto, (max-width: 1024px) 100vw, 1024px\" \/><figcaption class=\"wp-element-caption\">Fuente: Secretar\u00eda de Hacienda de Armenia (2023)<\/figcaption><\/figure>\n<\/div>\n\n\n<p>Comuna 3:<\/p>\n\n\n<div class=\"wp-block-image\">\n<figure class=\"aligncenter size-large\"><img loading=\"lazy\" decoding=\"async\" width=\"1024\" height=\"495\" src=\"https:\/\/observatorioarmenia.org\/site\/wp-content\/uploads\/2023\/06\/COMUNA-3-1024x495.png\" alt=\"\" class=\"wp-image-2171\" srcset=\"https:\/\/observatorioarmenia.org\/site\/wp-content\/uploads\/2023\/06\/COMUNA-3-1024x495.png 1024w, https:\/\/observatorioarmenia.org\/site\/wp-content\/uploads\/2023\/06\/COMUNA-3-300x145.png 300w, https:\/\/observatorioarmenia.org\/site\/wp-content\/uploads\/2023\/06\/COMUNA-3-768x371.png 768w, https:\/\/observatorioarmenia.org\/site\/wp-content\/uploads\/2023\/06\/COMUNA-3.png 1047w\" sizes=\"auto, (max-width: 1024px) 100vw, 1024px\" \/><figcaption class=\"wp-element-caption\">Fuente: Secretar\u00eda de Hacienda de Armenia (2023)<\/figcaption><\/figure>\n<\/div>\n\n\n<p>Comuna 4:<\/p>\n\n\n<div class=\"wp-block-image\">\n<figure class=\"aligncenter size-large\"><img loading=\"lazy\" decoding=\"async\" width=\"1024\" height=\"574\" src=\"https:\/\/observatorioarmenia.org\/site\/wp-content\/uploads\/2023\/06\/COMUNA-4-1024x574.png\" alt=\"\" class=\"wp-image-2174\" srcset=\"https:\/\/observatorioarmenia.org\/site\/wp-content\/uploads\/2023\/06\/COMUNA-4-1024x574.png 1024w, https:\/\/observatorioarmenia.org\/site\/wp-content\/uploads\/2023\/06\/COMUNA-4-300x168.png 300w, https:\/\/observatorioarmenia.org\/site\/wp-content\/uploads\/2023\/06\/COMUNA-4-768x430.png 768w, https:\/\/observatorioarmenia.org\/site\/wp-content\/uploads\/2023\/06\/COMUNA-4.png 1076w\" sizes=\"auto, (max-width: 1024px) 100vw, 1024px\" \/><figcaption class=\"wp-element-caption\">Fuente: Secretar\u00eda de Hacienda de Armenia (2023)<\/figcaption><\/figure>\n<\/div>\n\n\n<p>Comuna 5:<\/p>\n\n\n<div class=\"wp-block-image\">\n<figure class=\"aligncenter size-large\"><img loading=\"lazy\" decoding=\"async\" width=\"1024\" height=\"473\" src=\"https:\/\/observatorioarmenia.org\/site\/wp-content\/uploads\/2023\/06\/COMUNA-5-1024x473.png\" alt=\"\" class=\"wp-image-2177\" srcset=\"https:\/\/observatorioarmenia.org\/site\/wp-content\/uploads\/2023\/06\/COMUNA-5-1024x473.png 1024w, https:\/\/observatorioarmenia.org\/site\/wp-content\/uploads\/2023\/06\/COMUNA-5-300x139.png 300w, https:\/\/observatorioarmenia.org\/site\/wp-content\/uploads\/2023\/06\/COMUNA-5-768x355.png 768w, https:\/\/observatorioarmenia.org\/site\/wp-content\/uploads\/2023\/06\/COMUNA-5.png 1082w\" sizes=\"auto, (max-width: 1024px) 100vw, 1024px\" \/><figcaption class=\"wp-element-caption\">Fuente: Secretar\u00eda de Hacienda de Armenia (2023)<\/figcaption><\/figure>\n<\/div>\n\n\n<p>Comuna 6:<\/p>\n\n\n<div class=\"wp-block-image\">\n<figure class=\"aligncenter size-large\"><img loading=\"lazy\" decoding=\"async\" width=\"1024\" height=\"543\" src=\"https:\/\/observatorioarmenia.org\/site\/wp-content\/uploads\/2023\/05\/COMUNA-6-DET-1-1024x543.png\" alt=\"\" class=\"wp-image-1958\" srcset=\"https:\/\/observatorioarmenia.org\/site\/wp-content\/uploads\/2023\/05\/COMUNA-6-DET-1-1024x543.png 1024w, https:\/\/observatorioarmenia.org\/site\/wp-content\/uploads\/2023\/05\/COMUNA-6-DET-1-300x159.png 300w, https:\/\/observatorioarmenia.org\/site\/wp-content\/uploads\/2023\/05\/COMUNA-6-DET-1-768x407.png 768w, https:\/\/observatorioarmenia.org\/site\/wp-content\/uploads\/2023\/05\/COMUNA-6-DET-1.png 1079w\" sizes=\"auto, (max-width: 1024px) 100vw, 1024px\" \/><figcaption class=\"wp-element-caption\">Fuente: Secretar\u00eda de Hacienda de Armenia (2023)<\/figcaption><\/figure>\n<\/div>\n\n\n<p>Comuna 7: <\/p>\n\n\n\n<figure class=\"wp-block-image size-large\"><img loading=\"lazy\" decoding=\"async\" width=\"1024\" height=\"450\" src=\"https:\/\/observatorioarmenia.org\/site\/wp-content\/uploads\/2023\/05\/COMUNA-7-DET-1-1024x450.png\" alt=\"\" class=\"wp-image-1955\" srcset=\"https:\/\/observatorioarmenia.org\/site\/wp-content\/uploads\/2023\/05\/COMUNA-7-DET-1-1024x450.png 1024w, https:\/\/observatorioarmenia.org\/site\/wp-content\/uploads\/2023\/05\/COMUNA-7-DET-1-300x132.png 300w, https:\/\/observatorioarmenia.org\/site\/wp-content\/uploads\/2023\/05\/COMUNA-7-DET-1-768x338.png 768w, https:\/\/observatorioarmenia.org\/site\/wp-content\/uploads\/2023\/05\/COMUNA-7-DET-1.png 1183w\" sizes=\"auto, (max-width: 1024px) 100vw, 1024px\" \/><figcaption class=\"wp-element-caption\">Fuente: Secretar\u00eda de Hacienda de Armenia (2023).<\/figcaption><\/figure>\n\n\n\n<p>Comuna 8:<\/p>\n\n\n\n<figure class=\"wp-block-image size-large\"><img loading=\"lazy\" decoding=\"async\" width=\"1024\" height=\"450\" src=\"https:\/\/observatorioarmenia.org\/site\/wp-content\/uploads\/2023\/05\/COMUNA-8-DET-1024x450.png\" alt=\"\" class=\"wp-image-1959\" srcset=\"https:\/\/observatorioarmenia.org\/site\/wp-content\/uploads\/2023\/05\/COMUNA-8-DET-1024x450.png 1024w, https:\/\/observatorioarmenia.org\/site\/wp-content\/uploads\/2023\/05\/COMUNA-8-DET-300x132.png 300w, https:\/\/observatorioarmenia.org\/site\/wp-content\/uploads\/2023\/05\/COMUNA-8-DET-768x337.png 768w, https:\/\/observatorioarmenia.org\/site\/wp-content\/uploads\/2023\/05\/COMUNA-8-DET.png 1139w\" sizes=\"auto, (max-width: 1024px) 100vw, 1024px\" \/><figcaption class=\"wp-element-caption\">Fuente: Secretar\u00eda de Hacienda de Armenia (2023)<\/figcaption><\/figure>\n\n\n\n<p>Comuna 9:<\/p>\n\n\n\n<figure class=\"wp-block-image size-large\"><img loading=\"lazy\" decoding=\"async\" width=\"1024\" height=\"560\" src=\"https:\/\/observatorioarmenia.org\/site\/wp-content\/uploads\/2023\/05\/COMUNA-9-DET-1024x560.png\" alt=\"\" class=\"wp-image-1962\" srcset=\"https:\/\/observatorioarmenia.org\/site\/wp-content\/uploads\/2023\/05\/COMUNA-9-DET-1024x560.png 1024w, https:\/\/observatorioarmenia.org\/site\/wp-content\/uploads\/2023\/05\/COMUNA-9-DET-300x164.png 300w, https:\/\/observatorioarmenia.org\/site\/wp-content\/uploads\/2023\/05\/COMUNA-9-DET-768x420.png 768w, https:\/\/observatorioarmenia.org\/site\/wp-content\/uploads\/2023\/05\/COMUNA-9-DET.png 1139w\" sizes=\"auto, (max-width: 1024px) 100vw, 1024px\" \/><figcaption class=\"wp-element-caption\">Fuente: Secretar\u00eda de Hacienda de Armenia (2023).<\/figcaption><\/figure>\n\n\n\n<p>Comuna 10:<\/p>\n\n\n<div class=\"wp-block-image\">\n<figure class=\"aligncenter size-large\"><img loading=\"lazy\" decoding=\"async\" width=\"1024\" height=\"536\" src=\"https:\/\/observatorioarmenia.org\/site\/wp-content\/uploads\/2023\/05\/COMUNA-10-DET-1024x536.png\" alt=\"\" class=\"wp-image-1966\" srcset=\"https:\/\/observatorioarmenia.org\/site\/wp-content\/uploads\/2023\/05\/COMUNA-10-DET-1024x536.png 1024w, https:\/\/observatorioarmenia.org\/site\/wp-content\/uploads\/2023\/05\/COMUNA-10-DET-300x157.png 300w, https:\/\/observatorioarmenia.org\/site\/wp-content\/uploads\/2023\/05\/COMUNA-10-DET-768x402.png 768w, https:\/\/observatorioarmenia.org\/site\/wp-content\/uploads\/2023\/05\/COMUNA-10-DET.png 1126w\" sizes=\"auto, (max-width: 1024px) 100vw, 1024px\" \/><figcaption class=\"wp-element-caption\">Fuente: Secretar\u00eda de Hacienda de Armenia (2023).<\/figcaption><\/figure>\n<\/div>","protected":false},"excerpt":{"rendered":"<p>I. Resultados encuestas. Los resultados de las encuestas de la primera fase arrojaron la siguiente informaci\u00f3n: Comuna 1: El principal problema de la comuna Centenario es la inseguridad, seguido del empleo, la movilidad y ni\u00f1ez y adolescencia (40 encuestas). Comuna 2: El principal problema de la comuna Rufino Jos\u00e9 Cuervo<\/p>\n<div class=\"continue-reading-wrapper\"><a href=\"https:\/\/observatorioarmenia.org\/site\/desde-la-comuna\/\" class=\"continue-reading\">Ampliar informaci\u00f3n<i class=\"ion-ios-arrow-right\"><\/i><\/a><\/div>\n","protected":false},"author":1,"featured_media":0,"parent":0,"menu_order":0,"comment_status":"closed","ping_status":"closed","template":"","meta":{"footnotes":""},"class_list":["post-1122","page","type-page","status-publish","hentry"],"_links":{"self":[{"href":"https:\/\/observatorioarmenia.org\/site\/wp-json\/wp\/v2\/pages\/1122","targetHints":{"allow":["GET"]}}],"collection":[{"href":"https:\/\/observatorioarmenia.org\/site\/wp-json\/wp\/v2\/pages"}],"about":[{"href":"https:\/\/observatorioarmenia.org\/site\/wp-json\/wp\/v2\/types\/page"}],"author":[{"embeddable":true,"href":"https:\/\/observatorioarmenia.org\/site\/wp-json\/wp\/v2\/users\/1"}],"replies":[{"embeddable":true,"href":"https:\/\/observatorioarmenia.org\/site\/wp-json\/wp\/v2\/comments?post=1122"}],"version-history":[{"count":50,"href":"https:\/\/observatorioarmenia.org\/site\/wp-json\/wp\/v2\/pages\/1122\/revisions"}],"predecessor-version":[{"id":2461,"href":"https:\/\/observatorioarmenia.org\/site\/wp-json\/wp\/v2\/pages\/1122\/revisions\/2461"}],"wp:attachment":[{"href":"https:\/\/observatorioarmenia.org\/site\/wp-json\/wp\/v2\/media?parent=1122"}],"curies":[{"name":"wp","href":"https:\/\/api.w.org\/{rel}","templated":true}]}}