{"id":1120,"date":"2023-02-13T11:36:59","date_gmt":"2023-02-13T16:36:59","guid":{"rendered":"https:\/\/observatorioarmenia.org\/site\/?page_id=1120"},"modified":"2025-11-12T23:36:06","modified_gmt":"2025-11-13T04:36:06","slug":"observatorios","status":"publish","type":"page","link":"https:\/\/observatorioarmenia.org\/site\/observatorios\/","title":{"rendered":"2. Observatorios"},"content":{"rendered":"\n<p>En esta secci\u00f3n encontrar\u00e1 los enlaces a los Observatorios de la Secretar\u00eda de Hacienda de la Alcald\u00eda de Armenia. Los puede ver desde esta p\u00e1gina o desde la p\u00e1gina de la Alcald\u00eda.<\/p>\n\n\n<div class=\"wp-block-image\">\n<figure class=\"aligncenter size-full is-resized\"><a href=\"https:\/\/observatorioarmenia.org\/site\/2-1-observatorio-fiscal\/\"><img loading=\"lazy\" decoding=\"async\" width=\"576\" height=\"384\" src=\"https:\/\/observatorioarmenia.org\/site\/wp-content\/uploads\/2025\/11\/FISCAL.png\" alt=\"\" class=\"wp-image-6904\" style=\"width:171px;height:auto\" srcset=\"https:\/\/observatorioarmenia.org\/site\/wp-content\/uploads\/2025\/11\/FISCAL.png 576w, https:\/\/observatorioarmenia.org\/site\/wp-content\/uploads\/2025\/11\/FISCAL-300x200.png 300w\" sizes=\"auto, (max-width: 576px) 100vw, 576px\" \/><\/a><\/figure>\n<\/div>\n\n<div class=\"wp-block-image\">\n<figure class=\"aligncenter size-full is-resized\"><a href=\"https:\/\/observatorioarmenia.org\/site\/2-2-observatorio-tributario\/\"><img loading=\"lazy\" decoding=\"async\" width=\"576\" height=\"385\" src=\"https:\/\/observatorioarmenia.org\/site\/wp-content\/uploads\/2025\/11\/TRIBUTARIO.png\" alt=\"\" class=\"wp-image-6905\" style=\"width:172px;height:auto\" srcset=\"https:\/\/observatorioarmenia.org\/site\/wp-content\/uploads\/2025\/11\/TRIBUTARIO.png 576w, https:\/\/observatorioarmenia.org\/site\/wp-content\/uploads\/2025\/11\/TRIBUTARIO-300x201.png 300w\" sizes=\"auto, (max-width: 576px) 100vw, 576px\" \/><\/a><\/figure>\n<\/div>\n\n<div class=\"wp-block-image\">\n<figure class=\"aligncenter size-full is-resized\"><a href=\"https:\/\/observatorioarmenia.org\/site\/2-3-observatorio-economico\/\"><img loading=\"lazy\" decoding=\"async\" width=\"576\" height=\"385\" src=\"https:\/\/observatorioarmenia.org\/site\/wp-content\/uploads\/2025\/11\/ECONOMICO.png\" alt=\"\" class=\"wp-image-6906\" style=\"width:173px;height:auto\" srcset=\"https:\/\/observatorioarmenia.org\/site\/wp-content\/uploads\/2025\/11\/ECONOMICO.png 576w, https:\/\/observatorioarmenia.org\/site\/wp-content\/uploads\/2025\/11\/ECONOMICO-300x201.png 300w\" sizes=\"auto, (max-width: 576px) 100vw, 576px\" \/><\/a><\/figure>\n<\/div>\n\n<div class=\"wp-block-image\">\n<figure class=\"aligncenter size-full is-resized\"><a href=\"https:\/\/observatorioarmenia.org\/site\/2-4-observatorio-inmobiliario\/\"><img loading=\"lazy\" decoding=\"async\" width=\"576\" height=\"385\" src=\"https:\/\/observatorioarmenia.org\/site\/wp-content\/uploads\/2025\/11\/INMOBILIARIO.png\" alt=\"\" class=\"wp-image-6907\" style=\"width:176px;height:auto\" srcset=\"https:\/\/observatorioarmenia.org\/site\/wp-content\/uploads\/2025\/11\/INMOBILIARIO.png 576w, https:\/\/observatorioarmenia.org\/site\/wp-content\/uploads\/2025\/11\/INMOBILIARIO-300x201.png 300w\" sizes=\"auto, (max-width: 576px) 100vw, 576px\" \/><\/a><\/figure>\n<\/div>\n\n<div class=\"wp-block-image\">\n<figure class=\"aligncenter size-full is-resized\"><a href=\"https:\/\/observatorioarmenia.org\/site\/2-5-observatorio-de-turismo-de-armenia\/\"><img loading=\"lazy\" decoding=\"async\" width=\"576\" height=\"385\" src=\"https:\/\/observatorioarmenia.org\/site\/wp-content\/uploads\/2025\/11\/DE-TURISMO.png\" alt=\"\" class=\"wp-image-6909\" style=\"width:176px;height:auto\" srcset=\"https:\/\/observatorioarmenia.org\/site\/wp-content\/uploads\/2025\/11\/DE-TURISMO.png 576w, https:\/\/observatorioarmenia.org\/site\/wp-content\/uploads\/2025\/11\/DE-TURISMO-300x201.png 300w\" sizes=\"auto, (max-width: 576px) 100vw, 576px\" \/><\/a><\/figure>\n<\/div>\n\n\n<div class=\"wp-block-buttons is-content-justification-center is-layout-flex wp-container-core-buttons-is-layout-16018d1d wp-block-buttons-is-layout-flex\">\n<div class=\"wp-block-button is-style-outline is-style-outline--1\"><a class=\"wp-block-button__link has-text-align-center wp-element-button\" href=\"https:\/\/observatorioarmenia.org\/site\/2-8-impactos-normativos\/\" target=\"_blank\" rel=\"noreferrer noopener\">Impactos Normativos<\/a><\/div>\n<\/div>\n\n\n\n<p class=\"has-text-align-center\"><\/p>\n\n\n\n<p><\/p>\n","protected":false},"excerpt":{"rendered":"<p>En esta secci\u00f3n encontrar\u00e1 los enlaces a los Observatorios de la Secretar\u00eda de Hacienda de la Alcald\u00eda de Armenia. Los puede ver desde esta p\u00e1gina o desde la p\u00e1gina de la Alcald\u00eda.<\/p>\n","protected":false},"author":1,"featured_media":0,"parent":0,"menu_order":0,"comment_status":"closed","ping_status":"closed","template":"","meta":{"footnotes":""},"class_list":["post-1120","page","type-page","status-publish","hentry"],"_links":{"self":[{"href":"https:\/\/observatorioarmenia.org\/site\/wp-json\/wp\/v2\/pages\/1120","targetHints":{"allow":["GET"]}}],"collection":[{"href":"https:\/\/observatorioarmenia.org\/site\/wp-json\/wp\/v2\/pages"}],"about":[{"href":"https:\/\/observatorioarmenia.org\/site\/wp-json\/wp\/v2\/types\/page"}],"author":[{"embeddable":true,"href":"https:\/\/observatorioarmenia.org\/site\/wp-json\/wp\/v2\/users\/1"}],"replies":[{"embeddable":true,"href":"https:\/\/observatorioarmenia.org\/site\/wp-json\/wp\/v2\/comments?post=1120"}],"version-history":[{"count":40,"href":"https:\/\/observatorioarmenia.org\/site\/wp-json\/wp\/v2\/pages\/1120\/revisions"}],"predecessor-version":[{"id":6999,"href":"https:\/\/observatorioarmenia.org\/site\/wp-json\/wp\/v2\/pages\/1120\/revisions\/6999"}],"wp:attachment":[{"href":"https:\/\/observatorioarmenia.org\/site\/wp-json\/wp\/v2\/media?parent=1120"}],"curies":[{"name":"wp","href":"https:\/\/api.w.org\/{rel}","templated":true}]}}