{"id":1119,"date":"2023-02-13T11:36:59","date_gmt":"2023-02-13T16:36:59","guid":{"rendered":"https:\/\/observatorioarmenia.org\/site\/?page_id=1119"},"modified":"2026-03-18T08:44:10","modified_gmt":"2026-03-18T13:44:10","slug":"contexto","status":"publish","type":"page","link":"https:\/\/observatorioarmenia.org\/site\/contexto\/","title":{"rendered":"1. Contexto"},"content":{"rendered":"\n<p>Esta secci\u00f3n se divide en cuatro partes:<\/p>\n\n\n\n<ul class=\"wp-block-list\">\n<li>Proyecto Armenia: explica que es Proyecto Armenia, sus objetivos, dise\u00f1o, contenido y desarrollo.<\/li>\n\n\n\n<li>Perspectiva econ\u00f3mica de Armenia. Se realizan las proyecciones econ\u00f3micas de Armenia<\/li>\n\n\n\n<li>Perspectiva econ\u00f3mica del Quind\u00edo: Se realizan las proyecciones econ\u00f3micas del Quind\u00edo<\/li>\n\n\n\n<li>Gobernanza de datos: se expone el modelo de gobernanza de datos de la entidad.<\/li>\n\n\n\n<li>Hacienda Inteligente: propuesta para el desarrollo de una Secretar\u00eda de Hacienda Inteligente<\/li>\n<\/ul>\n\n\n\n<p><\/p>\n\n\n\n<p class=\"has-vivid-cyan-blue-color has-text-color has-link-color wp-elements-83a2eb083eb6ca76652032087f47f211\"><strong><a href=\"https:\/\/observatorioarmenia.org\/site\/1-1-proyecto-armenia\/\">1.1 Proyecto Armenia<\/a><\/strong><\/p>\n\n\n\n<p class=\"has-vivid-cyan-blue-color has-text-color has-link-color wp-elements-5551bbde02ed607799dd80e880d12f1d\"><strong><a href=\"https:\/\/observatorioarmenia.org\/site\/1-2-perspectiva-economica-de-armenia\/\">1.2 Perspectiva econ\u00f3mica de Armenia<\/a><\/strong><\/p>\n\n\n\n<p class=\"has-vivid-cyan-blue-color has-text-color has-link-color wp-elements-ddc555f95f0479aec87e3830900dcda9\"><a href=\"https:\/\/observatorioarmenia.org\/site\/1-3-perspectiva-economica-del-quindio\/\"><strong>1.3 Perspectiva econ\u00f3mica del Quind\u00edo<\/strong><\/a><\/p>\n\n\n\n<p class=\"has-vivid-cyan-blue-color has-text-color has-link-color wp-elements-a533bc0187c2975331772e64bd38d60e\"><a href=\"https:\/\/observatorioarmenia.org\/site\/1-4-gobernanza-de-datos\/\" target=\"_blank\" rel=\"noreferrer noopener\"><strong>1.4 Gobernanza de datos<\/strong><\/a><\/p>\n\n\n\n<p class=\"has-vivid-cyan-blue-color has-text-color has-link-color wp-elements-3b65011fec28643e7fd368f6e5b78a85\"><a href=\"https:\/\/observatorioarmenia.org\/site\/1-5-hacienda-inteligente\/\" target=\"_blank\" rel=\"noreferrer noopener\"><strong>1.5 Hacienda Inteligente<\/strong><\/a><\/p>\n","protected":false},"excerpt":{"rendered":"<p>Esta secci\u00f3n se divide en cuatro partes: 1.1 Proyecto Armenia 1.2 Perspectiva econ\u00f3mica de Armenia 1.3 Perspectiva econ\u00f3mica del Quind\u00edo 1.4 Gobernanza de datos 1.5 Hacienda Inteligente<\/p>\n","protected":false},"author":1,"featured_media":0,"parent":0,"menu_order":0,"comment_status":"closed","ping_status":"closed","template":"","meta":{"footnotes":""},"class_list":["post-1119","page","type-page","status-publish","hentry"],"_links":{"self":[{"href":"https:\/\/observatorioarmenia.org\/site\/wp-json\/wp\/v2\/pages\/1119","targetHints":{"allow":["GET"]}}],"collection":[{"href":"https:\/\/observatorioarmenia.org\/site\/wp-json\/wp\/v2\/pages"}],"about":[{"href":"https:\/\/observatorioarmenia.org\/site\/wp-json\/wp\/v2\/types\/page"}],"author":[{"embeddable":true,"href":"https:\/\/observatorioarmenia.org\/site\/wp-json\/wp\/v2\/users\/1"}],"replies":[{"embeddable":true,"href":"https:\/\/observatorioarmenia.org\/site\/wp-json\/wp\/v2\/comments?post=1119"}],"version-history":[{"count":38,"href":"https:\/\/observatorioarmenia.org\/site\/wp-json\/wp\/v2\/pages\/1119\/revisions"}],"predecessor-version":[{"id":7657,"href":"https:\/\/observatorioarmenia.org\/site\/wp-json\/wp\/v2\/pages\/1119\/revisions\/7657"}],"wp:attachment":[{"href":"https:\/\/observatorioarmenia.org\/site\/wp-json\/wp\/v2\/media?parent=1119"}],"curies":[{"name":"wp","href":"https:\/\/api.w.org\/{rel}","templated":true}]}}